{"id":970,"date":"2020-09-18T10:25:04","date_gmt":"2020-09-18T10:25:04","guid":{"rendered":"http:\/\/usluge.ict-aac.hr\/udzbenik-pk\/\/?page_id=970"},"modified":"2020-09-18T10:25:39","modified_gmt":"2020-09-18T10:25:39","slug":"12-12-aktivnosti-za-samostalno-ucenje","status":"publish","type":"page","link":"https:\/\/usluge.ict-aac.hr\/udzbenik-pk\/?page_id=970","title":{"rendered":"12.12 Aktivnosti za samostalno u\u010denje"},"content":{"rendered":"\n<p>1. Koje su osnovne zna\u010dajke i svrha ozbiljnih igara?<\/p>\n\n\n\n<p>2. Pripada li aplikacija Cboard u kategoriju srednjetehnolo\u0161kih ili visokotehnolo\u0161kih rje\u0161enja za potpomognutu komunikaciju?<\/p>\n\n\n\n<p>3. Razmislite je li mogu\u0107e u aplikaciji Cboard izraditi komunikacijske plo\u010de samo s rije\u010dima (simbolima) sr\u017enog rje\u010dnika ili je mogu\u0107e uklju\u010diti i rije\u010di (simbole) rubnog rje\u010dnika.<\/p>\n\n\n\n<div class=\"wp-block-buttons is-layout-flex wp-block-buttons-is-layout-flex\">\n<div class=\"wp-block-button\"><a class=\"wp-block-button__link has-background\" href=\"http:\/\/usluge.ict-aac.hr\/udzbenik-pk\/\/?page_id=205\" style=\"background-color:#0292cb\">DALJE<\/a><\/div>\n<\/div>\n\n\n\n<p><\/p>\n","protected":false},"excerpt":{"rendered":"<p>1. Koje su osnovne zna\u010dajke i svrha ozbiljnih igara? 2. Pripada li aplikacija Cboard u kategoriju srednjetehnolo\u0161kih ili visokotehnolo\u0161kih rje\u0161enja za potpomognutu komunikaciju? 3. Razmislite je li mogu\u0107e u aplikaciji Cboard izraditi komunikacijske plo\u010de samo s rije\u010dima (simbolima) sr\u017enog rje\u010dnika [&hellip;]<\/p>\n","protected":false},"author":3,"featured_media":0,"parent":173,"menu_order":0,"comment_status":"closed","ping_status":"closed","template":"","meta":{"footnotes":""},"tags":[],"class_list":["post-970","page","type-page","status-publish","hentry"],"_links":{"self":[{"href":"https:\/\/usluge.ict-aac.hr\/udzbenik-pk\/index.php?rest_route=\/wp\/v2\/pages\/970","targetHints":{"allow":["GET"]}}],"collection":[{"href":"https:\/\/usluge.ict-aac.hr\/udzbenik-pk\/index.php?rest_route=\/wp\/v2\/pages"}],"about":[{"href":"https:\/\/usluge.ict-aac.hr\/udzbenik-pk\/index.php?rest_route=\/wp\/v2\/types\/page"}],"author":[{"embeddable":true,"href":"https:\/\/usluge.ict-aac.hr\/udzbenik-pk\/index.php?rest_route=\/wp\/v2\/users\/3"}],"replies":[{"embeddable":true,"href":"https:\/\/usluge.ict-aac.hr\/udzbenik-pk\/index.php?rest_route=%2Fwp%2Fv2%2Fcomments&post=970"}],"version-history":[{"count":1,"href":"https:\/\/usluge.ict-aac.hr\/udzbenik-pk\/index.php?rest_route=\/wp\/v2\/pages\/970\/revisions"}],"predecessor-version":[{"id":971,"href":"https:\/\/usluge.ict-aac.hr\/udzbenik-pk\/index.php?rest_route=\/wp\/v2\/pages\/970\/revisions\/971"}],"up":[{"embeddable":true,"href":"https:\/\/usluge.ict-aac.hr\/udzbenik-pk\/index.php?rest_route=\/wp\/v2\/pages\/173"}],"wp:attachment":[{"href":"https:\/\/usluge.ict-aac.hr\/udzbenik-pk\/index.php?rest_route=%2Fwp%2Fv2%2Fmedia&parent=970"}],"wp:term":[{"taxonomy":"post_tag","embeddable":true,"href":"https:\/\/usluge.ict-aac.hr\/udzbenik-pk\/index.php?rest_route=%2Fwp%2Fv2%2Ftags&post=970"}],"curies":[{"name":"wp","href":"https:\/\/api.w.org\/{rel}","templated":true}]}}