{"id":945,"date":"2020-09-18T10:02:07","date_gmt":"2020-09-18T10:02:07","guid":{"rendered":"http:\/\/usluge.ict-aac.hr\/udzbenik-pk\/\/?page_id=945"},"modified":"2020-09-18T10:06:39","modified_gmt":"2020-09-18T10:06:39","slug":"11-4-aktivnosti-za-samostalno-ucenje","status":"publish","type":"page","link":"https:\/\/usluge.ict-aac.hr\/udzbenik-pk\/?page_id=945","title":{"rendered":"11.4 Aktivnosti za samostalno u\u010denje"},"content":{"rendered":"\n<ol class=\"wp-block-list\" type=\"1\"><li>Zbog \u010dega intervencije koje uklju\u010duju videomodeliranje posti\u017eu uspjeh prvenstveno kod osoba s poreme\u0107ajem iz spektra autizma?<\/li><li>Koja specifi\u010dna pona\u0161anja ili vje\u0161tine prepoznajete kao potencijalne ciljeve poticanja i pou\u010davanja videomodeliranjem u svom svakodnevnom radu?<\/li><li>Zamislite \u010detverogodi\u0161nje dijete s poreme\u0107ajem iz spektra autizma koje na dolasku kod logopeda ne pozdravlja te skida jaknu i baca je na pod. Na koji na\u010din biste pou\u010dili dijete pozdravljanju i stavljanju jakne na vje\u0161alicu putem videomodeliranja?\u00a0<\/li><\/ol>\n\n\n\n<div class=\"wp-block-buttons is-layout-flex wp-block-buttons-is-layout-flex\">\n<div class=\"wp-block-button\"><a class=\"wp-block-button__link has-background\" href=\"http:\/\/usluge.ict-aac.hr\/udzbenik-pk\/\/?page_id=178\" style=\"background-color:#0292cb\">DALJE<\/a><\/div>\n<\/div>\n\n\n\n<p><\/p>\n","protected":false},"excerpt":{"rendered":"<p>Zbog \u010dega intervencije koje uklju\u010duju videomodeliranje posti\u017eu uspjeh prvenstveno kod osoba s poreme\u0107ajem iz spektra autizma? Koja specifi\u010dna pona\u0161anja ili vje\u0161tine prepoznajete kao potencijalne ciljeve poticanja i pou\u010davanja videomodeliranjem u svom svakodnevnom radu? Zamislite \u010detverogodi\u0161nje dijete s poreme\u0107ajem iz spektra [&hellip;]<\/p>\n","protected":false},"author":3,"featured_media":0,"parent":174,"menu_order":0,"comment_status":"closed","ping_status":"closed","template":"","meta":{"footnotes":""},"tags":[],"class_list":["post-945","page","type-page","status-publish","hentry"],"_links":{"self":[{"href":"https:\/\/usluge.ict-aac.hr\/udzbenik-pk\/index.php?rest_route=\/wp\/v2\/pages\/945","targetHints":{"allow":["GET"]}}],"collection":[{"href":"https:\/\/usluge.ict-aac.hr\/udzbenik-pk\/index.php?rest_route=\/wp\/v2\/pages"}],"about":[{"href":"https:\/\/usluge.ict-aac.hr\/udzbenik-pk\/index.php?rest_route=\/wp\/v2\/types\/page"}],"author":[{"embeddable":true,"href":"https:\/\/usluge.ict-aac.hr\/udzbenik-pk\/index.php?rest_route=\/wp\/v2\/users\/3"}],"replies":[{"embeddable":true,"href":"https:\/\/usluge.ict-aac.hr\/udzbenik-pk\/index.php?rest_route=%2Fwp%2Fv2%2Fcomments&post=945"}],"version-history":[{"count":1,"href":"https:\/\/usluge.ict-aac.hr\/udzbenik-pk\/index.php?rest_route=\/wp\/v2\/pages\/945\/revisions"}],"predecessor-version":[{"id":946,"href":"https:\/\/usluge.ict-aac.hr\/udzbenik-pk\/index.php?rest_route=\/wp\/v2\/pages\/945\/revisions\/946"}],"up":[{"embeddable":true,"href":"https:\/\/usluge.ict-aac.hr\/udzbenik-pk\/index.php?rest_route=\/wp\/v2\/pages\/174"}],"wp:attachment":[{"href":"https:\/\/usluge.ict-aac.hr\/udzbenik-pk\/index.php?rest_route=%2Fwp%2Fv2%2Fmedia&parent=945"}],"wp:term":[{"taxonomy":"post_tag","embeddable":true,"href":"https:\/\/usluge.ict-aac.hr\/udzbenik-pk\/index.php?rest_route=%2Fwp%2Fv2%2Ftags&post=945"}],"curies":[{"name":"wp","href":"https:\/\/api.w.org\/{rel}","templated":true}]}}