{"id":94,"date":"2020-08-26T09:00:29","date_gmt":"2020-08-26T09:00:29","guid":{"rendered":"http:\/\/usluge.ict-aac.hr\/udzbenik-pk\/\/?page_id=94"},"modified":"2021-02-17T14:41:39","modified_gmt":"2021-02-17T14:41:39","slug":"6-3-vrste-rjecnika","status":"publish","type":"page","link":"https:\/\/usluge.ict-aac.hr\/udzbenik-pk\/?page_id=94","title":{"rendered":"6.3 Vrste rje\u010dnika"},"content":{"rendered":"\n<p>Jedna od odlika PODD-a odnosi se i na zastupljenost sr\u017enog (engl. <em>core vocabulary<\/em>) i rubnog (engl. <em>fringe vocabulary<\/em>) rje\u010dnika. <strong>Sr\u017eni rje\u010dnik \u010dine visoko\u010destotne rije\u010di<\/strong> (Beukelman i Mirenda, 2005) kojima se <strong>mo\u017ee izraziti \u0161iroki raspon razvojno primjerenih komunikacijskih funkcija<\/strong> (Porter, 2007). Beukelman, Jones i Rowan (1989) navode kako 25 rije\u010di iz sr\u017enog rje\u010dnika dobivenog temeljem njihova istra\u017eivanja \u010dini 45 % cjelokupnog jezi\u010dnog uzorka, dok 250 rije\u010di \u010dini 85 % svega izre\u010denog. Sr\u017eni rje\u010dnici pojedinih jezika me\u0111usobno se razlikuju, no ve\u0107ina istra\u017eivanja u razli\u010ditim jezicima potvrdila je kako se sr\u017eni rje\u010dnik uglavnom sastoji od zamjenica, glagola i prijedloga. S druge strane, <strong>rubni rje\u010dnik \u010dine rje\u0111e kori\u0161tene rije\u010di, rije\u010di za specifi\u010dne situacije i rije\u010di koje su specifi\u010dne za svakog ponaosob<\/strong>. One omogu\u0107avaju izra\u017eavanje komunikacijskih potreba, \u017eelja i ideja koje se ne mogu izre\u0107i koriste\u0107i samo sr\u017eni rje\u010dnik (Beukelman i Mirenda, 2005). Taj rje\u010dnik odabiru sami korisnici potpomognute komunikacije ili osobe koje ih dobro poznaju, a sastoji se uglavnom od imenica i zamjenica. Kao glavna tematska podru\u010dja koja mogu poslu\u017eiti kao okvir u odabiru odgovaraju\u0107eg rubnog rje\u010dnika navode se interesi, slobodno vrijeme, svakodnevne aktivnosti te hrana i pi\u0107e (Graves, 2000). <\/p>\n\n\n\n<p>PODD komunikacijske knjige omogu\u0107uju pro\u0161irivanje i nadopunjavanje rubnog rje\u010dnika preko popisa rije\u010di koji sadr\u017ei svaka kategorija. Tako je mogu\u0107e bez zna\u010dajnih promjena u veli\u010dini i te\u017eini komunikacijske knjige upotpunjavati rje\u010dnik prema potrebama svake osobe. Rije\u010di na popisu obi\u010dno su napisane, ali mogu biti prikazane i piktografom ili crte\u017eom, te se mogu dodavati nove kad god se uka\u017ee potreba.<\/p>\n\n\n\n<div class=\"wp-block-buttons is-layout-flex wp-block-buttons-is-layout-flex\">\n<div class=\"wp-block-button\"><a class=\"wp-block-button__link has-background\" href=\"http:\/\/usluge.ict-aac.hr\/udzbenik-pk\/\/?page_id=95\" style=\"background-color:#0292cb\">DALJE<\/a><\/div>\n<\/div>\n\n\n\n<p><\/p>\n","protected":false},"excerpt":{"rendered":"<p>Jedna od odlika PODD-a odnosi se i na zastupljenost sr\u017enog (engl. core vocabulary) i rubnog (engl. fringe vocabulary) rje\u010dnika. Sr\u017eni rje\u010dnik \u010dine visoko\u010destotne rije\u010di (Beukelman i Mirenda, 2005) kojima se mo\u017ee izraziti \u0161iroki raspon razvojno primjerenih komunikacijskih funkcija (Porter, 2007). [&hellip;]<\/p>\n","protected":false},"author":1,"featured_media":0,"parent":79,"menu_order":0,"comment_status":"closed","ping_status":"closed","template":"","meta":{"footnotes":""},"tags":[],"class_list":["post-94","page","type-page","status-publish","hentry"],"_links":{"self":[{"href":"https:\/\/usluge.ict-aac.hr\/udzbenik-pk\/index.php?rest_route=\/wp\/v2\/pages\/94","targetHints":{"allow":["GET"]}}],"collection":[{"href":"https:\/\/usluge.ict-aac.hr\/udzbenik-pk\/index.php?rest_route=\/wp\/v2\/pages"}],"about":[{"href":"https:\/\/usluge.ict-aac.hr\/udzbenik-pk\/index.php?rest_route=\/wp\/v2\/types\/page"}],"author":[{"embeddable":true,"href":"https:\/\/usluge.ict-aac.hr\/udzbenik-pk\/index.php?rest_route=\/wp\/v2\/users\/1"}],"replies":[{"embeddable":true,"href":"https:\/\/usluge.ict-aac.hr\/udzbenik-pk\/index.php?rest_route=%2Fwp%2Fv2%2Fcomments&post=94"}],"version-history":[{"count":5,"href":"https:\/\/usluge.ict-aac.hr\/udzbenik-pk\/index.php?rest_route=\/wp\/v2\/pages\/94\/revisions"}],"predecessor-version":[{"id":1686,"href":"https:\/\/usluge.ict-aac.hr\/udzbenik-pk\/index.php?rest_route=\/wp\/v2\/pages\/94\/revisions\/1686"}],"up":[{"embeddable":true,"href":"https:\/\/usluge.ict-aac.hr\/udzbenik-pk\/index.php?rest_route=\/wp\/v2\/pages\/79"}],"wp:attachment":[{"href":"https:\/\/usluge.ict-aac.hr\/udzbenik-pk\/index.php?rest_route=%2Fwp%2Fv2%2Fmedia&parent=94"}],"wp:term":[{"taxonomy":"post_tag","embeddable":true,"href":"https:\/\/usluge.ict-aac.hr\/udzbenik-pk\/index.php?rest_route=%2Fwp%2Fv2%2Ftags&post=94"}],"curies":[{"name":"wp","href":"https:\/\/api.w.org\/{rel}","templated":true}]}}