{"id":934,"date":"2020-09-18T09:41:33","date_gmt":"2020-09-18T09:41:33","guid":{"rendered":"http:\/\/usluge.ict-aac.hr\/udzbenik-pk\/\/?page_id=934"},"modified":"2020-09-23T09:55:34","modified_gmt":"2020-09-23T09:55:34","slug":"10-8-aktivnosti-za-samostalno-ucenje","status":"publish","type":"page","link":"https:\/\/usluge.ict-aac.hr\/udzbenik-pk\/?page_id=934","title":{"rendered":"10.8 Aktivnosti za samostalno u\u010denje"},"content":{"rendered":"\n<ol class=\"wp-block-list\" type=\"1\"><li>Za\u0161to su se socijalne pri\u010de pokazale u\u010dinkovitima kod osoba s poreme\u0107ajem iz spektra autizma?<\/li><li>Koji je cilj socijalnih pri\u010da?<\/li><li>Za koja specifi\u010dna pona\u0161anja u svom svakodnevnom radu mislite da bi bile korisne socijalne pri\u010de?<\/li><li>\u0160to je va\u017eno napraviti prije pisanja socijalnih pri\u010da?<\/li><li>Za\u0161to je va\u017eno uklju\u010diti grafi\u010dke simbole i vizualne podra\u017eaje u socijalnu pri\u010du?<\/li><li>Zamislite petogodi\u0161nje dijete s poreme\u0107ajem iz spektra autizma koje se u dje\u010djem vrti\u0107u pri ulasku u sobu,\u00a0 nakon boravka na zraku, baca i otima te ne \u017eeli u\u0107i. Poku\u0161ajte napisati socijalnu pri\u010du u ICT \u2013 AAC aplikaciji \u00a8Pona\u0161alica\u201d.<\/li><li>Zamislite \u010detverogodi\u0161nje dijete koje u dje\u010djem vrti\u0107u otima djeci igra\u010dku koju \u017eeli te ih pritom gurne ili udari kako bi ju dobilo. Poku\u0161ajte napisati socijalnu pri\u010du u ICT \u2013 AAC aplikaciji \u00a8Pona\u0161alica\u00a8.<\/li><li>Zamislite \u0161estogodi\u0161nje dijete s poreme\u0107ajem iz spektra autizma koje se na proslavama ro\u0111endana uvijek jako uznemiri i gura slavljenika jer ono \u017eeli puhati svje\u0107ice na torti. Poku\u0161ajte napisati socijalnu pri\u010du koriste\u0107i simbole iz galerije ARAASAC.<\/li><li>Zamislite petogodi\u0161nje dijete s poreme\u0107ajem iz spektra autizma koje se kod vo\u017enje tramvajem jako uznemiri i baca po podu ukoliko nema mjesto na koje bi sjelo. Poku\u0161ajte napisati socijalnu pri\u010du u ICT\u2013AAC aplikaciji \u00a8Pona\u0161alica\u00a8.<\/li><\/ol>\n\n\n\n<div class=\"wp-block-buttons is-layout-flex wp-block-buttons-is-layout-flex\">\n<div class=\"wp-block-button\"><a class=\"wp-block-button__link has-background\" href=\"http:\/\/usluge.ict-aac.hr\/udzbenik-pk\/\/?page_id=172\" style=\"background-color:#0292cb\">DALJE<\/a><\/div>\n<\/div>\n\n\n\n<p><\/p>\n","protected":false},"excerpt":{"rendered":"<p>Za\u0161to su se socijalne pri\u010de pokazale u\u010dinkovitima kod osoba s poreme\u0107ajem iz spektra autizma? Koji je cilj socijalnih pri\u010da? Za koja specifi\u010dna pona\u0161anja u svom svakodnevnom radu mislite da bi bile korisne socijalne pri\u010de? \u0160to je va\u017eno napraviti prije pisanja [&hellip;]<\/p>\n","protected":false},"author":3,"featured_media":0,"parent":150,"menu_order":0,"comment_status":"closed","ping_status":"closed","template":"","meta":{"footnotes":""},"tags":[],"class_list":["post-934","page","type-page","status-publish","hentry"],"_links":{"self":[{"href":"https:\/\/usluge.ict-aac.hr\/udzbenik-pk\/index.php?rest_route=\/wp\/v2\/pages\/934","targetHints":{"allow":["GET"]}}],"collection":[{"href":"https:\/\/usluge.ict-aac.hr\/udzbenik-pk\/index.php?rest_route=\/wp\/v2\/pages"}],"about":[{"href":"https:\/\/usluge.ict-aac.hr\/udzbenik-pk\/index.php?rest_route=\/wp\/v2\/types\/page"}],"author":[{"embeddable":true,"href":"https:\/\/usluge.ict-aac.hr\/udzbenik-pk\/index.php?rest_route=\/wp\/v2\/users\/3"}],"replies":[{"embeddable":true,"href":"https:\/\/usluge.ict-aac.hr\/udzbenik-pk\/index.php?rest_route=%2Fwp%2Fv2%2Fcomments&post=934"}],"version-history":[{"count":5,"href":"https:\/\/usluge.ict-aac.hr\/udzbenik-pk\/index.php?rest_route=\/wp\/v2\/pages\/934\/revisions"}],"predecessor-version":[{"id":1486,"href":"https:\/\/usluge.ict-aac.hr\/udzbenik-pk\/index.php?rest_route=\/wp\/v2\/pages\/934\/revisions\/1486"}],"up":[{"embeddable":true,"href":"https:\/\/usluge.ict-aac.hr\/udzbenik-pk\/index.php?rest_route=\/wp\/v2\/pages\/150"}],"wp:attachment":[{"href":"https:\/\/usluge.ict-aac.hr\/udzbenik-pk\/index.php?rest_route=%2Fwp%2Fv2%2Fmedia&parent=934"}],"wp:term":[{"taxonomy":"post_tag","embeddable":true,"href":"https:\/\/usluge.ict-aac.hr\/udzbenik-pk\/index.php?rest_route=%2Fwp%2Fv2%2Ftags&post=934"}],"curies":[{"name":"wp","href":"https:\/\/api.w.org\/{rel}","templated":true}]}}