{"id":909,"date":"2020-09-18T08:55:53","date_gmt":"2020-09-18T08:55:53","guid":{"rendered":"http:\/\/usluge.ict-aac.hr\/udzbenik-pk\/\/?page_id=909"},"modified":"2020-09-21T18:43:57","modified_gmt":"2020-09-21T18:43:57","slug":"9-8-aktivnosti-za-samostalno-ucenje","status":"publish","type":"page","link":"https:\/\/usluge.ict-aac.hr\/udzbenik-pk\/?page_id=909","title":{"rendered":"9.8 Aktivnosti za samostalno u\u010denje"},"content":{"rendered":"\n<p>1. Objasnite pojam ekolo\u0161kog inventara u kontekstu potpomognute komunikacije.<\/p>\n\n\n\n<p>2. Navedite primjer strategijske kompetencije kod \u010detverogodi\u0161njeg dje\u010daka s dje\u010djom govornom apraksijom koji odgajateljici poku\u0161ava prenijeti poruku o svojim \u017eeljama. Dje\u010dak se dominatno slu\u017ei manualnim znakovima, no pou\u010davan je i kori\u0161tenju visokotehnolo\u0161kih oblika komunikacije.<\/p>\n\n\n\n<p>3. Istra\u017eite postoji li zakonska infrastruktura za uporabu potpomognute komunikacije u Republici Hrvatskoj. Za\u0161to je va\u017eno zakonski regulirati podru\u010dje potpomognute komunikacije?<\/p>\n\n\n\n<p>4. \u0160to je to transdisciplinarnost? Koji stru\u010dnjaci \u010dine tim oko djeteta u kontekstu potpomognute komunikacije? Koji stru\u010dnjak nedostaje u klini\u010dkoj praksi u Hrvatskoj?<\/p>\n\n\n\n<div class=\"wp-block-buttons is-layout-flex wp-block-buttons-is-layout-flex\">\n<div class=\"wp-block-button\"><a class=\"wp-block-button__link has-background\" href=\"http:\/\/usluge.ict-aac.hr\/udzbenik-pk\/\/?page_id=149\" style=\"background-color:#0292cb\">DALJE<\/a><\/div>\n<\/div>\n\n\n\n<p><\/p>\n","protected":false},"excerpt":{"rendered":"<p>1. Objasnite pojam ekolo\u0161kog inventara u kontekstu potpomognute komunikacije. 2. Navedite primjer strategijske kompetencije kod \u010detverogodi\u0161njeg dje\u010daka s dje\u010djom govornom apraksijom koji odgajateljici poku\u0161ava prenijeti poruku o svojim \u017eeljama. Dje\u010dak se dominatno slu\u017ei manualnim znakovima, no pou\u010davan je i kori\u0161tenju [&hellip;]<\/p>\n","protected":false},"author":3,"featured_media":0,"parent":136,"menu_order":0,"comment_status":"closed","ping_status":"closed","template":"","meta":{"footnotes":""},"tags":[],"class_list":["post-909","page","type-page","status-publish","hentry"],"_links":{"self":[{"href":"https:\/\/usluge.ict-aac.hr\/udzbenik-pk\/index.php?rest_route=\/wp\/v2\/pages\/909","targetHints":{"allow":["GET"]}}],"collection":[{"href":"https:\/\/usluge.ict-aac.hr\/udzbenik-pk\/index.php?rest_route=\/wp\/v2\/pages"}],"about":[{"href":"https:\/\/usluge.ict-aac.hr\/udzbenik-pk\/index.php?rest_route=\/wp\/v2\/types\/page"}],"author":[{"embeddable":true,"href":"https:\/\/usluge.ict-aac.hr\/udzbenik-pk\/index.php?rest_route=\/wp\/v2\/users\/3"}],"replies":[{"embeddable":true,"href":"https:\/\/usluge.ict-aac.hr\/udzbenik-pk\/index.php?rest_route=%2Fwp%2Fv2%2Fcomments&post=909"}],"version-history":[{"count":3,"href":"https:\/\/usluge.ict-aac.hr\/udzbenik-pk\/index.php?rest_route=\/wp\/v2\/pages\/909\/revisions"}],"predecessor-version":[{"id":1335,"href":"https:\/\/usluge.ict-aac.hr\/udzbenik-pk\/index.php?rest_route=\/wp\/v2\/pages\/909\/revisions\/1335"}],"up":[{"embeddable":true,"href":"https:\/\/usluge.ict-aac.hr\/udzbenik-pk\/index.php?rest_route=\/wp\/v2\/pages\/136"}],"wp:attachment":[{"href":"https:\/\/usluge.ict-aac.hr\/udzbenik-pk\/index.php?rest_route=%2Fwp%2Fv2%2Fmedia&parent=909"}],"wp:term":[{"taxonomy":"post_tag","embeddable":true,"href":"https:\/\/usluge.ict-aac.hr\/udzbenik-pk\/index.php?rest_route=%2Fwp%2Fv2%2Ftags&post=909"}],"curies":[{"name":"wp","href":"https:\/\/api.w.org\/{rel}","templated":true}]}}