{"id":891,"date":"2020-09-18T08:32:47","date_gmt":"2020-09-18T08:32:47","guid":{"rendered":"http:\/\/usluge.ict-aac.hr\/udzbenik-pk\/\/?page_id=891"},"modified":"2020-09-18T08:35:54","modified_gmt":"2020-09-18T08:35:54","slug":"8-8-aktivnosti-za-samostalno-ucenje","status":"publish","type":"page","link":"https:\/\/usluge.ict-aac.hr\/udzbenik-pk\/?page_id=891","title":{"rendered":"8.8 Aktivnosti za samostalno u\u010denje"},"content":{"rendered":"\n<p>1. Kod koje su djece manualni znakovi naj\u010de\u0161\u0107i oblik potpomognute komunikacije?<\/p>\n\n\n\n<p>2. Kojem obliku potpomognute komunikacije pripadaju manualni znakovi?<\/p>\n\n\n\n<p>3. Kada su se manualni znakovi po\u010deli koristiti u okviru potpomognute komunikacije?<\/p>\n\n\n\n<p>4. Koje su prednosti komunikacije manualnim znakovima?<\/p>\n\n\n\n<p>5. Koji \u010dimbenici utje\u010du na odabir manualnih znakova kao optimalnog oblika potpomognute komunikacije?<\/p>\n\n\n\n<p>6. Koja je razlika izme\u0111u geste i manualnog znaka?<\/p>\n\n\n\n<p>7. Koja je razlika izme\u0111u manualnih znakova i znakovnog jezika?<\/p>\n\n\n\n<p>8. Nabrojite fonolo\u0161ke promjene koje se javljaju u proizvodnji manualnih znakova.<\/p>\n\n\n\n<p>9. Kako je organiziran sadr\u017eaj rje\u010dnika u djece koja su izlo\u017eena znakovanju?<\/p>\n\n\n\n<p>10. Kojim pojmovima treba izlagati dijete\/osobu kojoj nudimo manualne znakove u potpomognutoj komunikaciji i s \u010dime je to u skladu?<\/p>\n\n\n\n<p>11. Navedite primjer i opi\u0161ite princip rije\u010d-znak-rije\u010d u pou\u010davanju manualnih znakova u potpomognutoj komunikaciji.<\/p>\n\n\n\n<p>12. Objasnite va\u017enost podr\u0161ke okoline u pou\u010davanju manualnih znakova u potpomognutoj komunikaciji.<\/p>\n\n\n\n<p>13. Nabrojite prednosti od kori\u0161tenja manualnih znakova u potpomognutoj komunikaciji.<\/p>\n\n\n\n<div class=\"wp-block-buttons is-layout-flex wp-block-buttons-is-layout-flex\">\n<div class=\"wp-block-button\"><a class=\"wp-block-button__link has-background\" href=\"http:\/\/usluge.ict-aac.hr\/udzbenik-pk\/\/?page_id=135\" style=\"background-color:#0292cb\">DALJE<\/a><\/div>\n<\/div>\n","protected":false},"excerpt":{"rendered":"<p>1. Kod koje su djece manualni znakovi naj\u010de\u0161\u0107i oblik potpomognute komunikacije? 2. Kojem obliku potpomognute komunikacije pripadaju manualni znakovi? 3. Kada su se manualni znakovi po\u010deli koristiti u okviru potpomognute komunikacije? 4. Koje su prednosti komunikacije manualnim znakovima? 5. Koji [&hellip;]<\/p>\n","protected":false},"author":3,"featured_media":0,"parent":118,"menu_order":0,"comment_status":"closed","ping_status":"closed","template":"","meta":{"footnotes":""},"tags":[],"class_list":["post-891","page","type-page","status-publish","hentry"],"_links":{"self":[{"href":"https:\/\/usluge.ict-aac.hr\/udzbenik-pk\/index.php?rest_route=\/wp\/v2\/pages\/891","targetHints":{"allow":["GET"]}}],"collection":[{"href":"https:\/\/usluge.ict-aac.hr\/udzbenik-pk\/index.php?rest_route=\/wp\/v2\/pages"}],"about":[{"href":"https:\/\/usluge.ict-aac.hr\/udzbenik-pk\/index.php?rest_route=\/wp\/v2\/types\/page"}],"author":[{"embeddable":true,"href":"https:\/\/usluge.ict-aac.hr\/udzbenik-pk\/index.php?rest_route=\/wp\/v2\/users\/3"}],"replies":[{"embeddable":true,"href":"https:\/\/usluge.ict-aac.hr\/udzbenik-pk\/index.php?rest_route=%2Fwp%2Fv2%2Fcomments&post=891"}],"version-history":[{"count":2,"href":"https:\/\/usluge.ict-aac.hr\/udzbenik-pk\/index.php?rest_route=\/wp\/v2\/pages\/891\/revisions"}],"predecessor-version":[{"id":897,"href":"https:\/\/usluge.ict-aac.hr\/udzbenik-pk\/index.php?rest_route=\/wp\/v2\/pages\/891\/revisions\/897"}],"up":[{"embeddable":true,"href":"https:\/\/usluge.ict-aac.hr\/udzbenik-pk\/index.php?rest_route=\/wp\/v2\/pages\/118"}],"wp:attachment":[{"href":"https:\/\/usluge.ict-aac.hr\/udzbenik-pk\/index.php?rest_route=%2Fwp%2Fv2%2Fmedia&parent=891"}],"wp:term":[{"taxonomy":"post_tag","embeddable":true,"href":"https:\/\/usluge.ict-aac.hr\/udzbenik-pk\/index.php?rest_route=%2Fwp%2Fv2%2Ftags&post=891"}],"curies":[{"name":"wp","href":"https:\/\/api.w.org\/{rel}","templated":true}]}}