{"id":876,"date":"2020-09-18T08:19:30","date_gmt":"2020-09-18T08:19:30","guid":{"rendered":"http:\/\/usluge.ict-aac.hr\/udzbenik-pk\/\/?page_id=876"},"modified":"2020-09-18T08:20:35","modified_gmt":"2020-09-18T08:20:35","slug":"7-4-aktivnosti-za-samostalno-ucenje","status":"publish","type":"page","link":"https:\/\/usluge.ict-aac.hr\/udzbenik-pk\/?page_id=876","title":{"rendered":"7.4 Aktivnosti za samostalno u\u010denje"},"content":{"rendered":"\n<p>1. Koji se sustavi potpomognute komunikacije primjenjuju u poticanju djece sa PSA-om?<\/p>\n\n\n\n<p>2. Koji su glavni razlozi zbog kojih se komunikacija putem razmjene slika (PECS) prepoznaje kao vrijedan sustav u poticanju osoba sa PSA-om?<\/p>\n\n\n\n<p>3. Koje su pripremne faze za podu\u010davanje djeteta komunikaciji putem razmjene slika?<\/p>\n\n\n\n<p>4. Razmislite kako biste podu\u010dili dijete da zahtijeva omiljene predmete od svih \u010dlanova obitelji.<\/p>\n\n\n\n<p>5. Je li sljede\u0107a tvrdnja to\u010dna:<\/p>\n\n\n\n<p>\u201eJednom izra\u0111ena komunikacijska knjiga oblikovana prema sustavu PECS, dostatna je za \u010ditav proces intervencije.\u201c<\/p>\n\n\n\n<p> DA\/NE <\/p>\n\n\n\n<p>Obrazlo\u017ei svoj odgovor: _____________________________________________________________________<\/p>\n\n\n\n<p>6. Zaokru\u017eite to\u010dne odgovore:<\/p>\n\n\n\n<p>Istra\u017eivanja su potvrdila u\u010dinkovitost PECS-a u:<\/p>\n\n\n\n<p>a) progovaranju<br>b) razumijevanju naloga<br>c) pro\u0161irivanju rje\u010dnika<br>d) smanjivanju nepo\u017eeljnih pona\u0161anja<\/p>\n\n\n\n<div class=\"wp-block-buttons is-layout-flex wp-block-buttons-is-layout-flex\">\n<div class=\"wp-block-button\"><a class=\"wp-block-button__link has-background\" href=\"http:\/\/usluge.ict-aac.hr\/udzbenik-pk\/\/?page_id=119\" style=\"background-color:#0292cb\">DALJE<\/a><\/div>\n<\/div>\n","protected":false},"excerpt":{"rendered":"<p>1. Koji se sustavi potpomognute komunikacije primjenjuju u poticanju djece sa PSA-om? 2. Koji su glavni razlozi zbog kojih se komunikacija putem razmjene slika (PECS) prepoznaje kao vrijedan sustav u poticanju osoba sa PSA-om? 3. Koje su pripremne faze za [&hellip;]<\/p>\n","protected":false},"author":3,"featured_media":0,"parent":109,"menu_order":0,"comment_status":"closed","ping_status":"closed","template":"","meta":{"footnotes":""},"tags":[],"class_list":["post-876","page","type-page","status-publish","hentry"],"_links":{"self":[{"href":"https:\/\/usluge.ict-aac.hr\/udzbenik-pk\/index.php?rest_route=\/wp\/v2\/pages\/876","targetHints":{"allow":["GET"]}}],"collection":[{"href":"https:\/\/usluge.ict-aac.hr\/udzbenik-pk\/index.php?rest_route=\/wp\/v2\/pages"}],"about":[{"href":"https:\/\/usluge.ict-aac.hr\/udzbenik-pk\/index.php?rest_route=\/wp\/v2\/types\/page"}],"author":[{"embeddable":true,"href":"https:\/\/usluge.ict-aac.hr\/udzbenik-pk\/index.php?rest_route=\/wp\/v2\/users\/3"}],"replies":[{"embeddable":true,"href":"https:\/\/usluge.ict-aac.hr\/udzbenik-pk\/index.php?rest_route=%2Fwp%2Fv2%2Fcomments&post=876"}],"version-history":[{"count":1,"href":"https:\/\/usluge.ict-aac.hr\/udzbenik-pk\/index.php?rest_route=\/wp\/v2\/pages\/876\/revisions"}],"predecessor-version":[{"id":877,"href":"https:\/\/usluge.ict-aac.hr\/udzbenik-pk\/index.php?rest_route=\/wp\/v2\/pages\/876\/revisions\/877"}],"up":[{"embeddable":true,"href":"https:\/\/usluge.ict-aac.hr\/udzbenik-pk\/index.php?rest_route=\/wp\/v2\/pages\/109"}],"wp:attachment":[{"href":"https:\/\/usluge.ict-aac.hr\/udzbenik-pk\/index.php?rest_route=%2Fwp%2Fv2%2Fmedia&parent=876"}],"wp:term":[{"taxonomy":"post_tag","embeddable":true,"href":"https:\/\/usluge.ict-aac.hr\/udzbenik-pk\/index.php?rest_route=%2Fwp%2Fv2%2Ftags&post=876"}],"curies":[{"name":"wp","href":"https:\/\/api.w.org\/{rel}","templated":true}]}}