{"id":829,"date":"2020-09-18T07:10:26","date_gmt":"2020-09-18T07:10:26","guid":{"rendered":"http:\/\/usluge.ict-aac.hr\/udzbenik-pk\/\/?page_id=829"},"modified":"2020-09-21T18:28:52","modified_gmt":"2020-09-21T18:28:52","slug":"6-6-aktivnosti-za-samostalno-ucenje","status":"publish","type":"page","link":"https:\/\/usluge.ict-aac.hr\/udzbenik-pk\/?page_id=829","title":{"rendered":"6.6 Aktivnosti za samostalno u\u010denje"},"content":{"rendered":"\n<p>1. Za koje komunikacijske funkcije je mogu\u0107e komunicirati putem PODD-a polaze\u0107i od pragmati\u010dnih ishodi\u0161ta?<\/p>\n\n\n\n<p>2. Koja obilje\u017eja PODD-a biste mogli primijeniti pri izradi vlastitih komunikacijskih knjiga?<\/p>\n\n\n\n<p>3. Objasnite ulogu komunikacijskog partnera u komunikaciji s osobom sa slo\u017eenim komunikacijskim potrebama putem PODD-a.<\/p>\n\n\n\n<p>4. Usporedite vremenski ulog u\u010denja stranog jezika kojim ste ovladali tijekom svog \u017eivota s o\u010dekivanjima koje postavljate pred osobu koja treba ovladati PODD-om.<\/p>\n\n\n\n<p>5. Zamislite situaciju u kojoj predla\u017eete djetetu \u010ditanje slikovnice. Dijete po\u010dinje negodovati vri\u0161tanjem, odguravanjem i poku\u0161ajima deranja listova slikovnice. Na temelju njegova pona\u0161anja zaklju\u010dujete kako ne \u017eeli tu aktivnost. \u0160to biste djetetu modelirali, odnosno na koje simbole biste pokazali u PODD-u (u prilogu) kako bi dijete nau\u010dilo prenijeti tu poruku?<\/p>\n\n\n\n<div class=\"wp-block-image is-style-default\"><figure class=\"aligncenter size-large is-resized\"><img loading=\"lazy\" decoding=\"async\" src=\"http:\/\/usluge.ict-aac.hr\/udzbenik-pk\/\/wp-content\/uploads\/2020\/09\/aktivnost61.jpg\" alt=\"\" class=\"wp-image-833\" width=\"470\" height=\"339\"\/><\/figure><\/div>\n\n\n\n<div class=\"wp-block-image\"><figure class=\"aligncenter size-large is-resized\"><img loading=\"lazy\" decoding=\"async\" src=\"http:\/\/usluge.ict-aac.hr\/udzbenik-pk\/\/wp-content\/uploads\/2020\/09\/aktivnost62.jpg\" alt=\"\" class=\"wp-image-834\" width=\"472\" height=\"346\"\/><\/figure><\/div>\n\n\n\n<div class=\"wp-block-image\"><figure class=\"aligncenter size-large is-resized\"><img loading=\"lazy\" decoding=\"async\" src=\"http:\/\/usluge.ict-aac.hr\/udzbenik-pk\/\/wp-content\/uploads\/2020\/09\/aktivnost63.jpg\" alt=\"\" class=\"wp-image-835\" width=\"473\" height=\"354\"\/><\/figure><\/div>\n\n\n\n<div class=\"wp-block-buttons is-layout-flex wp-block-buttons-is-layout-flex\">\n<div class=\"wp-block-button\"><a class=\"wp-block-button__link has-background\" href=\"http:\/\/usluge.ict-aac.hr\/udzbenik-pk\/\/?page_id=108\" style=\"background-color:#0292cb\">DALJE<\/a><\/div>\n<\/div>\n\n\n\n<p><\/p>\n","protected":false},"excerpt":{"rendered":"<p>1. Za koje komunikacijske funkcije je mogu\u0107e komunicirati putem PODD-a polaze\u0107i od pragmati\u010dnih ishodi\u0161ta? 2. Koja obilje\u017eja PODD-a biste mogli primijeniti pri izradi vlastitih komunikacijskih knjiga? 3. Objasnite ulogu komunikacijskog partnera u komunikaciji s osobom sa slo\u017eenim komunikacijskim potrebama putem [&hellip;]<\/p>\n","protected":false},"author":3,"featured_media":0,"parent":79,"menu_order":0,"comment_status":"closed","ping_status":"closed","template":"","meta":{"footnotes":""},"tags":[],"class_list":["post-829","page","type-page","status-publish","hentry"],"_links":{"self":[{"href":"https:\/\/usluge.ict-aac.hr\/udzbenik-pk\/index.php?rest_route=\/wp\/v2\/pages\/829","targetHints":{"allow":["GET"]}}],"collection":[{"href":"https:\/\/usluge.ict-aac.hr\/udzbenik-pk\/index.php?rest_route=\/wp\/v2\/pages"}],"about":[{"href":"https:\/\/usluge.ict-aac.hr\/udzbenik-pk\/index.php?rest_route=\/wp\/v2\/types\/page"}],"author":[{"embeddable":true,"href":"https:\/\/usluge.ict-aac.hr\/udzbenik-pk\/index.php?rest_route=\/wp\/v2\/users\/3"}],"replies":[{"embeddable":true,"href":"https:\/\/usluge.ict-aac.hr\/udzbenik-pk\/index.php?rest_route=%2Fwp%2Fv2%2Fcomments&post=829"}],"version-history":[{"count":2,"href":"https:\/\/usluge.ict-aac.hr\/udzbenik-pk\/index.php?rest_route=\/wp\/v2\/pages\/829\/revisions"}],"predecessor-version":[{"id":1326,"href":"https:\/\/usluge.ict-aac.hr\/udzbenik-pk\/index.php?rest_route=\/wp\/v2\/pages\/829\/revisions\/1326"}],"up":[{"embeddable":true,"href":"https:\/\/usluge.ict-aac.hr\/udzbenik-pk\/index.php?rest_route=\/wp\/v2\/pages\/79"}],"wp:attachment":[{"href":"https:\/\/usluge.ict-aac.hr\/udzbenik-pk\/index.php?rest_route=%2Fwp%2Fv2%2Fmedia&parent=829"}],"wp:term":[{"taxonomy":"post_tag","embeddable":true,"href":"https:\/\/usluge.ict-aac.hr\/udzbenik-pk\/index.php?rest_route=%2Fwp%2Fv2%2Ftags&post=829"}],"curies":[{"name":"wp","href":"https:\/\/api.w.org\/{rel}","templated":true}]}}