{"id":8,"date":"2020-08-26T08:08:44","date_gmt":"2020-08-26T08:08:44","guid":{"rendered":"http:\/\/usluge.ict-aac.hr\/udzbenik-pk\/\/?page_id=8"},"modified":"2021-02-17T11:39:58","modified_gmt":"2021-02-17T11:39:58","slug":"1-koncept-rane-intervencije","status":"publish","type":"page","link":"https:\/\/usluge.ict-aac.hr\/udzbenik-pk\/?page_id=8","title":{"rendered":"1. KONCEPT RANE INTERVENCIJE"},"content":{"rendered":"\n<div class=\"wp-block-group\"><div class=\"wp-block-group__inner-container is-layout-flow wp-block-group-is-layout-flow\">\n<div class=\"wp-block-group\"><div class=\"wp-block-group__inner-container is-layout-flow wp-block-group-is-layout-flow\">\n<div class=\"wp-block-group\"><div class=\"wp-block-group__inner-container is-layout-flow wp-block-group-is-layout-flow\">\n<p class=\"has-text-align-right\"><strong>Ana-Marija Boha\u010dek<\/strong><\/p>\n<\/div><\/div>\n<\/div><\/div>\n\n\n\n<p><\/p>\n<\/div><\/div>\n\n\n\n<hr class=\"wp-block-separator\"\/>\n\n\n\n<p class=\"excerpt-text\">U znanstveno-istra\u017eiva\u010dkoj zajednici vi\u0161e se ne postavlja pitanje je li rana intervencija u\u010dinkovita. Istra\u017eivanja koja su 90-ih godina donijela odgovor na to pitanje pripadaju istra\u017eivanjima tzv. prve generacije (Guralnick, 2011). Ta su istra\u017eivanja ve\u0107inom uklju\u010divala djecu s intelektualnim\u00a0 te\u0161ko\u0107ama i njihove obitelji. Njima se ukazivalo na mogu\u0107nost rane intervencije kako bi se umanjila razvojna odstupanja koja su se ina\u010de javljala kada djeca nisu bila uklju\u010dena u programe rane intervencije. Istra\u017eivanja tzv. druge generacije vi\u0161e se ne bave dokazima o u\u010dinkovitosti rane intervencije ve\u0107 trebaju odgovoriti na pitanje <strong>\u0161to je to\u010dno u\u010dinkovito<\/strong>, za koju djecu i pod kojim uvjetima.\u00a0<\/p>\n\n\n\n<div class=\"wp-block-buttons is-layout-flex wp-block-buttons-is-layout-flex\">\n<div class=\"wp-block-button is-style-fill\"><a class=\"wp-block-button__link has-background\" href=\"http:\/\/usluge.ict-aac.hr\/udzbenik-pk\/\/?page_id=10\" style=\"background-color:#0292cb\">DALJE<\/a><\/div>\n<\/div>\n\n\n\n<p>&nbsp;<\/p>\n","protected":false},"excerpt":{"rendered":"<p>Ana-Marija Boha\u010dek U znanstveno-istra\u017eiva\u010dkoj zajednici vi\u0161e se ne postavlja pitanje je li rana intervencija u\u010dinkovita. Istra\u017eivanja koja su 90-ih godina donijela odgovor na to pitanje pripadaju istra\u017eivanjima tzv. prve generacije (Guralnick, 2011). Ta su istra\u017eivanja ve\u0107inom uklju\u010divala djecu s intelektualnim\u00a0 [&hellip;]<\/p>\n","protected":false},"author":1,"featured_media":376,"parent":0,"menu_order":0,"comment_status":"closed","ping_status":"closed","template":"","meta":{"footnotes":""},"tags":[53,51],"class_list":["post-8","page","type-page","status-publish","has-post-thumbnail","hentry","tag-poglavlje-head","tag-poglavlje1"],"_links":{"self":[{"href":"https:\/\/usluge.ict-aac.hr\/udzbenik-pk\/index.php?rest_route=\/wp\/v2\/pages\/8","targetHints":{"allow":["GET"]}}],"collection":[{"href":"https:\/\/usluge.ict-aac.hr\/udzbenik-pk\/index.php?rest_route=\/wp\/v2\/pages"}],"about":[{"href":"https:\/\/usluge.ict-aac.hr\/udzbenik-pk\/index.php?rest_route=\/wp\/v2\/types\/page"}],"author":[{"embeddable":true,"href":"https:\/\/usluge.ict-aac.hr\/udzbenik-pk\/index.php?rest_route=\/wp\/v2\/users\/1"}],"replies":[{"embeddable":true,"href":"https:\/\/usluge.ict-aac.hr\/udzbenik-pk\/index.php?rest_route=%2Fwp%2Fv2%2Fcomments&post=8"}],"version-history":[{"count":20,"href":"https:\/\/usluge.ict-aac.hr\/udzbenik-pk\/index.php?rest_route=\/wp\/v2\/pages\/8\/revisions"}],"predecessor-version":[{"id":1651,"href":"https:\/\/usluge.ict-aac.hr\/udzbenik-pk\/index.php?rest_route=\/wp\/v2\/pages\/8\/revisions\/1651"}],"wp:featuredmedia":[{"embeddable":true,"href":"https:\/\/usluge.ict-aac.hr\/udzbenik-pk\/index.php?rest_route=\/wp\/v2\/media\/376"}],"wp:attachment":[{"href":"https:\/\/usluge.ict-aac.hr\/udzbenik-pk\/index.php?rest_route=%2Fwp%2Fv2%2Fmedia&parent=8"}],"wp:term":[{"taxonomy":"post_tag","embeddable":true,"href":"https:\/\/usluge.ict-aac.hr\/udzbenik-pk\/index.php?rest_route=%2Fwp%2Fv2%2Ftags&post=8"}],"curies":[{"name":"wp","href":"https:\/\/api.w.org\/{rel}","templated":true}]}}