{"id":796,"date":"2020-09-18T06:42:04","date_gmt":"2020-09-18T06:42:04","guid":{"rendered":"http:\/\/usluge.ict-aac.hr\/udzbenik-pk\/\/?page_id=796"},"modified":"2020-09-21T18:10:27","modified_gmt":"2020-09-21T18:10:27","slug":"4-10-aktivnosti-za-samostalno-ucenje","status":"publish","type":"page","link":"https:\/\/usluge.ict-aac.hr\/udzbenik-pk\/?page_id=796","title":{"rendered":"4.10 Aktivnosti za samostalno u\u010denje"},"content":{"rendered":"\n<p>1. Postoje li ograni\u010denja u oslanjanju na predsimboli\u010dka sredstva komunikacije? Poku\u0161ajte navesti primjer djeteta rane dobi koje koristi predsimboli\u010dka sredstva komunikacije tijekom boravka u dje\u010djem vrti\u0107u, kao i izazove s kojima se susre\u0107u odgajateljice u skupini.<\/p>\n\n\n\n<p>2. Objasnite svrhu Osobne komunikacijske putovnice, kao i mogu\u0107u primjenu za djecu s poreme\u0107ajem iz spektra autizma.<\/p>\n\n\n\n<p>3. Opi\u0161ite kako biste organizirali uvo\u0111enje potpomognute komunikacije kod \u010detverogodi\u0161njeg dje\u010daka koji preferira vlakove i tra\u010dnice.<\/p>\n\n\n\n<div class=\"wp-block-buttons is-layout-flex wp-block-buttons-is-layout-flex\">\n<div class=\"wp-block-button\"><a class=\"wp-block-button__link has-background\" href=\"http:\/\/usluge.ict-aac.hr\/udzbenik-pk\/\/?page_id=75\" style=\"background-color:#0292cb\">DALJE<\/a><\/div>\n<\/div>\n\n\n\n<p><\/p>\n","protected":false},"excerpt":{"rendered":"<p>1. Postoje li ograni\u010denja u oslanjanju na predsimboli\u010dka sredstva komunikacije? Poku\u0161ajte navesti primjer djeteta rane dobi koje koristi predsimboli\u010dka sredstva komunikacije tijekom boravka u dje\u010djem vrti\u0107u, kao i izazove s kojima se susre\u0107u odgajateljice u skupini. 2. Objasnite svrhu Osobne [&hellip;]<\/p>\n","protected":false},"author":3,"featured_media":0,"parent":52,"menu_order":0,"comment_status":"closed","ping_status":"closed","template":"","meta":{"footnotes":""},"tags":[],"class_list":["post-796","page","type-page","status-publish","hentry"],"_links":{"self":[{"href":"https:\/\/usluge.ict-aac.hr\/udzbenik-pk\/index.php?rest_route=\/wp\/v2\/pages\/796","targetHints":{"allow":["GET"]}}],"collection":[{"href":"https:\/\/usluge.ict-aac.hr\/udzbenik-pk\/index.php?rest_route=\/wp\/v2\/pages"}],"about":[{"href":"https:\/\/usluge.ict-aac.hr\/udzbenik-pk\/index.php?rest_route=\/wp\/v2\/types\/page"}],"author":[{"embeddable":true,"href":"https:\/\/usluge.ict-aac.hr\/udzbenik-pk\/index.php?rest_route=\/wp\/v2\/users\/3"}],"replies":[{"embeddable":true,"href":"https:\/\/usluge.ict-aac.hr\/udzbenik-pk\/index.php?rest_route=%2Fwp%2Fv2%2Fcomments&post=796"}],"version-history":[{"count":5,"href":"https:\/\/usluge.ict-aac.hr\/udzbenik-pk\/index.php?rest_route=\/wp\/v2\/pages\/796\/revisions"}],"predecessor-version":[{"id":1316,"href":"https:\/\/usluge.ict-aac.hr\/udzbenik-pk\/index.php?rest_route=\/wp\/v2\/pages\/796\/revisions\/1316"}],"up":[{"embeddable":true,"href":"https:\/\/usluge.ict-aac.hr\/udzbenik-pk\/index.php?rest_route=\/wp\/v2\/pages\/52"}],"wp:attachment":[{"href":"https:\/\/usluge.ict-aac.hr\/udzbenik-pk\/index.php?rest_route=%2Fwp%2Fv2%2Fmedia&parent=796"}],"wp:term":[{"taxonomy":"post_tag","embeddable":true,"href":"https:\/\/usluge.ict-aac.hr\/udzbenik-pk\/index.php?rest_route=%2Fwp%2Fv2%2Ftags&post=796"}],"curies":[{"name":"wp","href":"https:\/\/api.w.org\/{rel}","templated":true}]}}