{"id":79,"date":"2020-08-26T08:55:47","date_gmt":"2020-08-26T08:55:47","guid":{"rendered":"http:\/\/usluge.ict-aac.hr\/udzbenik-pk\/\/?page_id=79"},"modified":"2021-02-17T14:38:08","modified_gmt":"2021-02-17T14:38:08","slug":"6-komunikacijska-knjiga-organizirana-prema-pragmatickim-nacelima","status":"publish","type":"page","link":"https:\/\/usluge.ict-aac.hr\/udzbenik-pk\/?page_id=79","title":{"rendered":"6. KOMUNIKACIJSKA KNJIGA ORGANIZIRANA PREMA PRAGMATI\u010cKIM NA\u010cELIMA"},"content":{"rendered":"\n<div class=\"wp-block-group\"><div class=\"wp-block-group__inner-container is-layout-flow wp-block-group-is-layout-flow\">\n<p class=\"has-text-align-right\"><strong>Klara Pop\u010devi\u0107<\/strong><\/p>\n<\/div><\/div>\n\n\n\n<hr class=\"wp-block-separator\" id=\"podd\"\/>\n\n\n\n<p id=\"komunikacijska-knjiga\">Komunikacijske knjige jedan su od najra\u0161irenijih niskotehnolo\u0161kih oblika potpomognute komunikacije. One se sastoje od vi\u0161e plo\u010da\/stranica sa simbolima koje se mogu organizirati i strukturirati na razli\u010dite na\u010dine. Me\u0111u njima posebno se isti\u010de organizacija rje\u010dnika (odnosno simbola) <strong>prema pragmati\u010dkim principima<\/strong>. Najpoznatiji primjer takvog na\u010dina organizacije rje\u010dnika unutar komunikacijskih knjiga osmislila je australska logopetkinja Gayle Porter pod nazivom <strong>Pragmati\u010dka organizacija dinami\u010dkih zaslona<\/strong> (engl. <em>Pragmatic Organisation Dynamic Display<\/em>) ili skra\u0107eno PODD. Iako je PODD primarno razvijen za djecu s motori\u010dkim te\u0161ko\u0107ama, danas ga koriste \u0161irom svijeta djeca sa slo\u017eenim komunikacijskim potrebama uslijed razli\u010ditih vrsta te\u0161ko\u0107a, pa tako i djeca s poreme\u0107ajem iz spektra autizma (Porter i Cafiero, 2009). Rije\u010d je o komunikacijskom sustavu koji se u Hrvatskoj koristi rje\u0111e od nekih drugih sustava, primjerice sustava komunikacije putem razmjene slike (vi\u0161e u sljede\u0107em poglavlju), no zbog sve ve\u0107e svjesnosti o njegovim dobrobitima, postupno sve vi\u0161e prodire u hrvatsku klini\u010dku praksu.\u00a0<\/p>\n\n\n\n<div class=\"wp-block-buttons is-layout-flex wp-block-buttons-is-layout-flex\">\n<div class=\"wp-block-button\"><a class=\"wp-block-button__link has-background\" href=\"http:\/\/usluge.ict-aac.hr\/udzbenik-pk\/\/?page_id=92\" style=\"background-color:#0292cb\">DALJE<\/a><\/div>\n<\/div>\n","protected":false},"excerpt":{"rendered":"<p>Klara Pop\u010devi\u0107 Komunikacijske knjige jedan su od najra\u0161irenijih niskotehnolo\u0161kih oblika potpomognute komunikacije. One se sastoje od vi\u0161e plo\u010da\/stranica sa simbolima koje se mogu organizirati i strukturirati na razli\u010dite na\u010dine. Me\u0111u njima posebno se isti\u010de organizacija rje\u010dnika (odnosno simbola) prema pragmati\u010dkim [&hellip;]<\/p>\n","protected":false},"author":1,"featured_media":1494,"parent":0,"menu_order":0,"comment_status":"closed","ping_status":"closed","template":"","meta":{"footnotes":""},"tags":[53,61],"class_list":["post-79","page","type-page","status-publish","has-post-thumbnail","hentry","tag-poglavlje-head","tag-poglavlje6"],"_links":{"self":[{"href":"https:\/\/usluge.ict-aac.hr\/udzbenik-pk\/index.php?rest_route=\/wp\/v2\/pages\/79","targetHints":{"allow":["GET"]}}],"collection":[{"href":"https:\/\/usluge.ict-aac.hr\/udzbenik-pk\/index.php?rest_route=\/wp\/v2\/pages"}],"about":[{"href":"https:\/\/usluge.ict-aac.hr\/udzbenik-pk\/index.php?rest_route=\/wp\/v2\/types\/page"}],"author":[{"embeddable":true,"href":"https:\/\/usluge.ict-aac.hr\/udzbenik-pk\/index.php?rest_route=\/wp\/v2\/users\/1"}],"replies":[{"embeddable":true,"href":"https:\/\/usluge.ict-aac.hr\/udzbenik-pk\/index.php?rest_route=%2Fwp%2Fv2%2Fcomments&post=79"}],"version-history":[{"count":8,"href":"https:\/\/usluge.ict-aac.hr\/udzbenik-pk\/index.php?rest_route=\/wp\/v2\/pages\/79\/revisions"}],"predecessor-version":[{"id":1683,"href":"https:\/\/usluge.ict-aac.hr\/udzbenik-pk\/index.php?rest_route=\/wp\/v2\/pages\/79\/revisions\/1683"}],"wp:featuredmedia":[{"embeddable":true,"href":"https:\/\/usluge.ict-aac.hr\/udzbenik-pk\/index.php?rest_route=\/wp\/v2\/media\/1494"}],"wp:attachment":[{"href":"https:\/\/usluge.ict-aac.hr\/udzbenik-pk\/index.php?rest_route=%2Fwp%2Fv2%2Fmedia&parent=79"}],"wp:term":[{"taxonomy":"post_tag","embeddable":true,"href":"https:\/\/usluge.ict-aac.hr\/udzbenik-pk\/index.php?rest_route=%2Fwp%2Fv2%2Ftags&post=79"}],"curies":[{"name":"wp","href":"https:\/\/api.w.org\/{rel}","templated":true}]}}