{"id":78,"date":"2020-08-26T08:55:35","date_gmt":"2020-08-26T08:55:35","guid":{"rendered":"http:\/\/usluge.ict-aac.hr\/udzbenik-pk\/\/?page_id=78"},"modified":"2021-02-17T14:37:21","modified_gmt":"2021-02-17T14:37:21","slug":"5-3-literatura","status":"publish","type":"page","link":"https:\/\/usluge.ict-aac.hr\/udzbenik-pk\/?page_id=78","title":{"rendered":"5.3 Literatura"},"content":{"rendered":"\n<p>Car, \u017d. i suradnici. Digitalna tehnologija za potporu posebnim odgojno obrazovnim potrebama. Carnet, Zagreb, 2018. Dostupno na poveznici <a href=\"https:\/\/pilot.e-skole.hr\/wp-content\/uploads\/2018\/03\/Prirucnik_Digitalna-tehnologija-za-potporu-posebnim-odgojno-obrazovnim-potrebama.pdf\" target=\"_blank\" rel=\"noreferrer noopener\">https:\/\/pilot.e-skole.hr\/wp-content\/uploads\/2018\/03\/Prirucnik_Digitalna-tehnologija-za-potporu-posebnim-odgojno-obrazovnim-potrebama.pdf<\/a><\/p>\n\n\n\n<p>Gledec, G. i Car, \u017d. (2016). <em>Ergonomija u ra\u010dunarstvu<\/em> (nastavni materijali). Zagreb: Sveu\u010dili\u0161te u Zagrebu, Fakultet elektrotehnike i ra\u010dunarstva.<\/p>\n\n\n\n<p><em>ICT-AAC \u2013 Katalog znanja<\/em> (2015). Dostupno na poveznici: <a href=\"http:\/\/ict-aac.fer.unizg.hr\/index.php\/hr\/usluge\/katalog-znanja\">http:\/\/ict-aac.fer.unizg.hr\/index.php\/hr\/usluge\/katalog-znanja<\/a>.<\/p>\n\n\n\n<p><em>Pravilnik o osiguranju pristupa\u010dnosti gra\u0111evina osobama s invaliditetom i smanjenom pokretljivosti<\/em> (NN 78\/13).<\/p>\n\n\n\n<p><em>Access for All. <\/em>Dostupno na poveznici: <a href=\"http:\/\/www.accessforall.eu\/tag\/europe\/page\/2\/\" target=\"_blank\" rel=\"noreferrer noopener\">http:\/\/www.accessforall.eu\/tag\/europe\/page\/2\/<\/a><\/p>\n\n\n\n<div class=\"wp-block-buttons is-layout-flex wp-block-buttons-is-layout-flex\">\n<div class=\"wp-block-button\"><a class=\"wp-block-button__link has-background\" href=\"http:\/\/usluge.ict-aac.hr\/udzbenik-pk\/\/?page_id=79\" style=\"background-color:#0292cb\">DALJE<\/a><\/div>\n<\/div>\n\n\n\n<p><\/p>\n","protected":false},"excerpt":{"rendered":"<p>Car, \u017d. i suradnici. Digitalna tehnologija za potporu posebnim odgojno obrazovnim potrebama. Carnet, Zagreb, 2018. Dostupno na poveznici https:\/\/pilot.e-skole.hr\/wp-content\/uploads\/2018\/03\/Prirucnik_Digitalna-tehnologija-za-potporu-posebnim-odgojno-obrazovnim-potrebama.pdf Gledec, G. i Car, \u017d. (2016). Ergonomija u ra\u010dunarstvu (nastavni materijali). Zagreb: Sveu\u010dili\u0161te u Zagrebu, Fakultet elektrotehnike i ra\u010dunarstva. ICT-AAC \u2013 [&hellip;]<\/p>\n","protected":false},"author":1,"featured_media":0,"parent":76,"menu_order":0,"comment_status":"closed","ping_status":"closed","template":"","meta":{"footnotes":""},"tags":[],"class_list":["post-78","page","type-page","status-publish","hentry"],"_links":{"self":[{"href":"https:\/\/usluge.ict-aac.hr\/udzbenik-pk\/index.php?rest_route=\/wp\/v2\/pages\/78","targetHints":{"allow":["GET"]}}],"collection":[{"href":"https:\/\/usluge.ict-aac.hr\/udzbenik-pk\/index.php?rest_route=\/wp\/v2\/pages"}],"about":[{"href":"https:\/\/usluge.ict-aac.hr\/udzbenik-pk\/index.php?rest_route=\/wp\/v2\/types\/page"}],"author":[{"embeddable":true,"href":"https:\/\/usluge.ict-aac.hr\/udzbenik-pk\/index.php?rest_route=\/wp\/v2\/users\/1"}],"replies":[{"embeddable":true,"href":"https:\/\/usluge.ict-aac.hr\/udzbenik-pk\/index.php?rest_route=%2Fwp%2Fv2%2Fcomments&post=78"}],"version-history":[{"count":6,"href":"https:\/\/usluge.ict-aac.hr\/udzbenik-pk\/index.php?rest_route=\/wp\/v2\/pages\/78\/revisions"}],"predecessor-version":[{"id":1682,"href":"https:\/\/usluge.ict-aac.hr\/udzbenik-pk\/index.php?rest_route=\/wp\/v2\/pages\/78\/revisions\/1682"}],"up":[{"embeddable":true,"href":"https:\/\/usluge.ict-aac.hr\/udzbenik-pk\/index.php?rest_route=\/wp\/v2\/pages\/76"}],"wp:attachment":[{"href":"https:\/\/usluge.ict-aac.hr\/udzbenik-pk\/index.php?rest_route=%2Fwp%2Fv2%2Fmedia&parent=78"}],"wp:term":[{"taxonomy":"post_tag","embeddable":true,"href":"https:\/\/usluge.ict-aac.hr\/udzbenik-pk\/index.php?rest_route=%2Fwp%2Fv2%2Ftags&post=78"}],"curies":[{"name":"wp","href":"https:\/\/api.w.org\/{rel}","templated":true}]}}