{"id":76,"date":"2020-08-26T08:54:53","date_gmt":"2020-08-26T08:54:53","guid":{"rendered":"http:\/\/usluge.ict-aac.hr\/udzbenik-pk\/\/?page_id=76"},"modified":"2021-02-17T14:35:49","modified_gmt":"2021-02-17T14:35:49","slug":"5-temeljne-odrednice-ict-rjesenja-i-asistivnih-tehnologija","status":"publish","type":"page","link":"https:\/\/usluge.ict-aac.hr\/udzbenik-pk\/?page_id=76","title":{"rendered":"5. TEMELJNE ODREDNICE ICT RJE\u0160ENJA I ASISTIVNIH TEHNOLOGIJA"},"content":{"rendered":"\n<div class=\"wp-block-group\"><div class=\"wp-block-group__inner-container is-layout-flow wp-block-group-is-layout-flow\">\n<p class=\"has-text-align-right\"><strong>\u017deljka Car<\/strong><\/p>\n<\/div><\/div>\n\n\n\n<hr class=\"wp-block-separator\"\/>\n\n\n\n<p id=\"ict\"><strong>Informacijska i komunikacijska tehnologija<\/strong> (engl. <em>Information and Communication Technology; <\/em>skra\u0107eno ICT) podrazumijeva svu programsku i sklopovsku tehnologiju koja omogu\u0107uje prijenos i upotrebu svih vrsta informacija. Preciznije, u tu tehnologiju ubrajaju se sklopovlje, programska oprema, mre\u017ee i mediji za prikupljanje, pohranjivanje, obradu i prezentaciju svih vrsta informacija, koje mogu biti podatkovne, glasovne, slikovne, tekstualne itd. Informacijska i komunikacijska tehnologija predstavlja najprodorniju generi\u010dku tehnologiju dana\u0161njice, temelj je ekonomije te generator promjena u svim sferama dru\u0161tva 21. stolje\u0107a. Njezina primjena vidljiva je u svim granama gospodarstva i znanosti te je podloga za uspje\u0161no djelovanje dru\u0161tvenih i dr\u017eavnih struktura. Pristup informacijskim i komunikacijskim tehnologijama, sukladno <a rel=\"noreferrer noopener\" href=\"https:\/\/eur-lex.europa.eu\/legal-content\/EN\/TXT\/PDF\/?uri=CELEX:32010D0048&amp;rid=1\" target=\"_blank\">Konvenciji UN-a o pravima osoba s invaliditetom<\/a>, priznat je kao osnovno ljudsko pravo te su pod definicijom pojma <em>komunikacija<\/em> u sklopu te konvencije uklju\u010deni: jezici, prikaz teksta, Braillevo pismo, taktilna komunikacija, pristupa\u010dni mediji (pisani, auditivni), potpomognuta komunikacija i pristupa\u010dna informacijska i komunikacijska tehnologija.&nbsp;<\/p>\n\n\n\n<p id=\"pristupacnost\"><strong>Pristupa\u010dnost<\/strong>, termin koji se spominje u Konvenciji, a danas je u\u0161ao i u gotovo sva podru\u010dja dru\u0161tva, ozna\u010dava nesmetan pristup, kretanje, boravak i rad osobama s invaliditetom i smanjene pokretljivosti u gra\u0111evinama javne i poslovne namjene, a definiran je u Pravilnikom o osiguranju pristupa\u010dnosti gra\u0111evina osobama s invaliditetom i smanjenom pokretljivosti (NN 78\/13).<\/p>\n\n\n\n<p id=\"digitalna-pristupacnost\"><strong>Digitalna pristupa\u010dnost<\/strong> ozna\u010dava mjeru u kojoj su neki ra\u010dunalni program, mre\u017ena stranica ili ure\u0111aj \u2013 a koji su zasnovani na informacijskoj i komunikacijskoj tehnologiji \u2013 prihvatljivi i pogodni za kori\u0161tenje osobama s invaliditetom, kao i osobama starije \u017eivotne dobi. Digitalna pristupa\u010dnost mo\u017ee se ostvariti razvojem posebno dizajniranih ra\u010dunalnih programa ili ure\u0111aja te prilagodbom postoje\u0107ih tako da se njima mogu slu\u017eiti ove kategorije korisnika. Kori\u0161tenjem pristupa\u010dnosti u razli\u010ditim segmentima dru\u0161tva, od gra\u0111evine, preko edukacije do informacija i komunikacije, posti\u017ee se <strong>digitalna uklju\u010denost<\/strong> ili <strong>digitalna inkluzija<\/strong> koja predstavlja sva nastojanja koja se ula\u017eu kako bi se pove\u0107ao stupanj dru\u0161tvene uklju\u010denosti osoba s invaliditetom i osoba starije dobi. To se posti\u017ee prilagodbom postoje\u0107ih ili razvojem novih usluga zasnovanih na informacijskoj i komunikacijskoj tehnologiji, koje \u0107e omogu\u0107iti efikasniju komunikaciju, pristup informacijama i podr\u0161ku pri edukaciji.<\/p>\n\n\n\n<p>U kontekstu svega navedenog svakako treba spomenuti jo\u0161 nekoliko klju\u010dnih termina koji su danas \u0161iroko rasprostranjeni:<\/p>\n\n\n\n<p id=\"univerzalni-dizajn\"><strong>Univerzalni<\/strong> <strong>dizajn<\/strong> ili <strong>dizajn za sve<\/strong> je takav dizajn proizvoda i okoline koji je upotrebljiv svim ljudima u najve\u0107oj mogu\u0107oj mjeri, bez potrebe za prilagodbom. To je dizajn koji uva\u017eava razli\u010ditosti te promi\u010de dru\u0161tvenu uklju\u010denost i jednakost, s ciljem da svim ljudima omogu\u0107i ravnopravno sudjelovanje u svim dru\u0161tvenim aktivnostima [EIDD Stockholm Declaration\u00a9, 2004]. Pojmovi <em>univerzalni dizajn<\/em> i <em>dizajn za sve<\/em> imaju gotovo istovjetno zna\u010denje, pri \u010demu se razlikuju u geografskoj rasprostranjenosti naziva \u2013 <em>univerzalni\u00a0 dizajn<\/em> se koristi vi\u0161e u Americi, a <em>dizajn za sve<\/em> u Europi. U Velikoj Britaniji \u010desto se koristi i termin <em>inkluzivni dizajn<\/em>.\u00a0<\/p>\n\n\n\n<p id=\"pristupacni-dizajn\"><strong>Pristupa\u010dni dizajn<\/strong> je dizajn proizvoda s posebnim naglaskom na mogu\u0107nosti i potrebe osoba s invaliditetom i naj\u010de\u0161\u0107e ozna\u010dava proizvode koji su prvenstveno i namijenjeni osobama s invaliditetom, \u0161to ne isklju\u010duje ostalu populaciju. Pojam tako\u0111er ozna\u010dava funkcionalnosti ugra\u0111ene u postoje\u0107e proizvode i usluge namijenjene \u0161irokom tr\u017ei\u0161tu (<strong>Slika 1<\/strong>), a koji omogu\u0107uju osobama s invaliditetom da ih samostalno koriste (Gledec i Car, 2018). Primjer su neke od pristupa\u010dnih opcija na pametnim telefonima koje poma\u017eu i npr. u vo\u017enji te u svakoj drugoj situaciji kad ni osoba bez invaliditeta nije u mogu\u0107nosti funkcionirati na standardni\/uobi\u010dajeni na\u010din. U tim situacijama osobe su <strong>kontekstualno onesposobljene<\/strong>, primjerice kada voze, objema rukama prenose teret, koriste pametne telefone ili mobitele, no\u0107u i sl.<\/p>\n\n\n\n<div class=\"wp-block-image\"><figure class=\"aligncenter size-large is-resized\"><img loading=\"lazy\" decoding=\"async\" src=\"http:\/\/usluge.ict-aac.hr\/udzbenik-pk\/\/wp-content\/uploads\/2020\/09\/34.jpg\" alt=\"Osoba u invalidskim kolicima stoji ispred stepenica\" class=\"wp-image-562\" width=\"311\" height=\"467\"\/><\/figure><\/div>\n\n\n\n<div class=\"wp-block-image\"><figure class=\"aligncenter size-large is-resized\"><img loading=\"lazy\" decoding=\"async\" src=\"http:\/\/usluge.ict-aac.hr\/udzbenik-pk\/\/wp-content\/uploads\/2020\/09\/35.jpg\" alt=\"Rampa uz stepeni\u0161te za pristup osobama u kolicima\" class=\"wp-image-563\" width=\"313\" height=\"209\"\/><figcaption><strong>Slika 1<\/strong>. Pristupa\u010dnost gra\u0111evinskih objekata &#8211; nije zadovoljena (gore), rampa za pristup (dolje)<\/figcaption><\/figure><\/div>\n\n\n\n<p id=\"asistivna-tehnologija\"><strong>Asistivna tehnologija<\/strong> uklju\u010duje sve ure\u0111aje, opremu, ra\u010dunalne programe ili druge proizvode za pove\u0107anje, odr\u017eavanje ili pobolj\u0161anje funkcionalnih sposobnosti osoba s invaliditetom (<a rel=\"noreferrer noopener\" href=\"https:\/\/www.atia.org\/at-resources\/what-is-at\/\" target=\"_blank\">poveznica na izvor<\/a>).<sup>.  <\/sup>Asistivna tehnologija mo\u017ee se podijeliti, s obzirom na funkcionalnost i podr\u0161ku korisniku, na tehnologiju za:&nbsp;<\/p>\n\n\n\n<ul class=\"wp-block-list\"><li>stabilnost, sjedenje i pokretljivost;<\/li><li>opremanje radnog mjesta;<\/li><li>komunikaciju (usmenu i pisanu);<\/li><li>pristup ra\u010dunalu;<\/li><li>prevladavanje te\u0161ko\u0107a u u\u010denju (te\u0161ko\u0107a u \u010ditanju i ra\u010dunanju);<\/li><li>potpomaganje ili zamjenu vida;<\/li><li>potpomaganje ili zamjenu sluha;<\/li><li>obavljanje svakodnevnih \u017eivotnih aktivnosti i upravljanje ure\u0111ajima u okolini;<\/li><li>odmor i rekreaciju.<\/li><\/ul>\n\n\n\n<p>Osim termina nisko i visokotehnolo\u0161ka sredstva potpomognute komunikacije, u literaturi se nalazi istovjetna podjela koja se odnosi na nisko i visokotehnolo\u0161ku asistivnu tehnologiju<strong>. Niskotehnolo\u0161ka asistivna tehnologija<\/strong> su svi proizvodi od papira ili tkanine, a primjeri niskotehnolo\u0161ke komunikacijske knjige i vizualnog rasporeda prikazani su na <strong>Slici 2<\/strong>.<\/p>\n\n\n\n<div class=\"wp-block-image\"><figure class=\"aligncenter size-large is-resized\"><img loading=\"lazy\" decoding=\"async\" src=\"http:\/\/usluge.ict-aac.hr\/udzbenik-pk\/\/wp-content\/uploads\/2020\/09\/36.jpg\" alt=\"Komunikacijska knjiga na stolu ispred dje\u010daka koji prua simbol odrasloj osobi.\" class=\"wp-image-564\" width=\"498\" height=\"340\"\/><\/figure><\/div>\n\n\n\n<div class=\"wp-block-image\"><figure class=\"aligncenter size-large is-resized\"><img loading=\"lazy\" decoding=\"async\" src=\"http:\/\/usluge.ict-aac.hr\/udzbenik-pk\/\/wp-content\/uploads\/2020\/09\/37.jpg\" alt=\"\" class=\"wp-image-565\" width=\"498\" height=\"378\"\/><figcaption><strong>Slika 2.<\/strong> Niskotehnolo\u0161ka asistivna tehnologija<\/figcaption><\/figure><\/div>\n\n\n\n<p><strong>Visokotehnolo\u0161ka asistivna tehnologija<\/strong> podrazumijeva ure\u0111aje koji u sebi sadr\u017ee procesore i memoriju (<strong>Slika 3<\/strong>). Asistivno ra\u010dunalno sklopovlje obuhva\u0107a posebne sklopke, tipkovnice, zaslone i vanjske ure\u0111aje za komunikaciju s ra\u010dunalom. Asistivna ra\u010dunalna programska podr\u0161ka su \u010dita\u010di zaslona i komunikacijski programi. Tako\u0111er, postoji posebna programska podr\u0161ka i digitalizirani prilago\u0111eni materijali za podr\u0161ku komunikaciji ili podu\u010davanju djece s razvojnim odstupanjima i te\u0161ko\u0107ama.<\/p>\n\n\n\n<div class=\"wp-block-image\"><figure class=\"aligncenter size-large is-resized\"><img loading=\"lazy\" decoding=\"async\" src=\"http:\/\/usluge.ict-aac.hr\/udzbenik-pk\/\/wp-content\/uploads\/2020\/09\/38-1.jpg\" alt=\"\" class=\"wp-image-566\" width=\"508\" height=\"337\"\/><figcaption><strong>Slika 3. <\/strong>Primjena visokotehnolo\u0161ke asistivne tehnologije: tablet kao pomagalo pri poticanju izbora izme\u0111u dvije aktivnosti<\/figcaption><\/figure><\/div>\n\n\n\n<p>S obzirom na to da se pod pojmom potpomognuta komunikacija smatra komunikacijski proces potpomognut nekim zamjenskim (alternativnim) sredstvima ili poja\u010davanjem (augmentacijom) postoje\u0107ih sredstava, svaka primjena informacijske i komunikacijske tehnologije u kontekstu edukacije ili komunikacije osoba s invaliditetom, te uz adekvatnu programsku podr\u0161ku i sadr\u017eajnu prilagodbu, mo\u017ee se smatrati dijelom asistivne tehnologijom za potpomognutu komunikaciju. Upotreba <strong>potpomognute komunikacije zasnovane na informacijskoj i komunikacijskoj tehnologiji<\/strong> mo\u017ee zna\u010dajno unaprijediti kvalitetu \u017eivota osoba s te\u0161ko\u0107ama, omogu\u0107iti im ravnopravnije sudjelovanje u dru\u0161tvu, bolje obrazovanje te ve\u0107u razinu samostalnosti.<\/p>\n\n\n\n<div class=\"wp-block-image\"><figure class=\"aligncenter size-large is-resized\"><img loading=\"lazy\" decoding=\"async\" src=\"http:\/\/usluge.ict-aac.hr\/udzbenik-pk\/\/wp-content\/uploads\/2020\/09\/40-1.jpg\" alt=\"Osoba u invalidskim kolicima i druga osoba dr\u017ei pametni telefon u rukama.\" class=\"wp-image-572\" width=\"501\" height=\"334\"\/><figcaption><strong>Slika 4.<\/strong> Informacijska i komunikacijska tehnologija kao asistivna tehnologija<\/figcaption><\/figure><\/div>\n\n\n\n<div class=\"wp-block-buttons is-layout-flex wp-block-buttons-is-layout-flex\">\n<div class=\"wp-block-button\"><a class=\"wp-block-button__link has-background\" href=\"http:\/\/usluge.ict-aac.hr\/udzbenik-pk\/\/?page_id=77\" style=\"background-color:#0292cb\">DALJE<\/a><\/div>\n<\/div>\n\n\n\n<p><\/p>\n","protected":false},"excerpt":{"rendered":"<p>\u017deljka Car Informacijska i komunikacijska tehnologija (engl. Information and Communication Technology; skra\u0107eno ICT) podrazumijeva svu programsku i sklopovsku tehnologiju koja omogu\u0107uje prijenos i upotrebu svih vrsta informacija. Preciznije, u tu tehnologiju ubrajaju se sklopovlje, programska oprema, mre\u017ee i mediji za [&hellip;]<\/p>\n","protected":false},"author":1,"featured_media":407,"parent":0,"menu_order":0,"comment_status":"closed","ping_status":"closed","template":"","meta":{"footnotes":""},"tags":[53,60],"class_list":["post-76","page","type-page","status-publish","has-post-thumbnail","hentry","tag-poglavlje-head","tag-poglavlje5"],"_links":{"self":[{"href":"https:\/\/usluge.ict-aac.hr\/udzbenik-pk\/index.php?rest_route=\/wp\/v2\/pages\/76","targetHints":{"allow":["GET"]}}],"collection":[{"href":"https:\/\/usluge.ict-aac.hr\/udzbenik-pk\/index.php?rest_route=\/wp\/v2\/pages"}],"about":[{"href":"https:\/\/usluge.ict-aac.hr\/udzbenik-pk\/index.php?rest_route=\/wp\/v2\/types\/page"}],"author":[{"embeddable":true,"href":"https:\/\/usluge.ict-aac.hr\/udzbenik-pk\/index.php?rest_route=\/wp\/v2\/users\/1"}],"replies":[{"embeddable":true,"href":"https:\/\/usluge.ict-aac.hr\/udzbenik-pk\/index.php?rest_route=%2Fwp%2Fv2%2Fcomments&post=76"}],"version-history":[{"count":23,"href":"https:\/\/usluge.ict-aac.hr\/udzbenik-pk\/index.php?rest_route=\/wp\/v2\/pages\/76\/revisions"}],"predecessor-version":[{"id":1680,"href":"https:\/\/usluge.ict-aac.hr\/udzbenik-pk\/index.php?rest_route=\/wp\/v2\/pages\/76\/revisions\/1680"}],"wp:featuredmedia":[{"embeddable":true,"href":"https:\/\/usluge.ict-aac.hr\/udzbenik-pk\/index.php?rest_route=\/wp\/v2\/media\/407"}],"wp:attachment":[{"href":"https:\/\/usluge.ict-aac.hr\/udzbenik-pk\/index.php?rest_route=%2Fwp%2Fv2%2Fmedia&parent=76"}],"wp:term":[{"taxonomy":"post_tag","embeddable":true,"href":"https:\/\/usluge.ict-aac.hr\/udzbenik-pk\/index.php?rest_route=%2Fwp%2Fv2%2Ftags&post=76"}],"curies":[{"name":"wp","href":"https:\/\/api.w.org\/{rel}","templated":true}]}}