{"id":68,"date":"2020-08-26T08:53:08","date_gmt":"2020-08-26T08:53:08","guid":{"rendered":"http:\/\/usluge.ict-aac.hr\/udzbenik-pk\/\/?page_id=68"},"modified":"2020-09-18T06:45:27","modified_gmt":"2020-09-18T06:45:27","slug":"4-9-zakljucak","status":"publish","type":"page","link":"https:\/\/usluge.ict-aac.hr\/udzbenik-pk\/?page_id=68","title":{"rendered":"4.9 Zaklju\u010dak"},"content":{"rendered":"\n<p>Mnoga djeca koja ne mogu komunicirati govorom razvijaju predsimboli\u010dke na\u010dine komuniciranja koje mogu razumjeti ili opa\u017eati samo osobe koje skrbe o njima. Va\u017eno je da pru\u017eatelji usluga polaze od pretpostavke da sva djeca komuniciraju. Najbolje prakse za <em>predsimboli\u010dke komunikatore<\/em> uklju\u010duju rad sa skrbnicima na stvaranju sveobuhvatnog sa\u017eetka djetetovih metoda neverbalne komunikacije te dijeljenje tih metoda s ve\u0107im brojem osoba kako bi dijete moglo ostvariti uspje\u0161ne komunikacijske interakcije s vi\u0161e osoba i u vi\u0161e razli\u010ditih okru\u017eenja. Na kraju, planovi intervencija osmi\u0161ljeni za podu\u010davanje novih komunikacijskih metoda trebaju se rukovoditi najboljim interesima djeteta i temeljiti na porukama komuniciranima uz primjenu neverbalnih metoda.<\/p>\n\n\n\n<div class=\"wp-block-buttons is-layout-flex wp-block-buttons-is-layout-flex\">\n<div class=\"wp-block-button\"><a class=\"wp-block-button__link has-background\" href=\"http:\/\/usluge.ict-aac.hr\/udzbenik-pk\/\/?page_id=796\" style=\"background-color:#0292cb\">DALJE<\/a><\/div>\n<\/div>\n\n\n\n<p><\/p>\n","protected":false},"excerpt":{"rendered":"<p>Mnoga djeca koja ne mogu komunicirati govorom razvijaju predsimboli\u010dke na\u010dine komuniciranja koje mogu razumjeti ili opa\u017eati samo osobe koje skrbe o njima. Va\u017eno je da pru\u017eatelji usluga polaze od pretpostavke da sva djeca komuniciraju. Najbolje prakse za predsimboli\u010dke komunikatore uklju\u010duju [&hellip;]<\/p>\n","protected":false},"author":1,"featured_media":0,"parent":52,"menu_order":0,"comment_status":"closed","ping_status":"closed","template":"","meta":{"footnotes":""},"tags":[],"class_list":["post-68","page","type-page","status-publish","hentry"],"_links":{"self":[{"href":"https:\/\/usluge.ict-aac.hr\/udzbenik-pk\/index.php?rest_route=\/wp\/v2\/pages\/68","targetHints":{"allow":["GET"]}}],"collection":[{"href":"https:\/\/usluge.ict-aac.hr\/udzbenik-pk\/index.php?rest_route=\/wp\/v2\/pages"}],"about":[{"href":"https:\/\/usluge.ict-aac.hr\/udzbenik-pk\/index.php?rest_route=\/wp\/v2\/types\/page"}],"author":[{"embeddable":true,"href":"https:\/\/usluge.ict-aac.hr\/udzbenik-pk\/index.php?rest_route=\/wp\/v2\/users\/1"}],"replies":[{"embeddable":true,"href":"https:\/\/usluge.ict-aac.hr\/udzbenik-pk\/index.php?rest_route=%2Fwp%2Fv2%2Fcomments&post=68"}],"version-history":[{"count":3,"href":"https:\/\/usluge.ict-aac.hr\/udzbenik-pk\/index.php?rest_route=\/wp\/v2\/pages\/68\/revisions"}],"predecessor-version":[{"id":803,"href":"https:\/\/usluge.ict-aac.hr\/udzbenik-pk\/index.php?rest_route=\/wp\/v2\/pages\/68\/revisions\/803"}],"up":[{"embeddable":true,"href":"https:\/\/usluge.ict-aac.hr\/udzbenik-pk\/index.php?rest_route=\/wp\/v2\/pages\/52"}],"wp:attachment":[{"href":"https:\/\/usluge.ict-aac.hr\/udzbenik-pk\/index.php?rest_route=%2Fwp%2Fv2%2Fmedia&parent=68"}],"wp:term":[{"taxonomy":"post_tag","embeddable":true,"href":"https:\/\/usluge.ict-aac.hr\/udzbenik-pk\/index.php?rest_route=%2Fwp%2Fv2%2Ftags&post=68"}],"curies":[{"name":"wp","href":"https:\/\/api.w.org\/{rel}","templated":true}]}}