{"id":651,"date":"2020-09-17T12:50:32","date_gmt":"2020-09-17T12:50:32","guid":{"rendered":"http:\/\/usluge.ict-aac.hr\/udzbenik-pk\/\/?page_id=651"},"modified":"2020-09-18T06:30:18","modified_gmt":"2020-09-18T06:30:18","slug":"3-6-aktivnosti-za-samostalno-ucenje","status":"publish","type":"page","link":"https:\/\/usluge.ict-aac.hr\/udzbenik-pk\/?page_id=651","title":{"rendered":"3.6 Aktivnosti za samostalno u\u010denje"},"content":{"rendered":"\n<p>1. Zbog \u010dega je va\u017eno u proces rane intervencije uvesti i metode potpomognute komunikacije?<\/p>\n\n\n\n<p>2. Koja je mogu\u0107a uloga tehnologije u poticanju komunikacije?<\/p>\n\n\n\n<p>3. Navedite na\u010dela u primjeni potpomognute komunikacije u ranoj intervenciji (prema Drager i sur., 2010.).<\/p>\n\n\n\n<p>4. \u0160to se smatra tzv. generativnom jezi\u010dnom proizvodnjom?<\/p>\n\n\n\n<p>5. U jezi\u010dnom razvoju djeca najprije se koriste jedno\u010dlanim iskazima. Za\u0161to iskaz poput \u201eMolim te, daj mi \u010da\u0161u.\u201c nije primjeren razvojni korak u poticanju jezi\u010dne proizvodnje? Smislite nekoliko primjerenijih iskaza koje biste uklju\u010dili kao cilj poticanja nakon \u0161to dijete ovlada jedno\u010dlanim iskazima.<\/p>\n\n\n\n<p>6. Zbog \u010dega gomilanje imenica u komunikacijskoj knjizi djeteta nije poticajno za razvoj jezika?<\/p>\n\n\n\n<p>7. Jesu li sljede\u0107e tvrdnje to\u010dne:<\/p>\n\n\n\n<p>a) \u201eKada dijete po\u010dne koristiti komunikacijsku knjigu s grafi\u010dkim simbolima, treba ignorirati sve geste koje je do tada nau\u010dilo te ustrajati da umjesto njih koristi simbole iz komunikacijske knjige.\u201c<\/p>\n\n\n\n<p>\u00a0To\u010dno\/Neto\u010dno<\/p>\n\n\n\n<p><em>\u00a0Obrazlo\u017ei svoj odgovor<\/em> _________________________________________________________<\/p>\n\n\n\n<p>b) \u201eKako bi \u0161to \u010de\u0161\u0107e koristilo komunikacijsku knjigu, djetetu treba postavljati \u0161to vi\u0161e pitanja tijekom interakcija s njim.\u201c<\/p>\n\n\n\n<p>\u00a0To\u010dno\/Neto\u010dno<\/p>\n\n\n\n<p><em>\u00a0Obrazlo\u017ei svoj odgovor<\/em> _________________________________________________________<\/p>\n\n\n\n<p>8. \u0160to mislite o tvrdnji da modeliranje uporabe potpomognute komunikacije tijekom igre naru\u0161ava spontanost igre i interakcija s djetetom?<\/p>\n\n\n\n<p>9. Kako uz pomo\u0107 grafi\u010dkih simbola mo\u017eete poticati jezi\u010dno razumijevanje? Navedite primjer.<\/p>\n\n\n\n<p>10. Trogodi\u0161nji dje\u010dak urednih kognitivnih i komunikacijskih sposobnosti ne slijedi dje\u010dake u pogledu razvoja jezika i govora. U komunikaciji s okolinom koristi svega nekoliko fonolo\u0161ki jednostavnih rije\u010di. Kako biste organizirali uvo\u0111enje potpomognute komunikacije kod ovog dje\u010daka uzimaju\u0107i u obzir koncept multimodalnosti?<\/p>\n\n\n\n<div class=\"wp-block-buttons is-layout-flex wp-block-buttons-is-layout-flex\">\n<div class=\"wp-block-button\"><a class=\"wp-block-button__link has-background\" href=\"http:\/\/usluge.ict-aac.hr\/udzbenik-pk\/\/?page_id=49\" style=\"background-color:#0292cb\">DALJE<\/a><\/div>\n<\/div>\n\n\n\n<p><\/p>\n","protected":false},"excerpt":{"rendered":"<p>1. Zbog \u010dega je va\u017eno u proces rane intervencije uvesti i metode potpomognute komunikacije? 2. Koja je mogu\u0107a uloga tehnologije u poticanju komunikacije? 3. Navedite na\u010dela u primjeni potpomognute komunikacije u ranoj intervenciji (prema Drager i sur., 2010.). 4. \u0160to [&hellip;]<\/p>\n","protected":false},"author":3,"featured_media":0,"parent":32,"menu_order":0,"comment_status":"closed","ping_status":"closed","template":"","meta":{"footnotes":""},"tags":[],"class_list":["post-651","page","type-page","status-publish","hentry"],"_links":{"self":[{"href":"https:\/\/usluge.ict-aac.hr\/udzbenik-pk\/index.php?rest_route=\/wp\/v2\/pages\/651","targetHints":{"allow":["GET"]}}],"collection":[{"href":"https:\/\/usluge.ict-aac.hr\/udzbenik-pk\/index.php?rest_route=\/wp\/v2\/pages"}],"about":[{"href":"https:\/\/usluge.ict-aac.hr\/udzbenik-pk\/index.php?rest_route=\/wp\/v2\/types\/page"}],"author":[{"embeddable":true,"href":"https:\/\/usluge.ict-aac.hr\/udzbenik-pk\/index.php?rest_route=\/wp\/v2\/users\/3"}],"replies":[{"embeddable":true,"href":"https:\/\/usluge.ict-aac.hr\/udzbenik-pk\/index.php?rest_route=%2Fwp%2Fv2%2Fcomments&post=651"}],"version-history":[{"count":4,"href":"https:\/\/usluge.ict-aac.hr\/udzbenik-pk\/index.php?rest_route=\/wp\/v2\/pages\/651\/revisions"}],"predecessor-version":[{"id":788,"href":"https:\/\/usluge.ict-aac.hr\/udzbenik-pk\/index.php?rest_route=\/wp\/v2\/pages\/651\/revisions\/788"}],"up":[{"embeddable":true,"href":"https:\/\/usluge.ict-aac.hr\/udzbenik-pk\/index.php?rest_route=\/wp\/v2\/pages\/32"}],"wp:attachment":[{"href":"https:\/\/usluge.ict-aac.hr\/udzbenik-pk\/index.php?rest_route=%2Fwp%2Fv2%2Fmedia&parent=651"}],"wp:term":[{"taxonomy":"post_tag","embeddable":true,"href":"https:\/\/usluge.ict-aac.hr\/udzbenik-pk\/index.php?rest_route=%2Fwp%2Fv2%2Ftags&post=651"}],"curies":[{"name":"wp","href":"https:\/\/api.w.org\/{rel}","templated":true}]}}