{"id":65,"date":"2020-08-26T08:52:22","date_gmt":"2020-08-26T08:52:22","guid":{"rendered":"http:\/\/usluge.ict-aac.hr\/udzbenik-pk\/\/?page_id=65"},"modified":"2021-02-16T15:04:40","modified_gmt":"2021-02-16T15:04:40","slug":"4-6-osobna-komunikacijska-putovnica","status":"publish","type":"page","link":"https:\/\/usluge.ict-aac.hr\/udzbenik-pk\/?page_id=65","title":{"rendered":"4.6 Osobna komunikacijska putovnica"},"content":{"rendered":"\n<p id=\"komunikacijska-putovnica\">Drugi besplatan alat za prikupljanje sveobuhvatnih informacija o komunikaciji pojedinca je osobna komunikacijska putovnica. Putovnica je knji\u017eica naj\u010de\u0161\u0107e pisana u prvom licu koja <strong>pru\u017ea dodatne informacije o toj osobi<\/strong>: na\u010dine na koje se osobi najbolje mo\u017ee pru\u017eiti podr\u0161ka, \u0161to voli ili ne voli, tko i \u0161to joj je va\u017eno, kao i svi na\u010dini na koje osoba komunicira. Knji\u017eica mo\u017ee biti pripremljena za konkretnu situaciju. <strong>Slika 1<\/strong> prikazuje komunikacijsku putovnicu posebno napravljenu za kori\u0161tenje u bolnici, kako bi osoblje nau\u010dilo kako dijete komunicira.<\/p>\n\n\n\n<figure class=\"wp-block-image size-large\"><img loading=\"lazy\" decoding=\"async\" width=\"2343\" height=\"3212\" src=\"http:\/\/usluge.ict-aac.hr\/udzbenik-pk\/\/wp-content\/uploads\/2020\/09\/Komunikacijska-putovnica_hr-002.png\" alt=\"\" class=\"wp-image-1276\"\/><figcaption><strong>Slika 1.<\/strong> Obrazac osobne komunikacijske putovnice (prevela Ru\u017eica Magu\u0161i\u0107 [*])<\/figcaption><\/figure>\n\n\n\n<p>[*] Mogu\u0107e pristupiti preko mre\u017ene stranice: <a href=\"https:\/\/www.communicationpassports.org.uk\/\">https:\/\/www.communicationpassports.org.uk\/<\/a><\/p>\n\n\n\n<p>Obrazac komunikacijske putovnice i dodatne informacije o njoj dostupni su na sljede\u0107oj poveznici <a href=\"https:\/\/www.communicationpassports.org.uk\/creating-passports\/\">https:\/\/www.communicationpassports.org.uk\/creating-passports\/<\/a>. Kao i svi drugi alati opisani u ovom poglavlju, ovo je pomagalo najbolje izraditi na temelju informacija dobivenih od osoba koje djetetu pru\u017eaju skrb.&nbsp;<\/p>\n\n\n\n<p>Va\u017eno je uzeti u obzir da se u stru\u010dnoj literaturi govori o nekoliko faza predsimboli\u010dke komunikacije te da u nekima od njih djetetovo pona\u0161anje nema jasno izra\u017eenu namjeru. Namjera se razvija kad dijete nau\u010di vezu izme\u0111u svojeg pona\u0161anja i posljedica, u \u010demu je jako bitna uloga komunikacijskog partnera. Stoga je kod <em>predsimboli\u010dkih komunikatora<\/em> osposobljavanje komunikacijskih partnera sastavni dio intervencije.<\/p>\n\n\n\n<div class=\"wp-block-buttons is-layout-flex wp-block-buttons-is-layout-flex\">\n<div class=\"wp-block-button\"><a class=\"wp-block-button__link has-background\" href=\"http:\/\/usluge.ict-aac.hr\/udzbenik-pk\/\/?page_id=66\" style=\"background-color:#0292cb\">DALJE<\/a><\/div>\n<\/div>\n","protected":false},"excerpt":{"rendered":"<p>Drugi besplatan alat za prikupljanje sveobuhvatnih informacija o komunikaciji pojedinca je osobna komunikacijska putovnica. Putovnica je knji\u017eica naj\u010de\u0161\u0107e pisana u prvom licu koja pru\u017ea dodatne informacije o toj osobi: na\u010dine na koje se osobi najbolje mo\u017ee pru\u017eiti podr\u0161ka, \u0161to voli [&hellip;]<\/p>\n","protected":false},"author":1,"featured_media":0,"parent":52,"menu_order":0,"comment_status":"closed","ping_status":"closed","template":"","meta":{"footnotes":""},"tags":[],"class_list":["post-65","page","type-page","status-publish","hentry"],"_links":{"self":[{"href":"https:\/\/usluge.ict-aac.hr\/udzbenik-pk\/index.php?rest_route=\/wp\/v2\/pages\/65","targetHints":{"allow":["GET"]}}],"collection":[{"href":"https:\/\/usluge.ict-aac.hr\/udzbenik-pk\/index.php?rest_route=\/wp\/v2\/pages"}],"about":[{"href":"https:\/\/usluge.ict-aac.hr\/udzbenik-pk\/index.php?rest_route=\/wp\/v2\/types\/page"}],"author":[{"embeddable":true,"href":"https:\/\/usluge.ict-aac.hr\/udzbenik-pk\/index.php?rest_route=\/wp\/v2\/users\/1"}],"replies":[{"embeddable":true,"href":"https:\/\/usluge.ict-aac.hr\/udzbenik-pk\/index.php?rest_route=%2Fwp%2Fv2%2Fcomments&post=65"}],"version-history":[{"count":10,"href":"https:\/\/usluge.ict-aac.hr\/udzbenik-pk\/index.php?rest_route=\/wp\/v2\/pages\/65\/revisions"}],"predecessor-version":[{"id":1593,"href":"https:\/\/usluge.ict-aac.hr\/udzbenik-pk\/index.php?rest_route=\/wp\/v2\/pages\/65\/revisions\/1593"}],"up":[{"embeddable":true,"href":"https:\/\/usluge.ict-aac.hr\/udzbenik-pk\/index.php?rest_route=\/wp\/v2\/pages\/52"}],"wp:attachment":[{"href":"https:\/\/usluge.ict-aac.hr\/udzbenik-pk\/index.php?rest_route=%2Fwp%2Fv2%2Fmedia&parent=65"}],"wp:term":[{"taxonomy":"post_tag","embeddable":true,"href":"https:\/\/usluge.ict-aac.hr\/udzbenik-pk\/index.php?rest_route=%2Fwp%2Fv2%2Ftags&post=65"}],"curies":[{"name":"wp","href":"https:\/\/api.w.org\/{rel}","templated":true}]}}