{"id":52,"date":"2020-08-26T08:48:31","date_gmt":"2020-08-26T08:48:31","guid":{"rendered":"http:\/\/usluge.ict-aac.hr\/udzbenik-pk\/\/?page_id=52"},"modified":"2021-02-17T12:41:29","modified_gmt":"2021-02-17T12:41:29","slug":"4-intervencije-potpomognute-komunikacije-za-osobe-na-razini-predsimbolicke-komunikacije","status":"publish","type":"page","link":"https:\/\/usluge.ict-aac.hr\/udzbenik-pk\/?page_id=52","title":{"rendered":"4. INTERVENCIJE POTPOMOGNUTE KOMUNIKACIJE ZA OSOBE NA RAZINI PREDSIMBOLI\u010cKE KOMUNIKACIJE"},"content":{"rendered":"\n<div class=\"wp-block-group\"><div class=\"wp-block-group__inner-container is-layout-flow wp-block-group-is-layout-flow\">\n<p class=\"has-text-align-right\"><strong>Patricia Politano<\/strong> (prijevod s engleskog jezika Sa\u0161a \u0160egrt)<\/p>\n<\/div><\/div>\n\n\n\n<hr class=\"wp-block-separator\"\/>\n\n\n\n<blockquote class=\"wp-block-quote is-layout-flow wp-block-quote-is-layout-flow\"><p>\u201eSve dok su ljudi smatrali moj mozak beskorisnim, a izraze mog lica i zvukove koje sam proizvodila besmislenima, bila sam osu\u0111ena biti bez glasa.\u201d (Sienkiewicz-Mercer i Kaplan, 1989).<\/p><\/blockquote>\n\n\n\n<p>U svojoj autobiografiji, <em>Di\u017eem pogled da ka\u017eem <strong>da<\/strong><\/em> Ruth Sienkiewicz-Mercer, zagovara\u010dica prava osoba s invaliditetom, obja\u0161njava da je usprkos njezinoj sna\u017enoj \u017eelji za komunikacijom, njezin uspjeh u komunikaciji potpuno ovisio o vje\u0161tinama drugih, njihovoj spremnosti da komuniciraju na alternativne na\u010dine te, najva\u017enije, o o\u010dekivanjima koje su imali o njoj. U dojena\u010dkoj dobi Ruth je oboljela od epilepsije i pretrpjela o\u0161te\u0107enja motori\u010dkog korteksa u mozgu. Izgubila je sposobnost upravljanja udovima i mi\u0161i\u0107ima uklju\u010denima u proizvodnju govora. Nakon \u0161to se roditelji vi\u0161e nisu mogli brinuti o njoj, smje\u0161tena je u javnu ustanovu u kojoj osoblje nije poznavalo ni nju ni na\u010din na koji ona komunicira. U takvom okru\u017eenju nitko nije ni poku\u0161ao komunicirati s njom. Prema njezinu svjedo\u010denju, osoblje je smatralo da su njezini znakovi \u201eda\u201d i \u201ene\u201d tek \u201ebesmislene geste\u201d, a ona \u201enije imala na\u010dina da im priop\u0107i bilo \u0161to drugo\u201d.<\/p>\n\n\n\n<p>Na\u017ealost, iskustvo koje Ruth opisuje nije potpuno jedinstveno. Ve\u0107ina osoba koje koriste metode potpomognute komunikacije svjedo\u010di da drugi \u010desto podcjenjuju njihove sposobnosti i ne znaju kako komunicirati s njima. <strong>Vje\u0161tine i znanja komunikacijskih partnera imaju klju\u010dnu ulogu za uspjeh interakcija u komunikaciji<\/strong>. To je osobito istina kad je rije\u010d o osobama koje su tzv. <em>predsimboli\u010dki komunikatori<\/em>.&nbsp;<\/p>\n\n\n\n<div class=\"wp-block-buttons is-layout-flex wp-block-buttons-is-layout-flex\">\n<div class=\"wp-block-button\"><a class=\"wp-block-button__link has-background\" href=\"http:\/\/usluge.ict-aac.hr\/udzbenik-pk\/\/?page_id=53\" style=\"background-color:#0292cb\">DALJE<\/a><\/div>\n<\/div>\n\n\n\n<p><\/p>\n","protected":false},"excerpt":{"rendered":"<p>Patricia Politano (prijevod s engleskog jezika Sa\u0161a \u0160egrt) \u201eSve dok su ljudi smatrali moj mozak beskorisnim, a izraze mog lica i zvukove koje sam proizvodila besmislenima, bila sam osu\u0111ena biti bez glasa.\u201d (Sienkiewicz-Mercer i Kaplan, 1989). U svojoj autobiografiji, Di\u017eem [&hellip;]<\/p>\n","protected":false},"author":1,"featured_media":406,"parent":0,"menu_order":0,"comment_status":"closed","ping_status":"closed","template":"","meta":{"footnotes":""},"tags":[53,59],"class_list":["post-52","page","type-page","status-publish","has-post-thumbnail","hentry","tag-poglavlje-head","tag-poglavlje4"],"_links":{"self":[{"href":"https:\/\/usluge.ict-aac.hr\/udzbenik-pk\/index.php?rest_route=\/wp\/v2\/pages\/52","targetHints":{"allow":["GET"]}}],"collection":[{"href":"https:\/\/usluge.ict-aac.hr\/udzbenik-pk\/index.php?rest_route=\/wp\/v2\/pages"}],"about":[{"href":"https:\/\/usluge.ict-aac.hr\/udzbenik-pk\/index.php?rest_route=\/wp\/v2\/types\/page"}],"author":[{"embeddable":true,"href":"https:\/\/usluge.ict-aac.hr\/udzbenik-pk\/index.php?rest_route=\/wp\/v2\/users\/1"}],"replies":[{"embeddable":true,"href":"https:\/\/usluge.ict-aac.hr\/udzbenik-pk\/index.php?rest_route=%2Fwp%2Fv2%2Fcomments&post=52"}],"version-history":[{"count":8,"href":"https:\/\/usluge.ict-aac.hr\/udzbenik-pk\/index.php?rest_route=\/wp\/v2\/pages\/52\/revisions"}],"predecessor-version":[{"id":1675,"href":"https:\/\/usluge.ict-aac.hr\/udzbenik-pk\/index.php?rest_route=\/wp\/v2\/pages\/52\/revisions\/1675"}],"wp:featuredmedia":[{"embeddable":true,"href":"https:\/\/usluge.ict-aac.hr\/udzbenik-pk\/index.php?rest_route=\/wp\/v2\/media\/406"}],"wp:attachment":[{"href":"https:\/\/usluge.ict-aac.hr\/udzbenik-pk\/index.php?rest_route=%2Fwp%2Fv2%2Fmedia&parent=52"}],"wp:term":[{"taxonomy":"post_tag","embeddable":true,"href":"https:\/\/usluge.ict-aac.hr\/udzbenik-pk\/index.php?rest_route=%2Fwp%2Fv2%2Ftags&post=52"}],"curies":[{"name":"wp","href":"https:\/\/api.w.org\/{rel}","templated":true}]}}