{"id":441,"date":"2020-09-02T12:56:04","date_gmt":"2020-09-02T12:56:04","guid":{"rendered":"http:\/\/usluge.ict-aac.hr\/udzbenik-pk\/\/?page_id=441"},"modified":"2021-02-16T17:37:12","modified_gmt":"2021-02-16T17:37:12","slug":"kazalo","status":"publish","type":"page","link":"https:\/\/usluge.ict-aac.hr\/udzbenik-pk\/?page_id=441","title":{"rendered":"Kazalo pojmova"},"content":{"rendered":"\n<h4 class=\"wp-block-heading\">A<\/h4>\n\n\n\n<hr class=\"wp-block-separator\"\/>\n\n\n\n<p><a href=\"http:\/\/usluge.ict-aac.hr\/udzbenik-pk\/\/?page_id=76\/#asistivna-tehnologija\"><strong>asistivna tehnologi<\/strong>j<strong>a<\/strong><\/a> (engl. <em>assistive technology<\/em>)<\/p>\n\n\n\n<h4 class=\"wp-block-heading\">E<\/h4>\n\n\n\n<hr class=\"wp-block-separator\"\/>\n\n\n\n<p><strong><a href=\"http:\/\/usluge.ict-aac.hr\/udzbenik-pk\/\/?page_id=27\/#elektronicki-komunikator\">elektroni\u010dki komunikator<\/a><\/strong> (engl. <em>electronic communication device<\/em>)<\/p>\n\n\n\n<p><strong><a href=\"http:\/\/usluge.ict-aac.hr\/udzbenik-pk\/\/?page_id=27\/#e-tran-okvir\">E-tran okvir<\/a><\/strong><\/p>\n\n\n\n<h4 class=\"wp-block-heading\">F<\/h4>\n\n\n\n<hr class=\"wp-block-separator\"\/>\n\n\n\n<p><strong><a href=\"http:\/\/usluge.ict-aac.hr\/udzbenik-pk\/\/?page_id=41\/#fitzgeraldov-kljuc\">Fitzgeraldov klju\u010d<\/a><\/strong><\/p>\n\n\n\n<h4 class=\"wp-block-heading\">G<\/h4>\n\n\n\n<hr class=\"wp-block-separator\"\/>\n\n\n\n<p><strong><a href=\"http:\/\/usluge.ict-aac.hr\/udzbenik-pk\/\/?page_id=77\/#galerije-simbola\">galerije simbola<\/a><\/strong><\/p>\n\n\n\n<div class=\"wp-block-group\"><div class=\"wp-block-group__inner-container is-layout-flow wp-block-group-is-layout-flow\">\n<ul class=\"wp-block-list\"><li><strong><a href=\"http:\/\/usluge.ict-aac.hr\/udzbenik-pk\/\/?page_id=77\/#arasaac\">ARASAAC<\/a><\/strong><\/li><li><strong><a href=\"http:\/\/usluge.ict-aac.hr\/udzbenik-pk\/\/?page_id=77\/#blissymbolics\">Blissymbolics<\/a><\/strong><\/li><li><strong><a href=\"http:\/\/usluge.ict-aac.hr\/udzbenik-pk\/\/?page_id=77\/#makaton\">MAKATON<\/a><\/strong><\/li><li><strong><a href=\"http:\/\/usluge.ict-aac.hr\/udzbenik-pk\/\/?page_id=77\/#mulberry\">Mulberry<\/a><\/strong><\/li><li><strong><em><a href=\"http:\/\/usluge.ict-aac.hr\/udzbenik-pk\/\/?page_id=77\/#pcs\">Picture communication symbols<\/a><\/em> <\/strong>(skra\u0107eno PCS)<\/li><li><strong><a href=\"http:\/\/usluge.ict-aac.hr\/udzbenik-pk\/\/?page_id=77\/#sclera\">Sclera<\/a><\/strong><\/li><li><strong><a href=\"http:\/\/usluge.ict-aac.hr\/udzbenik-pk\/\/?page_id=77\/#widgit\">Widgit<\/a>&nbsp;<\/strong><\/li><\/ul>\n\n\n\n<p><\/p>\n<\/div><\/div>\n\n\n\n<p><strong><a href=\"http:\/\/usluge.ict-aac.hr\/udzbenik-pk\/\/?page_id=40\/#generative-language\">generativna jezi\u010dna proizvodnja<\/a> <\/strong>(engl. <em>generative language<\/em>)<\/p>\n\n\n\n<p><strong><a href=\"http:\/\/usluge.ict-aac.hr\/udzbenik-pk\/\/?page_id=27\/#komunikacijska-ploca\">govorni\/glasovni izlaz<\/a><\/strong><\/p>\n\n\n\n<h4 class=\"wp-block-heading\">I<\/h4>\n\n\n\n<hr class=\"wp-block-separator\"\/>\n\n\n\n<p><strong><a href=\"http:\/\/usluge.ict-aac.hr\/udzbenik-pk\/\/?page_id=76\/#ict\">informacijsko-komunikacijska tehnologija<\/a> <\/strong>(engl.<em>information and communication technology<\/em>, skra\u0107eno ICT)<\/p>\n\n\n\n<h4 class=\"wp-block-heading\">K<\/h4>\n\n\n\n<hr class=\"wp-block-separator\"\/>\n\n\n\n<p><strong><a href=\"http:\/\/usluge.ict-aac.hr\/udzbenik-pk\/\/?page_id=79\/komunikacijska-knjiga\">komunikacijska knjiga<\/a>&nbsp;<\/strong><\/p>\n\n\n\n<p><strong><a href=\"http:\/\/usluge.ict-aac.hr\/udzbenik-pk\/\/?page_id=145\/#komunikacijska-kompetencija\">komunikacijske kompetencije<\/a><\/strong><\/p>\n\n\n\n<div class=\"wp-block-group\"><div class=\"wp-block-group__inner-container is-layout-flow wp-block-group-is-layout-flow\">\n<ul class=\"wp-block-list\"><li><strong><a href=\"http:\/\/usluge.ict-aac.hr\/udzbenik-pk\/\/?page_id=145\/#jezicna-kompetencija\">jezi\u010dna kompetencija<\/a><\/strong><\/li><li><strong><a href=\"http:\/\/usluge.ict-aac.hr\/udzbenik-pk\/\/?page_id=145\/#socijalna-kompetencija\">socijalna kompetencija<\/a><\/strong><\/li><li><strong><a href=\"http:\/\/usluge.ict-aac.hr\/udzbenik-pk\/\/?page_id=145\/#strategijska-kompetencija\">strategijska kompetencija<\/a><\/strong><\/li><li><strong><a href=\"http:\/\/usluge.ict-aac.hr\/udzbenik-pk\/\/?page_id=145\/#upravljacka-kompetencija\">upravlja\u010dka kompetencija<\/a><\/strong><\/li><\/ul>\n<\/div><\/div>\n\n\n\n<p><strong><a href=\"http:\/\/usluge.ict-aac.hr\/udzbenik-pk\/\/?page_id=27\/#komunikacijska-ploca\">komunikacijska plo\u010da<\/a><\/strong><\/p>\n\n\n\n<p><strong><a href=\"http:\/\/usluge.ict-aac.hr\/udzbenik-pk\/\/?page_id=65\/#komunikacijska-putovnica\">komunikacijska putovnica<\/a> <\/strong>(engl.<em> communication passport<\/em>)<\/p>\n\n\n\n<p><strong><a href=\"http:\/\/usluge.ict-aac.hr\/udzbenik-pk\/\/?page_id=57\/komunikacijski-rjecnik\">komunikacijski rje\u010dnik<\/a><\/strong><\/p>\n\n\n\n<h4 class=\"wp-block-heading\">M<\/h4>\n\n\n\n<hr class=\"wp-block-separator\"\/>\n\n\n\n<p><strong><a href=\"http:\/\/usluge.ict-aac.hr\/udzbenik-pk\/\/?page_id=118\/#manualni-znakovi\">manualni znakovi<\/a><\/strong><\/p>\n\n\n\n<p><strong><a href=\"http:\/\/usluge.ict-aac.hr\/udzbenik-pk\/\/?page_id=17\/#miljokazi\">miljokazi<\/a><\/strong><\/p>\n\n\n\n<p><strong><a href=\"http:\/\/usluge.ict-aac.hr\/udzbenik-pk\/\/?page_id=96\/#modeliranje\">modeliranje<\/a><\/strong><\/p>\n\n\n\n<p><strong><a href=\"http:\/\/usluge.ict-aac.hr\/udzbenik-pk\/\/?page_id=43\/#multimodalna-komunikacija\">multimodalna komunikacija<\/a><\/strong><\/p>\n\n\n\n<h4 class=\"wp-block-heading\">N<\/h4>\n\n\n\n<hr class=\"wp-block-separator\"\/>\n\n\n\n<p><strong><a href=\"http:\/\/usluge.ict-aac.hr\/udzbenik-pk\/\/?page_id=93\/#navigacija\">navigacija<\/a><\/strong><\/p>\n\n\n\n<p><strong><a href=\"http:\/\/usluge.ict-aac.hr\/udzbenik-pk\/\/?page_id=26\/#geste\">neverbalna komunikacija<\/a><\/strong><\/p>\n\n\n\n<div class=\"wp-block-group\"><div class=\"wp-block-group__inner-container is-layout-flow wp-block-group-is-layout-flow\">\n<ul class=\"wp-block-list\"><li><strong><a href=\"http:\/\/usluge.ict-aac.hr\/udzbenik-pk\/\/?page_id=26\/#geste\">geste<\/a><\/strong><\/li><li><strong><a href=\"http:\/\/usluge.ict-aac.hr\/udzbenik-pk\/\/?page_id=26\/#vokalizacija\">vokalizacija<\/a><\/strong><\/li><\/ul>\n<\/div><\/div>\n\n\n\n<p><span style=\"text-decoration: underline;\"><strong><a href=\"http:\/\/usluge.ict-aac.hr\/udzbenik-pk\/\/?page_id=27\/#low-tech-AAC\">niskotehnolo\u0161ka komunikacijska sredstva<\/a> <\/strong>(engl<em>. low-tech AAC<\/em>)<\/span><\/p>\n\n\n\n<h4 class=\"wp-block-heading\">O<\/h4>\n\n\n\n<hr class=\"wp-block-separator\"\/>\n\n\n\n<p><strong><a href=\"http:\/\/usluge.ict-aac.hr\/udzbenik-pk\/\/?page_id=12\/#obitelji-usmjeren-pristup\">obitelji usmjeren pristup<\/a><\/strong><\/p>\n\n\n\n<p><strong><a href=\"http:\/\/usluge.ict-aac.hr\/udzbenik-pk\/\/?page_id=45\/#obogaceni-jezicni-unos\">oboga\u0107eni jezi\u010dni unos<\/a><\/strong> (engl. <em>aided language stimulation<\/em>)<\/p>\n\n\n\n<p><strong><a href=\"http:\/\/usluge.ict-aac.hr\/udzbenik-pk\/\/?page_id=27\/#opipljivi-simboli\">opipljivi simboli<\/a><\/strong> (engl. <em>tangible symbols<\/em>)<\/p>\n\n\n\n<h4 class=\"wp-block-heading\">P<\/h4>\n\n\n\n<hr class=\"wp-block-separator\"\/>\n\n\n\n<p><strong><a href=\"http:\/\/usluge.ict-aac.hr\/udzbenik-pk\/\/?page_id=24\/#personalizacija\">personalizacija<\/a><\/strong><\/p>\n\n\n\n<p><strong><a href=\"http:\/\/usluge.ict-aac.hr\/udzbenik-pk\/\/?page_id=24\/#potpomognuta-komunikacija\">potpomognuta komunikacija<\/a><\/strong> (skra\u0107eno PK) (engl. <em>Augmentative and alternative communication, <\/em>skra\u0107eno AAC)&nbsp;<\/p>\n\n\n\n<p><strong><a href=\"http:\/\/usluge.ict-aac.hr\/udzbenik-pk\/\/?page_id=79\/#podd\">pragmati\u010dka organizacija dinami\u010dkih zaslona<\/a> <\/strong>(skra\u0107eno PODD)<\/p>\n\n\n\n<p><a href=\"http:\/\/usluge.ict-aac.hr\/udzbenik-pk\/\/?page_id=150\/#evidence-based-practice\"><strong>praksa koja se temelji na dokazima<\/strong>\/<strong>znanstveno utemeljene intervencije<\/strong><\/a> (engl. <em>evidence-based practice<\/em>) \/<\/p>\n\n\n\n<p><strong><a href=\"http:\/\/usluge.ict-aac.hr\/udzbenik-pk\/\/?page_id=53\/#predsimbolicka-komunikacija\">predsimboli\u010dka komunikacija<\/a><\/strong><\/p>\n\n\n\n<p><strong><a href=\"http:\/\/usluge.ict-aac.hr\/udzbenik-pk\/\/?page_id=76\/#pristupacni-dizajn\">pristupa\u010dni dizajn<\/a><\/strong><\/p>\n\n\n\n<p><strong><a href=\"http:\/\/usluge.ict-aac.hr\/udzbenik-pk\/\/?page_id=76\/#pristupacnost\">pristupa\u010dnost<\/a><\/strong><\/p>\n\n\n\n<div class=\"wp-block-group\"><div class=\"wp-block-group__inner-container is-layout-flow wp-block-group-is-layout-flow\">\n<ul class=\"wp-block-list\"><li><strong><a href=\"http:\/\/usluge.ict-aac.hr\/udzbenik-pk\/\/?page_id=76\/#digitalna-pristupacnost\">digitalna pristupa\u010dnost<\/a><\/strong><\/li><\/ul>\n\n\n\n<h4 class=\"wp-block-heading\">R<\/h4>\n\n\n\n<hr class=\"wp-block-separator\"\/>\n<\/div><\/div>\n\n\n\n<p><strong><a href=\"http:\/\/usluge.ict-aac.hr\/udzbenik-pk\/\/?page_id=8\">rana intervencija<\/a><\/strong><\/p>\n\n\n\n<p><strong><a href=\"http:\/\/usluge.ict-aac.hr\/udzbenik-pk\/\/?page_id=41\/#rubni-rjecnik\">rubni rje\u010dnik<\/a><\/strong> (engl. <em>fringe vocabulary<\/em>)<\/p>\n\n\n\n<p><strong><a href=\"http:\/\/usluge.ict-aac.hr\/udzbenik-pk\/\/?page_id=17\/#rutine\">rutine<\/a><\/strong><\/p>\n\n\n\n<h4 class=\"wp-block-heading\">S<\/h4>\n\n\n\n<hr class=\"wp-block-separator\"\/>\n\n\n\n<p><strong><a href=\"http:\/\/usluge.ict-aac.hr\/udzbenik-pk\/\/?page_id=77\/#simbol\">simbol<\/a><\/strong><\/p>\n\n\n\n<div class=\"wp-block-group\"><div class=\"wp-block-group__inner-container is-layout-flow wp-block-group-is-layout-flow\">\n<ul class=\"wp-block-list\"><li><strong><a href=\"http:\/\/usluge.ict-aac.hr\/udzbenik-pk\/\/?page_id=77\/#graficki-simbol\">grafi\u010dki simbol<\/a>&nbsp;<\/strong><\/li><\/ul>\n<\/div><\/div>\n\n\n\n<p><strong><a href=\"http:\/\/usluge.ict-aac.hr\/udzbenik-pk\/\/?page_id=24\/#ccn\">slo\u017eene komunikacijske potrebe<\/a><\/strong><\/p>\n\n\n\n<p><strong><a href=\"http:\/\/usluge.ict-aac.hr\/udzbenik-pk\/\/?page_id=150\">socijalne pri\u010de<\/a><\/strong><\/p>\n\n\n\n<p><strong><a href=\"http:\/\/usluge.ict-aac.hr\/udzbenik-pk\/\/?page_id=27\/#komunikacijska-ploca\">srednjotehnolo\u0161ka komunikacijska sredstva<\/a><\/strong> (engl. <em>mid-tech AAC<\/em>)<\/p>\n\n\n\n<p><strong><a href=\"http:\/\/usluge.ict-aac.hr\/udzbenik-pk\/\/?page_id=41\/#srzni-rjecnik\">sr\u017eni rje\u010dnik<\/a><\/strong> (engl. <em>core vocabulary<\/em>)&nbsp;<\/p>\n\n\n\n<p><strong><a href=\"http:\/\/usluge.ict-aac.hr\/udzbenik-pk\/\/?page_id=109\/#pecs\">sustav komunikacije putem razmjene slika<\/a><\/strong> (engl. <em>Picture Exchange Communication System<\/em>; skra\u0107eno PECS)<\/p>\n\n\n\n<p><strong><a href=\"http:\/\/usluge.ict-aac.hr\/udzbenik-pk\/\/?page_id=24\">sustav potpomognute komunikacije<\/a><\/strong> (engl. <em>AAC system<\/em>)<\/p>\n\n\n\n<h4 class=\"wp-block-heading\">T<\/h4>\n\n\n\n<hr class=\"wp-block-separator\"\/>\n\n\n\n<p><strong><a href=\"http:\/\/usluge.ict-aac.hr\/udzbenik-pk\/\/?page_id=26\">tehnike potpomognute komunikacije bez pomagala\/netehnolo\u0161ka komunikacijska sredstva<\/a> <\/strong>(eng. <em>unaided AAC<\/em>)<\/p>\n\n\n\n<p><strong><a href=\"http:\/\/usluge.ict-aac.hr\/udzbenik-pk\/\/?page_id=27\">tehnike potpomognute komunikacije uz pomagala<\/a> <\/strong>(engl. <em>aided communication<\/em>)<\/p>\n\n\n\n<h4 class=\"wp-block-heading\">U<\/h4>\n\n\n\n<hr class=\"wp-block-separator\"\/>\n\n\n\n<p><strong><a href=\"http:\/\/usluge.ict-aac.hr\/udzbenik-pk\/\/?page_id=76\/#univerzalni-dizajn\">univerzalni dizajn\/dizajn za sve<\/a><\/strong><\/p>\n\n\n\n<h4 class=\"wp-block-heading\">V<\/h4>\n\n\n\n<hr class=\"wp-block-separator\"\/>\n\n\n\n<p><strong><a href=\"http:\/\/usluge.ict-aac.hr\/udzbenik-pk\/\/?page_id=174\">videomodeliranje<\/a><\/strong><\/p>\n\n\n\n<p><strong><a href=\"http:\/\/usluge.ict-aac.hr\/udzbenik-pk\/\/?page_id=27\/#elektronicki-komunikator\">visokotehnolo\u0161ka komunikacijska sredstva<\/a> <\/strong><em>(engl. high-tech AAC)<\/em><\/p>\n\n\n\n<p><strong><a href=\"http:\/\/usluge.ict-aac.hr\/udzbenik-pk\/\/?page_id=33\">vizualna podr\u0161ka<\/a><\/strong><\/p>\n\n\n\n<p><strong><a href=\"http:\/\/usluge.ict-aac.hr\/udzbenik-pk\/\/?page_id=27\/#vizualni-raspored\">vizualni raspored<\/a><\/strong><\/p>\n","protected":false},"excerpt":{"rendered":"<p>A asistivna tehnologija (engl. assistive technology) E elektroni\u010dki komunikator (engl. electronic communication device) E-tran okvir F Fitzgeraldov klju\u010d G galerije simbola ARASAAC Blissymbolics MAKATON Mulberry Picture communication symbols (skra\u0107eno PCS) Sclera Widgit&nbsp; generativna jezi\u010dna proizvodnja (engl. generative language) govorni\/glasovni izlaz [&hellip;]<\/p>\n","protected":false},"author":1,"featured_media":0,"parent":0,"menu_order":0,"comment_status":"closed","ping_status":"closed","template":"","meta":{"footnotes":""},"tags":[],"class_list":["post-441","page","type-page","status-publish","hentry"],"_links":{"self":[{"href":"https:\/\/usluge.ict-aac.hr\/udzbenik-pk\/index.php?rest_route=\/wp\/v2\/pages\/441","targetHints":{"allow":["GET"]}}],"collection":[{"href":"https:\/\/usluge.ict-aac.hr\/udzbenik-pk\/index.php?rest_route=\/wp\/v2\/pages"}],"about":[{"href":"https:\/\/usluge.ict-aac.hr\/udzbenik-pk\/index.php?rest_route=\/wp\/v2\/types\/page"}],"author":[{"embeddable":true,"href":"https:\/\/usluge.ict-aac.hr\/udzbenik-pk\/index.php?rest_route=\/wp\/v2\/users\/1"}],"replies":[{"embeddable":true,"href":"https:\/\/usluge.ict-aac.hr\/udzbenik-pk\/index.php?rest_route=%2Fwp%2Fv2%2Fcomments&post=441"}],"version-history":[{"count":24,"href":"https:\/\/usluge.ict-aac.hr\/udzbenik-pk\/index.php?rest_route=\/wp\/v2\/pages\/441\/revisions"}],"predecessor-version":[{"id":1744,"href":"https:\/\/usluge.ict-aac.hr\/udzbenik-pk\/index.php?rest_route=\/wp\/v2\/pages\/441\/revisions\/1744"}],"wp:attachment":[{"href":"https:\/\/usluge.ict-aac.hr\/udzbenik-pk\/index.php?rest_route=%2Fwp%2Fv2%2Fmedia&parent=441"}],"wp:term":[{"taxonomy":"post_tag","embeddable":true,"href":"https:\/\/usluge.ict-aac.hr\/udzbenik-pk\/index.php?rest_route=%2Fwp%2Fv2%2Ftags&post=441"}],"curies":[{"name":"wp","href":"https:\/\/api.w.org\/{rel}","templated":true}]}}