{"id":44,"date":"2020-08-26T08:47:18","date_gmt":"2020-08-26T08:47:18","guid":{"rendered":"http:\/\/usluge.ict-aac.hr\/udzbenik-pk\/\/?page_id=44"},"modified":"2021-02-17T12:35:19","modified_gmt":"2021-02-17T12:35:19","slug":"3-5-umjesto-zakljucka","status":"publish","type":"page","link":"https:\/\/usluge.ict-aac.hr\/udzbenik-pk\/?page_id=44","title":{"rendered":"3.5 Umjesto zaklju\u010dka"},"content":{"rendered":"\n<p>Za kraj, umjesto zaklju\u010dka, pa\u017enja \u0107e se pridodati jednom od glavnih mitova o uvo\u0111enju potpomognute komunikacije \u2013 vjerovanju da uvo\u0111enje potpomognute komunikacije ometa razvoj govora. Intervencije kod djece s te\u0161ko\u0107ama koja odstupaju u podru\u010dju jezi\u010dne proizvodnje tradicionalno nisu uklju\u010divale potpomognutu komunikaciju <a>(<\/a>Weitz, Dexter i Moore, 1997.; Baumann Leech i Cress, 2011)<a> <\/a>zbog pretpostavke da \u0107e se broj govornih poku\u0161aja smanjiti, pa \u010dak i nestati kao posljedica kori\u0161tenja potpomognute komunikacije. Potpomognuta komunikacija \u010desto se preporu\u010divala samo kada se tradicionalna logopedska terapija pokazala neuspje\u0161nom (King, Hengst i DeThorne, 2013). Unato\u010d tome istra\u017eivanja su pokazala da <strong>uvo\u0111enje potpomognute komunikacije djeluje pozitivno na jezi\u010dno-govorni razvoj<\/strong>. Pojedina istra\u017eivanja pokazala su da se djeca <strong>rane dobi vi\u0161e slu\u017ee govorom nakon po\u010detka intervencije putem potpomognute<\/strong> komunikacije jer smanjuju frustraciju (Baumann Leech i Cress, 2011). Isti autori su, pregledom razli\u010ditih istra\u017eivanja, utvrdili da je kod 94 % sudionika do\u0161lo do <strong>pove\u0107anja govorne proizvodnje<\/strong> tijekom razdoblja uporabe potpomognute komunikacije.\u00a0<\/p>\n\n\n\n<div class=\"wp-block-buttons is-layout-flex wp-block-buttons-is-layout-flex\">\n<div class=\"wp-block-button\"><a class=\"wp-block-button__link has-background\" href=\"http:\/\/usluge.ict-aac.hr\/udzbenik-pk\/\/?page_id=651\" style=\"background-color:#0292cb\">DALJE<\/a><\/div>\n<\/div>\n\n\n\n<p><\/p>\n","protected":false},"excerpt":{"rendered":"<p>Za kraj, umjesto zaklju\u010dka, pa\u017enja \u0107e se pridodati jednom od glavnih mitova o uvo\u0111enju potpomognute komunikacije \u2013 vjerovanju da uvo\u0111enje potpomognute komunikacije ometa razvoj govora. Intervencije kod djece s te\u0161ko\u0107ama koja odstupaju u podru\u010dju jezi\u010dne proizvodnje tradicionalno nisu uklju\u010divale potpomognutu [&hellip;]<\/p>\n","protected":false},"author":1,"featured_media":0,"parent":32,"menu_order":0,"comment_status":"closed","ping_status":"closed","template":"","meta":{"footnotes":""},"tags":[],"class_list":["post-44","page","type-page","status-publish","hentry"],"_links":{"self":[{"href":"https:\/\/usluge.ict-aac.hr\/udzbenik-pk\/index.php?rest_route=\/wp\/v2\/pages\/44","targetHints":{"allow":["GET"]}}],"collection":[{"href":"https:\/\/usluge.ict-aac.hr\/udzbenik-pk\/index.php?rest_route=\/wp\/v2\/pages"}],"about":[{"href":"https:\/\/usluge.ict-aac.hr\/udzbenik-pk\/index.php?rest_route=\/wp\/v2\/types\/page"}],"author":[{"embeddable":true,"href":"https:\/\/usluge.ict-aac.hr\/udzbenik-pk\/index.php?rest_route=\/wp\/v2\/users\/1"}],"replies":[{"embeddable":true,"href":"https:\/\/usluge.ict-aac.hr\/udzbenik-pk\/index.php?rest_route=%2Fwp%2Fv2%2Fcomments&post=44"}],"version-history":[{"count":5,"href":"https:\/\/usluge.ict-aac.hr\/udzbenik-pk\/index.php?rest_route=\/wp\/v2\/pages\/44\/revisions"}],"predecessor-version":[{"id":1672,"href":"https:\/\/usluge.ict-aac.hr\/udzbenik-pk\/index.php?rest_route=\/wp\/v2\/pages\/44\/revisions\/1672"}],"up":[{"embeddable":true,"href":"https:\/\/usluge.ict-aac.hr\/udzbenik-pk\/index.php?rest_route=\/wp\/v2\/pages\/32"}],"wp:attachment":[{"href":"https:\/\/usluge.ict-aac.hr\/udzbenik-pk\/index.php?rest_route=%2Fwp%2Fv2%2Fmedia&parent=44"}],"wp:term":[{"taxonomy":"post_tag","embeddable":true,"href":"https:\/\/usluge.ict-aac.hr\/udzbenik-pk\/index.php?rest_route=%2Fwp%2Fv2%2Ftags&post=44"}],"curies":[{"name":"wp","href":"https:\/\/api.w.org\/{rel}","templated":true}]}}