{"id":364,"date":"2020-08-31T09:53:25","date_gmt":"2020-08-31T09:53:25","guid":{"rendered":"http:\/\/usluge.ict-aac.hr\/udzbenik-pk\/\/?page_id=364"},"modified":"2021-06-02T08:28:07","modified_gmt":"2021-06-02T08:28:07","slug":"impressum","status":"publish","type":"page","link":"https:\/\/usluge.ict-aac.hr\/udzbenik-pk\/?page_id=364","title":{"rendered":"Impressum"},"content":{"rendered":"\n<p>Slijede\u0107i inicijative Svjetske zdravstvene organizacije i obveze po\u0161tivanja Konvencije o pravima osoba s invaliditetom, te u skladu s Planom programskih aktivnosti Vlade Republike Hrvatske i UNICEF-a za razdoblje od 2017. do 2021. godine, Ured UNICEF-a za Hrvatsku pru\u017eio je podr\u0161ku u provedbi programa <em>Izgradnja nacionalnih kapaciteta za primjenu potpomognute komunikacije kao metode rane intervencije za djecu s razvojnim odstupanjima\/te\u0161ko\u0107ama od 0. do 8. godine<\/em> te tako pridonio ja\u010danju kapaciteta stru\u010dnjaka koji rade u zdravstvenim ustanovama, ustanovama socijalne skrbi te organizacijama civilnog dru\u0161tva za sustavnu primjenu potpomognute komunikacije u radu s djecom s razvojnim odstupanjima\/te\u0161ko\u0107ama 0\u20138 godina. Provedbeni partner programa bio je Edukacijsko-rehabilitacijski fakultet Sveu\u010dili\u0161ta u Zagrebu. U program je bilo uklju\u010deno 148 stru\u010dnjaka koji su sudjelovanjem na edukacijama i mentoriranjima usvojili nova znanja i vje\u0161tine vezane uz primjenu potpomognute komunikacije u ranoj intervenciji. Drugi cilj programa odnosio se na unapre\u0111enje dostupnosti asistivne tehnologije za potpomognutu komunikaciju i primjerene podr\u0161ke za djecu s razvojnim odstupanjima\/te\u0161ko\u0107ama od 0 do 8 godina. Ovaj ud\u017ebenik je rezultat rada na opisanome programu.<\/p>\n\n\n\n<hr class=\"wp-block-separator\"\/>\n\n\n\n<p><strong>Izdava\u010d:<\/strong><\/p>\n\n\n\n<p>&nbsp;&nbsp;&nbsp;&nbsp;&nbsp;Edukacijsko-rehabilitacijski fakultet Sveu\u010dili\u0161ta u Zagrebu<\/p>\n\n\n\n<p>&nbsp;&nbsp;&nbsp;&nbsp;&nbsp;Biblioteka Edukacijsko-rehabilitacijskog fakulteta. Ud\u017ebeni\u010dki niz ; knjiga 5<\/p>\n\n\n\n<p>&nbsp;&nbsp;&nbsp;&nbsp;&nbsp;ISBN 978-953-8321-02-3 (PDF)<\/p>\n\n\n\n<p>&nbsp;&nbsp;&nbsp;&nbsp;&nbsp;ISBN 978-953-8321-03-0 (HTML)<\/p>\n\n\n\n<p><strong>Za izdava\u010da:<\/strong> Prof. dr. sc. Lelia Ki\u0161-Glava\u0161<\/p>\n\n\n\n<hr class=\"wp-block-separator\"\/>\n\n\n\n<p><strong><span style=\"text-decoration: underline;\">Urednica<\/span>:<\/strong> <strong>Izv. prof. dr. sc. Jasmina Iv\u0161ac Pavli\u0161a<\/strong><\/p>\n\n\n\n<p><\/p>\n\n\n\n<p><strong>Stru\u010dna dorada:<\/strong> Monika Rosandi\u0107 Grgi\u0107, mag. logopedije<\/p>\n\n\n\n<p><\/p>\n\n\n\n<p><strong>Fotografije:<\/strong> Mirna Pibernik, mag. comm.; dio fotografija: privatni albumi (Anamaria Tomi\u0107, Jasmina Iv\u0161ac Pavli\u0161a, Miranda Kokotovi\u0107, Maja Jurjak)<\/p>\n\n\n\n<p><\/p>\n\n\n\n<p><strong>Prijevod s engleskog jezika: <\/strong>Sa\u0161a \u0160egrt, prof. engleskog jezika<\/p>\n\n\n\n<p><\/p>\n\n\n\n<p><strong>Lektura:<\/strong><em> <\/em>Ankica Tomi\u0107, prof. hrv. jezika i knji\u017eevnosti<\/p>\n\n\n\n<p><\/p>\n\n\n\n<p><strong>Dizajner:<\/strong><em> <\/em>Tamara Kocet, mag. ing. techn. graph.<\/p>\n\n\n\n<p><\/p>\n\n\n\n<p><strong>Implementacija web-sjedi\u0161ta:<\/strong><\/p>\n\n\n\n<p>&nbsp;&nbsp;&nbsp;&nbsp;&nbsp;Izv. prof. dr. sc. Marin Vukovi\u0107<\/p>\n\n\n\n<p>&nbsp;&nbsp;&nbsp;&nbsp;&nbsp;Matea \u017dilak, mag. ing.<\/p>\n\n\n\n<p>&nbsp;&nbsp;&nbsp;&nbsp;&nbsp;Prof. dr. sc. \u017deljka Car<\/p>\n\n\n\n<hr class=\"wp-block-separator\"\/>\n\n\n\n<p><strong>Recenzenti:<\/strong><\/p>\n\n\n\n<p>\u2003 Akademik prof. emerit. dr. sc. Ignac Lovrek<\/p>\n\n\n\n<p>\u2003 Prof. emerit. dr. sc. Marta Ljube\u0161i\u0107<\/p>\n\n\n\n<p>\u2003 Dr. sc. Branka Juri\u0161i\u0107<\/p>\n\n\n\n<p class=\"has-text-align-right\">Zagreb, 2021.<\/p>\n\n\n\n<hr class=\"wp-block-separator is-style-dots\"\/>\n\n\n\n<div class=\"wp-block-image\"><figure class=\"aligncenter size-large is-resized\"><img loading=\"lazy\" decoding=\"async\" src=\"http:\/\/usluge.ict-aac.hr\/udzbenik-pk\/wp-content\/uploads\/2021\/05\/Zagrabiensisodluka-1024x213.png\" alt=\"Temeljem odluke Senata Sveu\u010dili\u0161ta u Zagrebu: Klasa: 032-01\/20-01\/41; Urbroj: 380-061\/36-21-2 od 20. travnja 2021- pdpbrava se kori\u0161tenje naziva:\nManualia Universitatis studiorum Zagrabiensis\nUd\u017ebenici Sveu\u010dili\u0161ta u Zagrbeu\" class=\"wp-image-1777\" width=\"512\" height=\"107\" srcset=\"https:\/\/usluge.ict-aac.hr\/udzbenik-pk\/wp-content\/uploads\/2021\/05\/Zagrabiensisodluka-1024x213.png 1024w, https:\/\/usluge.ict-aac.hr\/udzbenik-pk\/wp-content\/uploads\/2021\/05\/Zagrabiensisodluka-300x62.png 300w, https:\/\/usluge.ict-aac.hr\/udzbenik-pk\/wp-content\/uploads\/2021\/05\/Zagrabiensisodluka-768x160.png 768w, https:\/\/usluge.ict-aac.hr\/udzbenik-pk\/wp-content\/uploads\/2021\/05\/Zagrabiensisodluka.png 1388w\" sizes=\"auto, (max-width: 512px) 100vw, 512px\" \/><\/figure><\/div>\n\n\n\n<hr class=\"wp-block-separator\"\/>\n\n\n\n<div class=\"wp-block-group\"><div class=\"wp-block-group__inner-container is-layout-flow wp-block-group-is-layout-flow\">\n<div class=\"wp-block-group\"><div class=\"wp-block-group__inner-container is-layout-flow wp-block-group-is-layout-flow\">\n<p class=\"has-text-align-center\">U ovom digitalnom ud\u017ebeniku implementirane su opcije pristupa\u010dnosti u skladu s <a rel=\"noreferrer noopener\" href=\"http:\/\/www.ict-aac.hr\/images\/HAKOM_skup\/Metodologija\/HAKOM_A5_Metodologija_FINAL_WEB.pdf\" target=\"_blank\">Metodologijom za razvoj pristupa\u010dnog sjedi\u0161ta weba<\/a> i istra\u017eivanjima provedenim na projektu <a rel=\"noreferrer noopener\" href=\"http:\/\/usluge.ict-aac.hr\/pristupacni-web-2\/web-pristupacnost\/\" target=\"_blank\">Pristupa\u010dno web-sjedi\u0161te za osobe s invaliditetom<\/a>. Opcije pristupa\u010dnosti uklju\u010duju opcije za pove\u0107anje\/smanjenje fonta, promjenu fonta u font prilago\u0111en za osobe s disleksijom te visoki kontrast. <\/p>\n<\/div><\/div>\n<\/div><\/div>\n","protected":false},"excerpt":{"rendered":"<p>Slijede\u0107i inicijative Svjetske zdravstvene organizacije i obveze po\u0161tivanja Konvencije o pravima osoba s invaliditetom, te u skladu s Planom programskih aktivnosti Vlade Republike Hrvatske i UNICEF-a za razdoblje od 2017. do 2021. godine, Ured UNICEF-a za Hrvatsku pru\u017eio je podr\u0161ku [&hellip;]<\/p>\n","protected":false},"author":1,"featured_media":0,"parent":0,"menu_order":0,"comment_status":"closed","ping_status":"closed","template":"","meta":{"footnotes":""},"tags":[],"class_list":["post-364","page","type-page","status-publish","hentry"],"_links":{"self":[{"href":"https:\/\/usluge.ict-aac.hr\/udzbenik-pk\/index.php?rest_route=\/wp\/v2\/pages\/364","targetHints":{"allow":["GET"]}}],"collection":[{"href":"https:\/\/usluge.ict-aac.hr\/udzbenik-pk\/index.php?rest_route=\/wp\/v2\/pages"}],"about":[{"href":"https:\/\/usluge.ict-aac.hr\/udzbenik-pk\/index.php?rest_route=\/wp\/v2\/types\/page"}],"author":[{"embeddable":true,"href":"https:\/\/usluge.ict-aac.hr\/udzbenik-pk\/index.php?rest_route=\/wp\/v2\/users\/1"}],"replies":[{"embeddable":true,"href":"https:\/\/usluge.ict-aac.hr\/udzbenik-pk\/index.php?rest_route=%2Fwp%2Fv2%2Fcomments&post=364"}],"version-history":[{"count":17,"href":"https:\/\/usluge.ict-aac.hr\/udzbenik-pk\/index.php?rest_route=\/wp\/v2\/pages\/364\/revisions"}],"predecessor-version":[{"id":1781,"href":"https:\/\/usluge.ict-aac.hr\/udzbenik-pk\/index.php?rest_route=\/wp\/v2\/pages\/364\/revisions\/1781"}],"wp:attachment":[{"href":"https:\/\/usluge.ict-aac.hr\/udzbenik-pk\/index.php?rest_route=%2Fwp%2Fv2%2Fmedia&parent=364"}],"wp:term":[{"taxonomy":"post_tag","embeddable":true,"href":"https:\/\/usluge.ict-aac.hr\/udzbenik-pk\/index.php?rest_route=%2Fwp%2Fv2%2Ftags&post=364"}],"curies":[{"name":"wp","href":"https:\/\/api.w.org\/{rel}","templated":true}]}}