{"id":221,"date":"2020-08-26T09:36:58","date_gmt":"2020-08-26T09:36:58","guid":{"rendered":"http:\/\/usluge.ict-aac.hr\/udzbenik-pk\/\/?page_id=221"},"modified":"2021-02-17T15:57:07","modified_gmt":"2021-02-17T15:57:07","slug":"13-5-primjer-5-pricanje-price-uz-vizualnu-podrsku","status":"publish","type":"page","link":"https:\/\/usluge.ict-aac.hr\/udzbenik-pk\/?page_id=221","title":{"rendered":"13.5 Primjer 5. Pri\u010danje pri\u010de uz vizualnu podr\u0161ku"},"content":{"rendered":"\n<p><strong>Opis aktivnosti:<\/strong> Potreban je predlo\u017eak sa simbolima te po \u017eelji figurice i\/ili predmeti iz pri\u010de (Crvenkapica, ko\u0161ara, baka, lovac, vuk i sl.). Komunikacijski partner i dijete sjede jedan nasuprot drugome, predlo\u017eak sa simbolima stoji ispred djeteta.<\/p>\n\n\n\n<p>Komunikacijski partner zapo\u010dinje aktivnost tako da pripovijeda <em>Crvenkapicu<\/em> i usporedo pokazuje simbole koji se nalaze na predlo\u0161ku, a istodobno mo\u017ee koristiti figurice ili predmete iz pri\u010de. Nakon \u010ditanja pri\u010de komunikacijski partner poti\u010de aktivnost djeteta koja ovisi o djetetovim komunikacijskim i jezi\u010dnim sposobnostima.<\/p>\n\n\n\n<p>Aktivnost se mo\u017ee promijeniti i upotrebom komunikacijskih pomagala s govornim izlazom (umjesto papirnatog predlo\u0161ka upotreba istih simbola u ICT-AAC aplikaciji e-Galerija na tabletu).<\/p>\n\n\n\n<div class=\"wp-block-image\"><figure class=\"aligncenter size-large is-resized\"><img loading=\"lazy\" decoding=\"async\" src=\"http:\/\/usluge.ict-aac.hr\/udzbenik-pk\/\/wp-content\/uploads\/2020\/09\/CRVENKAPICA_Page_1.png\" alt=\"Slika 5. Indvidualizirana pri\u010da o Crvenkapici (Jagodi\u0107 i Rosandi\u0107, 2019.)\" class=\"wp-image-1479\" width=\"972\" height=\"972\"\/><\/figure><\/div>\n\n\n\n<div class=\"wp-block-image\"><figure class=\"aligncenter size-large is-resized\"><img loading=\"lazy\" decoding=\"async\" src=\"http:\/\/usluge.ict-aac.hr\/udzbenik-pk\/\/wp-content\/uploads\/2020\/09\/CRVENKAPICA_Page_2.png\" alt=\"Slika 5. Indvidualizirana pri\u010da o Crvenkapici (Jagodi\u0107 i Rosandi\u0107, 2019.)\" class=\"wp-image-1480\" width=\"759\" height=\"935\"\/><\/figure><\/div>\n\n\n\n<div class=\"wp-block-image\"><figure class=\"aligncenter size-large is-resized\"><img loading=\"lazy\" decoding=\"async\" src=\"http:\/\/usluge.ict-aac.hr\/udzbenik-pk\/\/wp-content\/uploads\/2020\/09\/CRVENKAPICA_Page_3.png\" alt=\"Slika 5. Indvidualizirana pri\u010da o Crvenkapici (Jagodi\u0107 i Rosandi\u0107, 2019.)\" class=\"wp-image-1477\" width=\"575\" height=\"949\"\/><\/figure><\/div>\n\n\n\n<figure class=\"wp-block-image size-large is-resized\"><img loading=\"lazy\" decoding=\"async\" src=\"http:\/\/usluge.ict-aac.hr\/udzbenik-pk\/\/wp-content\/uploads\/2020\/09\/CRVENKAPICA_Page_4.png\" alt=\"Slika 5. Indvidualizirana pri\u010da o Crvenkapici (Jagodi\u0107 i Rosandi\u0107, 2019.)\" class=\"wp-image-1481\" width=\"993\" height=\"395\"\/><figcaption><strong>Slika 5.<\/strong> Indvidualizirana pri\u010da o Crvenkapici (Jagodi\u0107 i Rosandi\u0107, 2019) [*]<\/figcaption><\/figure>\n\n\n\n<p><strong>Ciljevi:<\/strong> <strong>Jezi\u010dna proizvodnja, pripovijedanje, gramati\u010dko ozna\u010davanje.<\/strong><\/p>\n\n\n\n<p>Za dijete ni\u017ee razvojne razine: logoped za po\u010detak slijedi pri\u010du govore\u0107i i istodobno pokazuju\u0107i na simbole te i\u0161\u010dekuje od djeteta da se nadove\u017ee pokazuju\u0107i na simbol koji u pri\u010di slijedi. Za dijete naprednije razvojne razine: poti\u010de se prepri\u010davanje pri\u010de uz pomo\u0107 simbola, uz kombinaciju govora i simbola ili odabirom simbola na komunikacijskom pomagalu (ako dijete koristi visokotehnolo\u0161ki ure\u0111aj).<\/p>\n\n\n\n<p><\/p>\n\n\n\n<hr class=\"wp-block-separator\"\/>\n\n\n\n<p>[*] Jagodi\u0107, I. i Rosandi\u0107, M. (2019). Rana logopedska intervencija kod dje\u010daka s poreme\u0107ajem iz spektra autizma U: M. \u0160imanovi\u0107 (Ur.). Knjiga sa\u017eetaka, Peti hrvatski simpozij o ranoj intervenciji u djetinjstvu: Rano otkrivanje, dijagnostika i podr\u0161ka kod poreme\u0107aja iz spektra autizma (str. 103). Zagreb: Hrvatska udruga za ranu intervenciju u djetinjstvu \u2013 HURID.<\/p>\n\n\n\n<div class=\"wp-block-buttons is-layout-flex wp-block-buttons-is-layout-flex\">\n<div class=\"wp-block-button\"><a class=\"wp-block-button__link has-background\" href=\"http:\/\/usluge.ict-aac.hr\/udzbenik-pk\/\/?page_id=222\" style=\"background-color:#0292cb\">DALJE<\/a><\/div>\n<\/div>\n","protected":false},"excerpt":{"rendered":"<p>Opis aktivnosti: Potreban je predlo\u017eak sa simbolima te po \u017eelji figurice i\/ili predmeti iz pri\u010de (Crvenkapica, ko\u0161ara, baka, lovac, vuk i sl.). Komunikacijski partner i dijete sjede jedan nasuprot drugome, predlo\u017eak sa simbolima stoji ispred djeteta. Komunikacijski partner zapo\u010dinje aktivnost [&hellip;]<\/p>\n","protected":false},"author":1,"featured_media":0,"parent":206,"menu_order":0,"comment_status":"closed","ping_status":"closed","template":"","meta":{"footnotes":""},"tags":[],"class_list":["post-221","page","type-page","status-publish","hentry"],"_links":{"self":[{"href":"https:\/\/usluge.ict-aac.hr\/udzbenik-pk\/index.php?rest_route=\/wp\/v2\/pages\/221","targetHints":{"allow":["GET"]}}],"collection":[{"href":"https:\/\/usluge.ict-aac.hr\/udzbenik-pk\/index.php?rest_route=\/wp\/v2\/pages"}],"about":[{"href":"https:\/\/usluge.ict-aac.hr\/udzbenik-pk\/index.php?rest_route=\/wp\/v2\/types\/page"}],"author":[{"embeddable":true,"href":"https:\/\/usluge.ict-aac.hr\/udzbenik-pk\/index.php?rest_route=\/wp\/v2\/users\/1"}],"replies":[{"embeddable":true,"href":"https:\/\/usluge.ict-aac.hr\/udzbenik-pk\/index.php?rest_route=%2Fwp%2Fv2%2Fcomments&post=221"}],"version-history":[{"count":7,"href":"https:\/\/usluge.ict-aac.hr\/udzbenik-pk\/index.php?rest_route=\/wp\/v2\/pages\/221\/revisions"}],"predecessor-version":[{"id":1731,"href":"https:\/\/usluge.ict-aac.hr\/udzbenik-pk\/index.php?rest_route=\/wp\/v2\/pages\/221\/revisions\/1731"}],"up":[{"embeddable":true,"href":"https:\/\/usluge.ict-aac.hr\/udzbenik-pk\/index.php?rest_route=\/wp\/v2\/pages\/206"}],"wp:attachment":[{"href":"https:\/\/usluge.ict-aac.hr\/udzbenik-pk\/index.php?rest_route=%2Fwp%2Fv2%2Fmedia&parent=221"}],"wp:term":[{"taxonomy":"post_tag","embeddable":true,"href":"https:\/\/usluge.ict-aac.hr\/udzbenik-pk\/index.php?rest_route=%2Fwp%2Fv2%2Ftags&post=221"}],"curies":[{"name":"wp","href":"https:\/\/api.w.org\/{rel}","templated":true}]}}