{"id":206,"date":"2020-08-26T09:32:37","date_gmt":"2020-08-26T09:32:37","guid":{"rendered":"http:\/\/usluge.ict-aac.hr\/udzbenik-pk\/\/?page_id=206"},"modified":"2021-02-16T15:52:35","modified_gmt":"2021-02-16T15:52:35","slug":"13-aktivnosti-za-poticanje-komunikacijskog-i-jezicnog-razvoja","status":"publish","type":"page","link":"https:\/\/usluge.ict-aac.hr\/udzbenik-pk\/?page_id=206","title":{"rendered":"13. AKTIVNOSTI ZA POTICANJE KOMUNIKACIJSKOG I JEZI\u010cNOG RAZVOJA"},"content":{"rendered":"\n<div class=\"wp-block-group\"><div class=\"wp-block-group__inner-container is-layout-flow wp-block-group-is-layout-flow\">\n<p class=\"has-text-align-right\"><strong>Monika Rosandi\u0107 Grgi\u0107, Klara Pop\u010devi\u0107, Ines Jagodi\u0107 i Ines Rodi\u0107 Maru\u0161i\u0107<\/strong><\/p>\n<\/div><\/div>\n\n\n\n<hr class=\"wp-block-separator\"\/>\n\n\n\n<p>Kroz razli\u010dita poglavlja u okviru ud\u017ebenika nagla\u0161eno je da odabir metoda potpomognute komunikacije ovisi o individualnim obilje\u017ejima korisnika. S obzirom na to da je potpomognutu komunikaciju nu\u017eno uvoditi u svakodnevne aktivnosti na na\u010din da komunikacijski partner modelira uporabu simbola, u ovom poglavlju je prikazano sedam razli\u010ditih aktivnosti, ciljeva poticanja na dvije razine uz primjer komunikacijske plo\u010de koja prati opisanu aktivnost. Opisane aktivnosti i prate\u0107e komunikacijske plo\u010de slu\u017ee kao primjer svim stru\u010dnjacima koji su u kontaktu s djecom rane dobi koja imaju slo\u017eene komunikacijske potrebe. Primjeri su namijenjeni i roditeljima\/\u010dlanovima obitelji koji u okviru svakodnevnih rutina imaju brojne prilike za poticanje interakcije te komunikacijskog i jezi\u010dnog razvoja djeteta koje pokazuje osobitosti u komunikaciji, nedovoljno razumije jezik ili odstupa u jezi\u010dnoj proizvodnji.<\/p>\n\n\n\n<div class=\"wp-block-buttons is-layout-flex wp-block-buttons-is-layout-flex\">\n<div class=\"wp-block-button\"><a class=\"wp-block-button__link has-background\" href=\"http:\/\/usluge.ict-aac.hr\/udzbenik-pk\/\/?page_id=207\" style=\"background-color:#0292cb\">DALJE<\/a><\/div>\n<\/div>\n\n\n\n<p><\/p>\n","protected":false},"excerpt":{"rendered":"<p>Monika Rosandi\u0107 Grgi\u0107, Klara Pop\u010devi\u0107, Ines Jagodi\u0107 i Ines Rodi\u0107 Maru\u0161i\u0107 Kroz razli\u010dita poglavlja u okviru ud\u017ebenika nagla\u0161eno je da odabir metoda potpomognute komunikacije ovisi o individualnim obilje\u017ejima korisnika. S obzirom na to da je potpomognutu komunikaciju nu\u017eno uvoditi u [&hellip;]<\/p>\n","protected":false},"author":1,"featured_media":403,"parent":0,"menu_order":0,"comment_status":"closed","ping_status":"closed","template":"","meta":{"footnotes":""},"tags":[53,56],"class_list":["post-206","page","type-page","status-publish","has-post-thumbnail","hentry","tag-poglavlje-head","tag-poglavlje13"],"_links":{"self":[{"href":"https:\/\/usluge.ict-aac.hr\/udzbenik-pk\/index.php?rest_route=\/wp\/v2\/pages\/206","targetHints":{"allow":["GET"]}}],"collection":[{"href":"https:\/\/usluge.ict-aac.hr\/udzbenik-pk\/index.php?rest_route=\/wp\/v2\/pages"}],"about":[{"href":"https:\/\/usluge.ict-aac.hr\/udzbenik-pk\/index.php?rest_route=\/wp\/v2\/types\/page"}],"author":[{"embeddable":true,"href":"https:\/\/usluge.ict-aac.hr\/udzbenik-pk\/index.php?rest_route=\/wp\/v2\/users\/1"}],"replies":[{"embeddable":true,"href":"https:\/\/usluge.ict-aac.hr\/udzbenik-pk\/index.php?rest_route=%2Fwp%2Fv2%2Fcomments&post=206"}],"version-history":[{"count":6,"href":"https:\/\/usluge.ict-aac.hr\/udzbenik-pk\/index.php?rest_route=\/wp\/v2\/pages\/206\/revisions"}],"predecessor-version":[{"id":1613,"href":"https:\/\/usluge.ict-aac.hr\/udzbenik-pk\/index.php?rest_route=\/wp\/v2\/pages\/206\/revisions\/1613"}],"wp:featuredmedia":[{"embeddable":true,"href":"https:\/\/usluge.ict-aac.hr\/udzbenik-pk\/index.php?rest_route=\/wp\/v2\/media\/403"}],"wp:attachment":[{"href":"https:\/\/usluge.ict-aac.hr\/udzbenik-pk\/index.php?rest_route=%2Fwp%2Fv2%2Fmedia&parent=206"}],"wp:term":[{"taxonomy":"post_tag","embeddable":true,"href":"https:\/\/usluge.ict-aac.hr\/udzbenik-pk\/index.php?rest_route=%2Fwp%2Fv2%2Ftags&post=206"}],"curies":[{"name":"wp","href":"https:\/\/api.w.org\/{rel}","templated":true}]}}