{"id":205,"date":"2020-08-26T09:32:26","date_gmt":"2020-08-26T09:32:26","guid":{"rendered":"http:\/\/usluge.ict-aac.hr\/udzbenik-pk\/\/?page_id=205"},"modified":"2021-02-17T15:55:14","modified_gmt":"2021-02-17T15:55:14","slug":"12-13-literatura","status":"publish","type":"page","link":"https:\/\/usluge.ict-aac.hr\/udzbenik-pk\/?page_id=205","title":{"rendered":"12.13 Literatura"},"content":{"rendered":"\n<p>Babi\u0107, J.\u00a0 Slivar, I., Car Z. i Podobnik, V. (2015). Prototype-driven software development process for augmentative and alternative communication applications, Proceedings of the 13th International Conference on Telecommunications (ConTEL), Graz, pp. 1\u20138.<\/p>\n\n\n\n<p>Doli\u0107, J.\u00a0 (2014). <em>Model grafi\u010dkoga znakovnoga sustava za osobe sa slo\u017eenim komunikacijskim potrebama <\/em>(Doktorska disertacija). Zagreb: Sveu\u010dili\u0161te u Zagrebu Grafi\u010dki fakultet.<\/p>\n\n\n\n<p><em>ICT-AAC &#8211; Katalog znanja<\/em> (2015). Dostupno na poveznici: <a href=\"http:\/\/ict-aac.fer.unizg.hr\/index.php\/hr\/usluge\/katalog-znanja\">http:\/\/ict-aac.fer.unizg.hr\/index.php\/hr\/usluge\/katalog-znanja<\/a>.<\/p>\n\n\n\n<p>Pavlin-Bernardi\u0107, N. Kuterovac Jagodi\u0107, G. i Vlahovi\u0107 \u0160teti\u0107, V. (2014). <em>Primjena aplikacija razvijenih u okviru projekta ICT-AAC u podr\u017eavanju i poticanju razvoja matemati\u010dkih i \u010ditala\u010dkih vje\u0161tina<\/em>, Tre\u0107i diseminacijski skup projekta &#8220;Kompetencijska mre\u017ea zasnovana na informacijsko-komunikacijskim tehnologijama za inovativne usluge namijenjene osobama sa slo\u017eenim komunikacijskim potrebama&#8221;, Zagreb: Fakultet elektrotehnike i ra\u010dunarstva, 22\u201323.<\/p>\n\n\n\n<p>Pavlin-Bernardi\u0107, N. Kuterovac Jagodi\u0107, G. i Vlahovi\u0107 \u0160teti\u0107, V. (2015). <em>Poticanje ranih matemati\u010dkih pojmova i vje\u0161tina putem digitalnih aplikacija iz projekta ICT-AAC<\/em>, <em>Pou\u010dak: \u010dasopis za metodiku i nastavu matematike. 16,<\/em> 61; 22\u201327.<\/p>\n\n\n\n<p>Pir\u0161a, A., Roki\u0107, L., Vdovi\u0107, H., Vertlberg, L., \u017dilak, M., Car, \u017d. i Podobnik, V. (2017). <em>Analysis of ICT-based Assistive Solutions for People with Disabilities<\/em>, Proceedings of the 14th International Conference on Telecommunications (ConTEL 2017), IEEE, 13\u201318.<\/p>\n\n\n\n<p>Vu\u010dak, I. (2017). <em>Informacijska i komunikacijska uslu\u017ena platforma za potpomognutu komunikaciju<\/em> (Doktorska disertacija). Zagreb: Sveu\u010dili\u0161te u Zagrebu, Fakultet elektrotehnike i ra\u010dunarstva.<\/p>\n\n\n\n<p>Vukovi\u0107, M. Car, \u017d. Iv\u0161ac Pavlisa, J. i Mandi\u0107, L. (2018). Smartwatch as an Assistive Technology: Tracking System for Detecting Irregular User Movement, <em>International Journal of E-Health and Medical Communications (IJEHMC), 9<\/em> (1), 23\u201334.<\/p>\n\n\n\n<p>Zagaj\u0161ek, B. (2014). <em>Dinami\u010dka prilagodba edukacijskog sadr\u017eaja za korisnike potpomognute komunikacije zasnovane na informacijskoj i komunikacijskoj tehnologiji<\/em> (Doktorska disertacija). Zagreb: Sveu\u010dili\u0161te u Zagrebu, Fakultet elektrotehnike i ra\u010dunarstva.<\/p>\n\n\n\n<div class=\"wp-block-buttons is-layout-flex wp-block-buttons-is-layout-flex\">\n<div class=\"wp-block-button\"><a class=\"wp-block-button__link has-background\" href=\"http:\/\/usluge.ict-aac.hr\/udzbenik-pk\/\/?page_id=206\" style=\"background-color:#0292cb\">DALJE<\/a><\/div>\n<\/div>\n","protected":false},"excerpt":{"rendered":"<p>Babi\u0107, J.\u00a0 Slivar, I., Car Z. i Podobnik, V. (2015). Prototype-driven software development process for augmentative and alternative communication applications, Proceedings of the 13th International Conference on Telecommunications (ConTEL), Graz, pp. 1\u20138. Doli\u0107, J.\u00a0 (2014). Model grafi\u010dkoga znakovnoga sustava za [&hellip;]<\/p>\n","protected":false},"author":1,"featured_media":0,"parent":173,"menu_order":0,"comment_status":"closed","ping_status":"closed","template":"","meta":{"footnotes":""},"tags":[],"class_list":["post-205","page","type-page","status-publish","hentry"],"_links":{"self":[{"href":"https:\/\/usluge.ict-aac.hr\/udzbenik-pk\/index.php?rest_route=\/wp\/v2\/pages\/205","targetHints":{"allow":["GET"]}}],"collection":[{"href":"https:\/\/usluge.ict-aac.hr\/udzbenik-pk\/index.php?rest_route=\/wp\/v2\/pages"}],"about":[{"href":"https:\/\/usluge.ict-aac.hr\/udzbenik-pk\/index.php?rest_route=\/wp\/v2\/types\/page"}],"author":[{"embeddable":true,"href":"https:\/\/usluge.ict-aac.hr\/udzbenik-pk\/index.php?rest_route=\/wp\/v2\/users\/1"}],"replies":[{"embeddable":true,"href":"https:\/\/usluge.ict-aac.hr\/udzbenik-pk\/index.php?rest_route=%2Fwp%2Fv2%2Fcomments&post=205"}],"version-history":[{"count":5,"href":"https:\/\/usluge.ict-aac.hr\/udzbenik-pk\/index.php?rest_route=\/wp\/v2\/pages\/205\/revisions"}],"predecessor-version":[{"id":1730,"href":"https:\/\/usluge.ict-aac.hr\/udzbenik-pk\/index.php?rest_route=\/wp\/v2\/pages\/205\/revisions\/1730"}],"up":[{"embeddable":true,"href":"https:\/\/usluge.ict-aac.hr\/udzbenik-pk\/index.php?rest_route=\/wp\/v2\/pages\/173"}],"wp:attachment":[{"href":"https:\/\/usluge.ict-aac.hr\/udzbenik-pk\/index.php?rest_route=%2Fwp%2Fv2%2Fmedia&parent=205"}],"wp:term":[{"taxonomy":"post_tag","embeddable":true,"href":"https:\/\/usluge.ict-aac.hr\/udzbenik-pk\/index.php?rest_route=%2Fwp%2Fv2%2Ftags&post=205"}],"curies":[{"name":"wp","href":"https:\/\/api.w.org\/{rel}","templated":true}]}}