{"id":204,"date":"2020-08-26T09:32:18","date_gmt":"2020-08-26T09:32:18","guid":{"rendered":"http:\/\/usluge.ict-aac.hr\/udzbenik-pk\/\/?page_id=204"},"modified":"2021-02-17T15:48:10","modified_gmt":"2021-02-17T15:48:10","slug":"12-11-ostala-rjesenja","status":"publish","type":"page","link":"https:\/\/usluge.ict-aac.hr\/udzbenik-pk\/?page_id=204","title":{"rendered":"12.11 Ostala rje\u0161enja"},"content":{"rendered":"\n<p>Jedno od vrlo popularnih rje\u0161enja u podru\u010dju asistivne tehnologije svakako je <strong>Tobii <\/strong>(<strong>Slika 18<\/strong>). To je ra\u010dunalo posebne namjene za komunikaciju i kontrolu \u017eivotnog okru\u017eja koje ima vlastiti komunikacijski softver pomo\u0107u kojeg se ostvaruje interakcija korisnika s ra\u010dunalom, a time posredno korisnika i okoline putem upravljanja pogledom. Ure\u0111aj na svojem korisni\u010dkom su\u010delju prikazuje simbole potpomognute komunikacije, pri \u010demu su simboli slo\u017eeni u formu mre\u017ee. Kao i u svakom komunikatoru, odabirom pojedinog simbola i njihovim slaganjem, korisnik oblikuje svoju komunikacijsku poruku. Odabirom simbola reproducira se zvu\u010dni zapis, a uz simbol postoje i tekstualni zapisi. Mogu\u0107e je tako\u0111er koristiti tipkovnicu i standardni mi\u0161 te dodir zaslona za interakciju s ure\u0111ajem (\u0161to olak\u0161ava pripremu materijala na ovom ure\u0111aju osobama koje nemaju slo\u017eene komunikacijske potrebe). Tako\u0111er, podr\u017eana je komunikacija tekstom, simbolima potpomognute komunikacije i glasom. Tobii je ure\u0111aj s visokim stupnjem mogu\u0107nosti prilagodbe korisniku, \u0161to zna\u010di da zahtijeva ure\u0111ivanje postavki prema konkretnim specifi\u010dnostima i zahtjevima korisnika.<\/p>\n\n\n\n<div class=\"wp-block-image\"><figure class=\"aligncenter size-large is-resized\"><img loading=\"lazy\" decoding=\"async\" src=\"http:\/\/usluge.ict-aac.hr\/udzbenik-pk\/\/wp-content\/uploads\/2020\/09\/76.jpg\" alt=\"Ure\u0111aj Tobii\" class=\"wp-image-867\" width=\"418\" height=\"314\"\/><figcaption><strong>Slika 18. <\/strong>Ure\u0111aj Tobii<\/figcaption><\/figure><\/div>\n\n\n\n<p>Trenuta\u010dno postoje brojna razli\u010dita rje\u0161enja koja nisu na hrvatskom jeziku. Web-katalog asistivnih digitalnih rje\u0161enja dostupan je u okviru sjedi\u0161ta weba Kompetencijske mre\u017ee ICT-AAC. Katalog je nastao pretra\u017eivanjem dostupnih informacijsko-komunikacijskih rje\u0161enja i asistivnih pomagala za osobe s invaliditetom sukladno zadanoj taksonomiji (Pir\u0161a i sur., 2017). Korisnici mogu pretra\u017eivati katalog prema kriterijima tehnologije, jezika aplikacije, cijene, proizvo\u0111a\u010da, opisa, postojanja recenzija i sli\u010dno.<\/p>\n\n\n\n<div class=\"wp-block-buttons is-layout-flex wp-block-buttons-is-layout-flex\">\n<div class=\"wp-block-button\"><a class=\"wp-block-button__link has-background\" href=\"http:\/\/usluge.ict-aac.hr\/udzbenik-pk\/\/?page_id=970\" style=\"background-color:#0292cb\">DALJE<\/a><\/div>\n<\/div>\n","protected":false},"excerpt":{"rendered":"<p>Jedno od vrlo popularnih rje\u0161enja u podru\u010dju asistivne tehnologije svakako je Tobii (Slika 18). To je ra\u010dunalo posebne namjene za komunikaciju i kontrolu \u017eivotnog okru\u017eja koje ima vlastiti komunikacijski softver pomo\u0107u kojeg se ostvaruje interakcija korisnika s ra\u010dunalom, a time [&hellip;]<\/p>\n","protected":false},"author":1,"featured_media":0,"parent":173,"menu_order":0,"comment_status":"closed","ping_status":"closed","template":"","meta":{"footnotes":""},"tags":[],"class_list":["post-204","page","type-page","status-publish","hentry"],"_links":{"self":[{"href":"https:\/\/usluge.ict-aac.hr\/udzbenik-pk\/index.php?rest_route=\/wp\/v2\/pages\/204","targetHints":{"allow":["GET"]}}],"collection":[{"href":"https:\/\/usluge.ict-aac.hr\/udzbenik-pk\/index.php?rest_route=\/wp\/v2\/pages"}],"about":[{"href":"https:\/\/usluge.ict-aac.hr\/udzbenik-pk\/index.php?rest_route=\/wp\/v2\/types\/page"}],"author":[{"embeddable":true,"href":"https:\/\/usluge.ict-aac.hr\/udzbenik-pk\/index.php?rest_route=\/wp\/v2\/users\/1"}],"replies":[{"embeddable":true,"href":"https:\/\/usluge.ict-aac.hr\/udzbenik-pk\/index.php?rest_route=%2Fwp%2Fv2%2Fcomments&post=204"}],"version-history":[{"count":7,"href":"https:\/\/usluge.ict-aac.hr\/udzbenik-pk\/index.php?rest_route=\/wp\/v2\/pages\/204\/revisions"}],"predecessor-version":[{"id":1729,"href":"https:\/\/usluge.ict-aac.hr\/udzbenik-pk\/index.php?rest_route=\/wp\/v2\/pages\/204\/revisions\/1729"}],"up":[{"embeddable":true,"href":"https:\/\/usluge.ict-aac.hr\/udzbenik-pk\/index.php?rest_route=\/wp\/v2\/pages\/173"}],"wp:attachment":[{"href":"https:\/\/usluge.ict-aac.hr\/udzbenik-pk\/index.php?rest_route=%2Fwp%2Fv2%2Fmedia&parent=204"}],"wp:term":[{"taxonomy":"post_tag","embeddable":true,"href":"https:\/\/usluge.ict-aac.hr\/udzbenik-pk\/index.php?rest_route=%2Fwp%2Fv2%2Ftags&post=204"}],"curies":[{"name":"wp","href":"https:\/\/api.w.org\/{rel}","templated":true}]}}