{"id":203,"date":"2020-08-26T09:32:12","date_gmt":"2020-08-26T09:32:12","guid":{"rendered":"http:\/\/usluge.ict-aac.hr\/udzbenik-pk\/\/?page_id=203"},"modified":"2020-09-21T13:19:24","modified_gmt":"2020-09-21T13:19:24","slug":"12-10-aplikacija-cboard","status":"publish","type":"page","link":"https:\/\/usluge.ict-aac.hr\/udzbenik-pk\/?page_id=203","title":{"rendered":"12.10 Aplikacija Cboard"},"content":{"rendered":"\n<p>Kompetencijska mre\u017ea ICT-AAC partner je na projektu <em><a rel=\"noreferrer noopener\" href=\"https:\/\/training.globalsymbols.com\/course\/index.php?categoryid=6\" target=\"_blank\">Komunikacija za svako dijete: primjena tehnologije 21. stolje\u0107a za promociju komunikacije, obrazovanja i socijalnog uklju\u010divanja djece rane dobi s te\u0161ko\u0107ama u razvoju<\/a><\/em> koji financira UNICEF. Kroz projekt je osigurana edukacija stru\u010dnjaka koji rade s djecom s te\u0161ko\u0107ama u razvoju, kao i oprema potrebna brojnim institucijama za kori\u0161tenje potpomognute komunikacije u radu s djecom sa slo\u017eenim komunikacijskim potrebama. Osim navedenih edukacija i opreme, cilj projekta je i pilotiranje aplikacije Cboard \u010diji opis slijedi. <\/p>\n\n\n\n<p><strong>Aplikacija Cboard<\/strong> je besplatna aplikacija dostupna <a rel=\"noreferrer noopener\" href=\"https:\/\/play.google.com\/store\/apps\/details?id=com.unicef.cboard&amp;hl=en\" target=\"_blank\">ovdje <\/a>za kori\u0161tenje putem prijenosnih ure\u0111aja (tableta, pametnih telefona) s operacijskim sustavom Android ili putem suvremenih internetskih preglednika <a rel=\"noreferrer noopener\" href=\"https:\/\/www.cboard.io\/\" target=\"_blank\">ovdje<\/a>. Mogu\u0107e ju je koristiti i bez pristupa internetu, ali u tom slu\u010daju ima ograni\u010dene funkcionalnosti. Aplikacija Cboard <strong>omogu\u0107uje prikaz komunikacijskih plo\u010da koje mogu sadr\u017eavati neograni\u010den broj simbola i mapa sa simbolima<\/strong>. Komunikacijska plo\u010da je, jednostavno odre\u0111eno, mre\u017ea razli\u010ditih simbola, fotografija, grafema ili rije\u010di koji korisniku omogu\u0107uju izra\u017eavanje misli ili potreba. U aplikaciji postoji po\u010detno zadana komunikacijska plo\u010da, no plo\u010de se mogu i samostalno izraditi ili preuzeti iz drugog izvora. Kori\u0161tenje opcija registracije i prijave korisnika aplikacija omogu\u0107uje korisniku pristup vlastitim i personaliziranim komunikacijskim plo\u010dama na bilo kojem ure\u0111aju.<\/p>\n\n\n\n<div class=\"wp-block-image\"><figure class=\"aligncenter size-large is-resized\"><img loading=\"lazy\" decoding=\"async\" src=\"http:\/\/usluge.ict-aac.hr\/udzbenik-pk\/\/wp-content\/uploads\/2020\/09\/cboard-0.jpg\" alt=\"Su\u010delje zaslona za prijavu u Cboard\" class=\"wp-image-858\" width=\"383\" height=\"239\"\/><\/figure><\/div>\n\n\n\n<div class=\"wp-block-image\"><figure class=\"aligncenter size-large is-resized\"><img loading=\"lazy\" decoding=\"async\" src=\"http:\/\/usluge.ict-aac.hr\/udzbenik-pk\/\/wp-content\/uploads\/2020\/09\/cboard-1-izv.jpg\" alt=\"Su\u010delje po\u010detno zadane komunikacijske plo\u010de\" class=\"wp-image-859\" width=\"806\" height=\"504\"\/><figcaption><strong>Slika 13.<\/strong> Su\u010delje zaslona za prijavu u Cboard te po\u010detno zadana komunikacijska plo\u010da<\/figcaption><\/figure><\/div>\n\n\n\n<p>Po\u010detno zadana komunikacijska plo\u010da, koja se prika\u017ee prvim ulaskom u aplikaciju, sadr\u017ei kategorije simbola poput sljede\u0107ih: brzi razgovor, vrijeme, hrana, pi\u0107e, aktivnosti, emocije, odje\u0107a, ljudi i brojne druge. Mogu\u0107e je <strong>samostalno izraditi komunikacijske plo\u010de za bilo koju \u017eivotnu situaciju ili aktivnost<\/strong>, kao i urediti postoje\u0107e. Sadr\u017eaj komunikacijske plo\u010de mo\u017ee se dodati, izbrisati, urediti, a redoslijed simbola na njoj tako\u0111er se mo\u017ee izmijeniti. Prilikom izrade komunikacijske plo\u010de mogu se koristiti simboli iz triju nekomercijalnih galerija simbola: Mulberry, Gobal Symbols i ARASAAC, kao i slike (simboli, fotografije) pohranjene u galeriji ure\u0111aja. Simbolu se mo\u017ee dati proizvoljan naziv te boja pozadine. Dostupne su tri kategorije boja pozadine: Cboard, Fitzgerald i Goossens, o \u010demu se ve\u0107 govorilo u poglavljima o klju\u010dnim obilje\u017ejima potpomognute komunikacije i organizaciji komunikacijskih knjiga prema pragmati\u010dkim na\u010delima. Plo\u010da osim simbola mo\u017ee sadr\u017eavati i mape sa simbolima kojima se tako\u0111er mogu zadati proizvoljna slika, naziv i pozadina te koje je mogu\u0107e povezati s prethodno izra\u0111enim plo\u010dama ili mapama.&nbsp;<\/p>\n\n\n\n<div class=\"wp-block-image\"><figure class=\"aligncenter size-large is-resized\"><img loading=\"lazy\" decoding=\"async\" src=\"http:\/\/usluge.ict-aac.hr\/udzbenik-pk\/\/wp-content\/uploads\/2020\/09\/cboard-2-izv.jpg\" alt=\"Su\u010delje zaslona izrade novog simbola, mape ili plo\u010de\" class=\"wp-image-860\" width=\"799\" height=\"499\"\/><figcaption><strong>Slika 14. <\/strong>Su\u010delje zaslona izrade novog simbola, mape ili plo\u010de<\/figcaption><\/figure><\/div>\n\n\n\n<p>Komunikacijske plo\u010de mogu se preuzeti i uvesti iz drugih izvora ako su u formatu Cboard ili OpenBoard. Isto tako, mogu\u0107e je iz aplikacije izvesti jednu ili sve komunikacijske plo\u010de u razli\u010ditim formatima (Cboard, OpenBoard, PDF). Tako\u0111er, u aplikaciji postoji opcija <em>Javne plo\u010de <\/em>pomo\u0107u koje je mogu\u0107e uvesti i prilagoditi bilo koju plo\u010du koju je neki korisnik objavio putem aplikacije Cboard. U svakom trenutku mogu\u0107e je odrediti koje \u0107e plo\u010de korisniku biti dostupne u njegovu izborniku na po\u010detnom zaslonu aplikacije.&nbsp;<\/p>\n\n\n\n<div class=\"wp-block-image\"><figure class=\"aligncenter size-large is-resized\"><img loading=\"lazy\" decoding=\"async\" src=\"http:\/\/usluge.ict-aac.hr\/udzbenik-pk\/\/wp-content\/uploads\/2020\/09\/cboard-3-izv.jpg\" alt=\"Su\u010delje zaslona s prikazom javnih plo\u010da te opcijama za pristup plo\u010dama\" class=\"wp-image-861\" width=\"802\" height=\"502\"\/><figcaption><strong>Slika 15. <\/strong>Su\u010delje zaslona s prikazom javnih plo\u010da te opcijama za pristup plo\u010dama<\/figcaption><\/figure><\/div>\n\n\n\n<p>Aplikacija Cboard nudi podr\u0161ku za 33 jezika, me\u0111u kojima je i hrvatski. Ima ugra\u0111enu podr\u0161ku za \u010dita\u010de zaslona. Ako je u postavkama ure\u0111aja odabran program za pretvorbu teksta u govor, aplikacija \u0107e ga prepoznati, te \u0107e se klikom na pojedini simbol izgovoriti njegov naziv. Isto tako, ako se odabirom simbola slo\u017ei re\u010denica u izlaznoj traci, klikom na izlaznu traku izgovorit \u0107e se zapis cijele re\u010denice (maksimalan broj rije\u010di je 15).<\/p>\n\n\n\n<div class=\"wp-block-image\"><figure class=\"aligncenter size-large is-resized\"><img loading=\"lazy\" decoding=\"async\" src=\"http:\/\/usluge.ict-aac.hr\/udzbenik-pk\/\/wp-content\/uploads\/2020\/09\/cboard-4-izv.jpg\" alt=\"Primjer preuzete plo\u010de Dnevne rutine\" class=\"wp-image-862\" width=\"802\" height=\"502\"\/><figcaption><strong>Slika 16. <\/strong>Primjer preuzete plo\u010de Dnevne rutine<\/figcaption><\/figure><\/div>\n\n\n\n<p>Pomo\u0107u brojnih dostupnih opcija u postavkama mogu\u0107e je prilagoditi izgled i navigaciju aplikacije. Na komunikacijskoj je plo\u010di mogu\u0107e promijeniti veli\u010dinu simbola te veli\u010dinu fonta teksta, zatim sakriti izlaznu traku gdje se sastavlja re\u010denica, promijeniti poziciju ili ukloniti tekstualni naziv simbola, kao i omogu\u0107iti tamnu temu aplikacije. Dostupne su i postavke poput ve\u0107ih tipki za povratak na glavnu plo\u010du, zatim postavke za uklanjanje pojedinog simbola iz re\u010denice te omogu\u0107avanje izgovora mape kad se na nju klikne.&nbsp;<\/p>\n\n\n\n<div class=\"wp-block-image\"><figure class=\"aligncenter size-large is-resized\"><img loading=\"lazy\" decoding=\"async\" src=\"http:\/\/usluge.ict-aac.hr\/udzbenik-pk\/\/wp-content\/uploads\/2020\/09\/cboard-5-izv.jpg\" alt=\"Su\u010delja zaslona razli\u010ditih postavki aplikacije Cboard\" class=\"wp-image-863\" width=\"801\" height=\"498\"\/><\/figure><\/div>\n\n\n\n<div class=\"wp-block-image\"><figure class=\"aligncenter size-large is-resized\"><img loading=\"lazy\" decoding=\"async\" src=\"http:\/\/usluge.ict-aac.hr\/udzbenik-pk\/\/wp-content\/uploads\/2020\/09\/cboard-6-izv.jpg\" alt=\"Su\u010delja zaslona razli\u010ditih postavki aplikacije Cboard\" class=\"wp-image-864\" width=\"800\" height=\"503\"\/><figcaption><strong>Slika 17.<\/strong> Su\u010delja zaslona razli\u010ditih postavki aplikacije Cboard<\/figcaption><\/figure><\/div>\n\n\n\n<p>Na sljede\u0107oj poveznici dostupan je kratki <a href=\"https:\/\/drive.google.com\/file\/d\/1T6OMw7Idsr9FsGY36lwsiQfVIdO8rZY4\/view\">Priru\u010dnik za po\u010detak rada s aplikacijom Cboard<\/a>, a na sljede\u0107oj poveznici nalaze se detaljnije upute za svaku funkcionalnost aplikacije: <a href=\"https:\/\/www.cboard.io\/hr\/help\/\">Upute za kori\u0161tenje Cboarda na hrvatskom<\/a>.&nbsp;&nbsp;<\/p>\n\n\n\n<div class=\"wp-block-buttons is-layout-flex wp-block-buttons-is-layout-flex\">\n<div class=\"wp-block-button\"><a class=\"wp-block-button__link has-background\" href=\"http:\/\/usluge.ict-aac.hr\/udzbenik-pk\/\/?page_id=204\" style=\"background-color:#0292cb\">DALJE<\/a><\/div>\n<\/div>\n\n\n\n<p><\/p>\n","protected":false},"excerpt":{"rendered":"<p>Kompetencijska mre\u017ea ICT-AAC partner je na projektu Komunikacija za svako dijete: primjena tehnologije 21. stolje\u0107a za promociju komunikacije, obrazovanja i socijalnog uklju\u010divanja djece rane dobi s te\u0161ko\u0107ama u razvoju koji financira UNICEF. Kroz projekt je osigurana edukacija stru\u010dnjaka koji rade [&hellip;]<\/p>\n","protected":false},"author":1,"featured_media":0,"parent":173,"menu_order":0,"comment_status":"closed","ping_status":"closed","template":"","meta":{"footnotes":""},"tags":[],"class_list":["post-203","page","type-page","status-publish","hentry"],"_links":{"self":[{"href":"https:\/\/usluge.ict-aac.hr\/udzbenik-pk\/index.php?rest_route=\/wp\/v2\/pages\/203","targetHints":{"allow":["GET"]}}],"collection":[{"href":"https:\/\/usluge.ict-aac.hr\/udzbenik-pk\/index.php?rest_route=\/wp\/v2\/pages"}],"about":[{"href":"https:\/\/usluge.ict-aac.hr\/udzbenik-pk\/index.php?rest_route=\/wp\/v2\/types\/page"}],"author":[{"embeddable":true,"href":"https:\/\/usluge.ict-aac.hr\/udzbenik-pk\/index.php?rest_route=\/wp\/v2\/users\/1"}],"replies":[{"embeddable":true,"href":"https:\/\/usluge.ict-aac.hr\/udzbenik-pk\/index.php?rest_route=%2Fwp%2Fv2%2Fcomments&post=203"}],"version-history":[{"count":6,"href":"https:\/\/usluge.ict-aac.hr\/udzbenik-pk\/index.php?rest_route=\/wp\/v2\/pages\/203\/revisions"}],"predecessor-version":[{"id":1300,"href":"https:\/\/usluge.ict-aac.hr\/udzbenik-pk\/index.php?rest_route=\/wp\/v2\/pages\/203\/revisions\/1300"}],"up":[{"embeddable":true,"href":"https:\/\/usluge.ict-aac.hr\/udzbenik-pk\/index.php?rest_route=\/wp\/v2\/pages\/173"}],"wp:attachment":[{"href":"https:\/\/usluge.ict-aac.hr\/udzbenik-pk\/index.php?rest_route=%2Fwp%2Fv2%2Fmedia&parent=203"}],"wp:term":[{"taxonomy":"post_tag","embeddable":true,"href":"https:\/\/usluge.ict-aac.hr\/udzbenik-pk\/index.php?rest_route=%2Fwp%2Fv2%2Ftags&post=203"}],"curies":[{"name":"wp","href":"https:\/\/api.w.org\/{rel}","templated":true}]}}