{"id":202,"date":"2020-08-26T09:31:56","date_gmt":"2020-08-26T09:31:56","guid":{"rendered":"http:\/\/usluge.ict-aac.hr\/udzbenik-pk\/\/?page_id=202"},"modified":"2020-09-21T13:17:02","modified_gmt":"2020-09-21T13:17:02","slug":"12-9-ict-aac-glaskalica","status":"publish","type":"page","link":"https:\/\/usluge.ict-aac.hr\/udzbenik-pk\/?page_id=202","title":{"rendered":"12.9 ICT-AAC Glaskalica"},"content":{"rendered":"\n<p>Aplikacija poma\u017ee pri svladavanju fonolo\u0161ke svjesnosti, koja predstavlja jednu od osnovnih predvje\u0161tina \u010ditanja. Opis je preuzet sa web-stranice o ovoj aplikaciji koja je dostupna na sjedi\u0161tu weba <a rel=\"noreferrer noopener\" href=\"http:\/\/www.ict-aac.hr\/index.php\/hr\/ict-aac-razvijene-aplikacije\/apple-ios-aplikacije\/glaskalica\" target=\"_blank\">Kompetencijske mre\u017ee ICT-AAC<\/a>. Aplikacija je dostupna za ure\u0111aje s operacijskim sustavima Android i iOS.<\/p>\n\n\n\n<p>Korisnik kroz zadatke u vidu igre vje\u017eba prepoznavanje prvog, zadnjeg ili svih glasova rije\u010di. Kako bi se omogu\u0107ilo postupno u\u010denje, aplikacija zadatke razlikuje prema slo\u017eenosti rije\u010di \u2013 \u0161est je mogu\u0107ih razina slo\u017eenosti igre u okviru kojih korisnici poga\u0111aju glasove na vi\u0161e od 200 odabranih rije\u010di. Uz svaku zadanu rije\u010d korisnicima se prikazuje simbol koji predstavlja pojam koji odgovara zadanoj rije\u010di. Omogu\u0107eno je i izgovaranje cijele rije\u010di, kao i slovkanje rije\u010di glas po glas. Na po\u010detnom zaslonu mogu\u0107e je odabrati takozvani dnevni ili no\u0107ni na\u010din rada, koji unose zabavan i poticajan element u igru te su prikazani na <strong>Slikama 11<\/strong> i <strong>12<\/strong>.<\/p>\n\n\n\n<p><\/p>\n\n\n\n<div class=\"wp-block-image\"><figure class=\"aligncenter size-large is-resized\"><img loading=\"lazy\" decoding=\"async\" src=\"http:\/\/usluge.ict-aac.hr\/udzbenik-pk\/\/wp-content\/uploads\/2020\/09\/glask-1-izv.jpg\" alt=\"\" class=\"wp-image-855\" width=\"861\" height=\"338\"\/><figcaption><strong>Slika 11. <\/strong>Su\u010delja aplikacije Glaskalica u no\u0107nom na\u010dinu rada<\/figcaption><\/figure><\/div>\n\n\n\n<div class=\"wp-block-image\"><figure class=\"aligncenter size-large is-resized\"><img loading=\"lazy\" decoding=\"async\" src=\"http:\/\/usluge.ict-aac.hr\/udzbenik-pk\/\/wp-content\/uploads\/2020\/09\/glask-2-izv.png\" alt=\"Zadaci aplikacije Glaskalica u dnevnom na\u010dinu rada\" class=\"wp-image-856\" width=\"802\" height=\"300\"\/><figcaption><strong>Slika 12<\/strong>. Zadaci aplikacije Glaskalica u dnevnom na\u010dinu rada<\/figcaption><\/figure><\/div>\n\n\n\n<div class=\"wp-block-buttons is-layout-flex wp-block-buttons-is-layout-flex\">\n<div class=\"wp-block-button\"><a class=\"wp-block-button__link has-background\" href=\"http:\/\/usluge.ict-aac.hr\/udzbenik-pk\/\/?page_id=203\" style=\"background-color:#0292cb\">DALJE<\/a><\/div>\n<\/div>\n\n\n\n<p><\/p>\n","protected":false},"excerpt":{"rendered":"<p>Aplikacija poma\u017ee pri svladavanju fonolo\u0161ke svjesnosti, koja predstavlja jednu od osnovnih predvje\u0161tina \u010ditanja. Opis je preuzet sa web-stranice o ovoj aplikaciji koja je dostupna na sjedi\u0161tu weba Kompetencijske mre\u017ee ICT-AAC. Aplikacija je dostupna za ure\u0111aje s operacijskim sustavima Android i [&hellip;]<\/p>\n","protected":false},"author":1,"featured_media":0,"parent":173,"menu_order":0,"comment_status":"closed","ping_status":"closed","template":"","meta":{"footnotes":""},"tags":[],"class_list":["post-202","page","type-page","status-publish","hentry"],"_links":{"self":[{"href":"https:\/\/usluge.ict-aac.hr\/udzbenik-pk\/index.php?rest_route=\/wp\/v2\/pages\/202","targetHints":{"allow":["GET"]}}],"collection":[{"href":"https:\/\/usluge.ict-aac.hr\/udzbenik-pk\/index.php?rest_route=\/wp\/v2\/pages"}],"about":[{"href":"https:\/\/usluge.ict-aac.hr\/udzbenik-pk\/index.php?rest_route=\/wp\/v2\/types\/page"}],"author":[{"embeddable":true,"href":"https:\/\/usluge.ict-aac.hr\/udzbenik-pk\/index.php?rest_route=\/wp\/v2\/users\/1"}],"replies":[{"embeddable":true,"href":"https:\/\/usluge.ict-aac.hr\/udzbenik-pk\/index.php?rest_route=%2Fwp%2Fv2%2Fcomments&post=202"}],"version-history":[{"count":5,"href":"https:\/\/usluge.ict-aac.hr\/udzbenik-pk\/index.php?rest_route=\/wp\/v2\/pages\/202\/revisions"}],"predecessor-version":[{"id":1298,"href":"https:\/\/usluge.ict-aac.hr\/udzbenik-pk\/index.php?rest_route=\/wp\/v2\/pages\/202\/revisions\/1298"}],"up":[{"embeddable":true,"href":"https:\/\/usluge.ict-aac.hr\/udzbenik-pk\/index.php?rest_route=\/wp\/v2\/pages\/173"}],"wp:attachment":[{"href":"https:\/\/usluge.ict-aac.hr\/udzbenik-pk\/index.php?rest_route=%2Fwp%2Fv2%2Fmedia&parent=202"}],"wp:term":[{"taxonomy":"post_tag","embeddable":true,"href":"https:\/\/usluge.ict-aac.hr\/udzbenik-pk\/index.php?rest_route=%2Fwp%2Fv2%2Ftags&post=202"}],"curies":[{"name":"wp","href":"https:\/\/api.w.org\/{rel}","templated":true}]}}