{"id":191,"date":"2020-08-26T09:28:18","date_gmt":"2020-08-26T09:28:18","guid":{"rendered":"http:\/\/usluge.ict-aac.hr\/udzbenik-pk\/\/?page_id=191"},"modified":"2020-09-22T09:49:51","modified_gmt":"2020-09-22T09:49:51","slug":"12-6-ict-aac-slovarica","status":"publish","type":"page","link":"https:\/\/usluge.ict-aac.hr\/udzbenik-pk\/?page_id=191","title":{"rendered":"12.6 ICT-AAC Slovarica"},"content":{"rendered":"\n<p>Aplikacija olak\u0161ava u\u010denje povezanosti vizualnog simbola i novog fonolo\u0161kog oblika, \u010dime se poti\u010du, odr\u017eavaju i unapre\u0111uju <strong>vje\u0161tine rane pismenosti neophodne za \u010ditanje i pisanje<\/strong>. Omogu\u0107uje se razumijevanje i namjera pisma, imenovanje i izdvajanje slova\/glasa na po\u010detku rije\u010di, organizacija slova i rije\u010di (smjer slijeva nadesno), vizualne oznake slova i rije\u010di, pravila o rije\u010dima te pobolj\u0161avaju vje\u0161tine predvi\u0111anja.\u00a0Dodatni opis aplikacije se nalazi na web-stranici o ovoj aplikaciji koja je dostupna na sjedi\u0161tu weba <a rel=\"noreferrer noopener\" href=\"http:\/\/www.ict-aac.hr\/index.php\/hr\/ict-aac-razvijene-aplikacije\/apple-ios-aplikacije\/slovarica\" target=\"_blank\">Kompetencijske mre\u017ee ICT-AAC<\/a>. Aplikacija je dostupna za ure\u0111aje s operacijskim sustavom Android i iOS.<\/p>\n\n\n\n<p>Omogu\u0107eno je u\u010denje redoslijeda slova u abecedi. Svakom slovu dodijeljena su tri pojma prikazana simbolima, no mogu\u0107e je i dodavanje vlastitih simbola kako bi se aplikacija prilagodila pojedinom korisniku. Simboli imaju zvu\u010dni i tekstualni zapis koji se po potrebi mo\u017ee ukloniti, odnosno&nbsp; prikazati. Korisniku se nudi i mogu\u0107nost <strong>pregleda pojmova \u010diji nazivi po\u010dinju odabranim slovom<\/strong>. Uz navedene funkcionalnosti aplikaciju je mogu\u0107e dodatno prilago\u0111avati putem postavki \u2013 korisnik mo\u017ee odabrati izme\u0111u malih i velikih tiskanih ili pisanih slova te mijenjati font i njihovu veli\u010dinu.<\/p>\n\n\n\n<div class=\"wp-block-image\"><figure class=\"aligncenter size-large is-resized\"><img loading=\"lazy\" decoding=\"async\" src=\"http:\/\/usluge.ict-aac.hr\/udzbenik-pk\/\/wp-content\/uploads\/2020\/09\/Slov-1.jpg\" alt=\"Izgled po\u010detnih su\u010delja aplikacije Slovarica\" class=\"wp-image-847\" width=\"801\" height=\"317\"\/><figcaption><strong>Slika 7.<\/strong> Izgled po\u010detnih su\u010delja aplikacije Slovarica<\/figcaption><\/figure><\/div>\n\n\n\n<figure class=\"wp-block-image size-large is-resized\"><img loading=\"lazy\" decoding=\"async\" src=\"http:\/\/usluge.ict-aac.hr\/udzbenik-pk\/\/wp-content\/uploads\/2020\/09\/Slov-2-izv.png\" alt=\"Prikaz simbola za zadano slovo\" class=\"wp-image-848\" width=\"801\" height=\"298\"\/><figcaption><strong>Slika 8. <\/strong>Prikaz simbola za zadano slovo<\/figcaption><\/figure>\n\n\n\n<div class=\"wp-block-buttons is-layout-flex wp-block-buttons-is-layout-flex\">\n<div class=\"wp-block-button\"><a class=\"wp-block-button__link has-background\" href=\"http:\/\/usluge.ict-aac.hr\/udzbenik-pk\/\/?page_id=200\" style=\"background-color:#0292cb\">DALJE<\/a><\/div>\n<\/div>\n\n\n\n<p><\/p>\n","protected":false},"excerpt":{"rendered":"<p>Aplikacija olak\u0161ava u\u010denje povezanosti vizualnog simbola i novog fonolo\u0161kog oblika, \u010dime se poti\u010du, odr\u017eavaju i unapre\u0111uju vje\u0161tine rane pismenosti neophodne za \u010ditanje i pisanje. Omogu\u0107uje se razumijevanje i namjera pisma, imenovanje i izdvajanje slova\/glasa na po\u010detku rije\u010di, organizacija slova i [&hellip;]<\/p>\n","protected":false},"author":1,"featured_media":0,"parent":173,"menu_order":0,"comment_status":"closed","ping_status":"closed","template":"","meta":{"footnotes":""},"tags":[],"class_list":["post-191","page","type-page","status-publish","hentry"],"_links":{"self":[{"href":"https:\/\/usluge.ict-aac.hr\/udzbenik-pk\/index.php?rest_route=\/wp\/v2\/pages\/191","targetHints":{"allow":["GET"]}}],"collection":[{"href":"https:\/\/usluge.ict-aac.hr\/udzbenik-pk\/index.php?rest_route=\/wp\/v2\/pages"}],"about":[{"href":"https:\/\/usluge.ict-aac.hr\/udzbenik-pk\/index.php?rest_route=\/wp\/v2\/types\/page"}],"author":[{"embeddable":true,"href":"https:\/\/usluge.ict-aac.hr\/udzbenik-pk\/index.php?rest_route=\/wp\/v2\/users\/1"}],"replies":[{"embeddable":true,"href":"https:\/\/usluge.ict-aac.hr\/udzbenik-pk\/index.php?rest_route=%2Fwp%2Fv2%2Fcomments&post=191"}],"version-history":[{"count":7,"href":"https:\/\/usluge.ict-aac.hr\/udzbenik-pk\/index.php?rest_route=\/wp\/v2\/pages\/191\/revisions"}],"predecessor-version":[{"id":1380,"href":"https:\/\/usluge.ict-aac.hr\/udzbenik-pk\/index.php?rest_route=\/wp\/v2\/pages\/191\/revisions\/1380"}],"up":[{"embeddable":true,"href":"https:\/\/usluge.ict-aac.hr\/udzbenik-pk\/index.php?rest_route=\/wp\/v2\/pages\/173"}],"wp:attachment":[{"href":"https:\/\/usluge.ict-aac.hr\/udzbenik-pk\/index.php?rest_route=%2Fwp%2Fv2%2Fmedia&parent=191"}],"wp:term":[{"taxonomy":"post_tag","embeddable":true,"href":"https:\/\/usluge.ict-aac.hr\/udzbenik-pk\/index.php?rest_route=%2Fwp%2Fv2%2Ftags&post=191"}],"curies":[{"name":"wp","href":"https:\/\/api.w.org\/{rel}","templated":true}]}}