{"id":190,"date":"2020-08-26T09:28:09","date_gmt":"2020-08-26T09:28:09","guid":{"rendered":"http:\/\/usluge.ict-aac.hr\/udzbenik-pk\/\/?page_id=190"},"modified":"2020-09-21T18:58:24","modified_gmt":"2020-09-21T18:58:24","slug":"12-5-ict-aac-e-galerija","status":"publish","type":"page","link":"https:\/\/usluge.ict-aac.hr\/udzbenik-pk\/?page_id=190","title":{"rendered":"12.5 ICT-AAC e-Galerija"},"content":{"rendered":"\n<p>Aplikacija ICT-AAC e-Galerija <strong>omogu\u0107uje slaganje pri\u010da pomo\u0107u niza slika<\/strong> koje mogu biti fotografije snimljene integriranom kamerom ure\u0111aja, slike iz galerije ure\u0111aja ili simboli iz triju nekomercijalnih galerija (ARAASAC, Mulberry i Sclera<a href=\"#_ftn1\"><sup>[1]<\/sup><\/a>). Svakoj slici mogu\u0107e je pridru\u017eiti tekstualni i zvu\u010dni zapis koji opisuju odgovaraju\u0107i dio pri\u010de. Zvu\u010dni zapis se reproducira pritiskom na sliku kod pregledavanja pri\u010da. Opis je preuzet sa web-stranice o ovoj aplikaciji koja je dostupna na sjedi\u0161tu weba <a href=\"http:\/\/www.ict-aac.hr\/index.php\/hr\/ict-aac-razvijene-aplikacije\/apple-ios-aplikacije\/e-galerija\" target=\"_blank\" rel=\"noreferrer noopener\">Kompetencijske mre\u017ee ICT-AAC<\/a>. Aplikacija je dostupna za ure\u0111aje s operacijskim sustavima Android i iOS.<\/p>\n\n\n\n<div class=\"wp-block-image\"><figure class=\"aligncenter size-large\"><img loading=\"lazy\" decoding=\"async\" width=\"564\" height=\"423\" src=\"http:\/\/usluge.ict-aac.hr\/udzbenik-pk\/\/wp-content\/uploads\/2020\/09\/eGal-izv.png\" alt=\"Igra Izbaci uljeze u e-Galeriji\" class=\"wp-image-836\"\/><\/figure><\/div>\n\n\n\n<div class=\"wp-block-image\"><figure class=\"aligncenter size-large is-resized\"><img loading=\"lazy\" decoding=\"async\" src=\"http:\/\/usluge.ict-aac.hr\/udzbenik-pk\/\/wp-content\/uploads\/2020\/09\/egal-2-izv.png\" alt=\"Igra Slo\u017ei pri\u010du u e-Galeriji\" class=\"wp-image-837\" width=\"556\" height=\"417\"\/><figcaption><strong>Slika 5.<\/strong> Igre sadr\u017eane u e-Galeriji<\/figcaption><\/figure><\/div>\n\n\n\n<p>Postavke aplikacije omogu\u0107uju korisniku prilagodbu veli\u010dine slova i veli\u010dine sli\u010dica, automatsko listanje pri\u010da te promjenu boje pozadine, okvira sli\u010dica i teksta.<\/p>\n\n\n\n<div class=\"wp-block-image\"><figure class=\"aligncenter size-large is-resized\"><img loading=\"lazy\" decoding=\"async\" src=\"http:\/\/usluge.ict-aac.hr\/udzbenik-pk\/\/wp-content\/uploads\/2020\/09\/egal-6-1-izv.png\" alt=\"Prikaz pri\u010de i postavke aplikacije\" class=\"wp-image-844\" width=\"565\" height=\"420\"\/><figcaption><strong>Slika 6. <\/strong>Prikaz pri\u010de i postavke aplikacije<\/figcaption><\/figure><\/div>\n\n\n\n<div class=\"wp-block-buttons is-layout-flex wp-block-buttons-is-layout-flex\">\n<div class=\"wp-block-button\"><a class=\"wp-block-button__link has-background\" href=\"http:\/\/usluge.ict-aac.hr\/udzbenik-pk\/\/?page_id=191\" style=\"background-color:#0292cb\">DALJE<\/a><\/div>\n<\/div>\n\n\n\n<p><\/p>\n","protected":false},"excerpt":{"rendered":"<p>Aplikacija ICT-AAC e-Galerija omogu\u0107uje slaganje pri\u010da pomo\u0107u niza slika koje mogu biti fotografije snimljene integriranom kamerom ure\u0111aja, slike iz galerije ure\u0111aja ili simboli iz triju nekomercijalnih galerija (ARAASAC, Mulberry i Sclera[1]). Svakoj slici mogu\u0107e je pridru\u017eiti tekstualni i zvu\u010dni zapis [&hellip;]<\/p>\n","protected":false},"author":1,"featured_media":0,"parent":173,"menu_order":0,"comment_status":"closed","ping_status":"closed","template":"","meta":{"footnotes":""},"tags":[],"class_list":["post-190","page","type-page","status-publish","hentry"],"_links":{"self":[{"href":"https:\/\/usluge.ict-aac.hr\/udzbenik-pk\/index.php?rest_route=\/wp\/v2\/pages\/190","targetHints":{"allow":["GET"]}}],"collection":[{"href":"https:\/\/usluge.ict-aac.hr\/udzbenik-pk\/index.php?rest_route=\/wp\/v2\/pages"}],"about":[{"href":"https:\/\/usluge.ict-aac.hr\/udzbenik-pk\/index.php?rest_route=\/wp\/v2\/types\/page"}],"author":[{"embeddable":true,"href":"https:\/\/usluge.ict-aac.hr\/udzbenik-pk\/index.php?rest_route=\/wp\/v2\/users\/1"}],"replies":[{"embeddable":true,"href":"https:\/\/usluge.ict-aac.hr\/udzbenik-pk\/index.php?rest_route=%2Fwp%2Fv2%2Fcomments&post=190"}],"version-history":[{"count":6,"href":"https:\/\/usluge.ict-aac.hr\/udzbenik-pk\/index.php?rest_route=\/wp\/v2\/pages\/190\/revisions"}],"predecessor-version":[{"id":1342,"href":"https:\/\/usluge.ict-aac.hr\/udzbenik-pk\/index.php?rest_route=\/wp\/v2\/pages\/190\/revisions\/1342"}],"up":[{"embeddable":true,"href":"https:\/\/usluge.ict-aac.hr\/udzbenik-pk\/index.php?rest_route=\/wp\/v2\/pages\/173"}],"wp:attachment":[{"href":"https:\/\/usluge.ict-aac.hr\/udzbenik-pk\/index.php?rest_route=%2Fwp%2Fv2%2Fmedia&parent=190"}],"wp:term":[{"taxonomy":"post_tag","embeddable":true,"href":"https:\/\/usluge.ict-aac.hr\/udzbenik-pk\/index.php?rest_route=%2Fwp%2Fv2%2Ftags&post=190"}],"curies":[{"name":"wp","href":"https:\/\/api.w.org\/{rel}","templated":true}]}}