{"id":189,"date":"2020-08-26T09:27:58","date_gmt":"2020-08-26T09:27:58","guid":{"rendered":"http:\/\/usluge.ict-aac.hr\/udzbenik-pk\/\/?page_id=189"},"modified":"2021-02-16T15:49:27","modified_gmt":"2021-02-16T15:49:27","slug":"12-4-ict-aac-komunikator","status":"publish","type":"page","link":"https:\/\/usluge.ict-aac.hr\/udzbenik-pk\/?page_id=189","title":{"rendered":"12.4 ICT-AAC Komunikator+"},"content":{"rendered":"\n<p>Aplikacija je nastavak Komunikatora za komunikaciju simbolima i omogu\u0107uje fraze i re\u010denice pomo\u0107u simbola koji mogu biti fotografije snimljene integriranom kamerom ure\u0111aja, slike iz galerije ure\u0111aja ili simboli iz triju nekomercijalnih galerija (ARAASAC, Mulberry i Sclera) koje su ugra\u0111ene u aplikaciju. Radi lak\u0161eg snala\u017eenja kategorije simbola vizualno se razlikuju prema boji i rubu okvira simbola. Opis je preuzet sa web-stranice o ovoj aplikaciji koja je dostupna na sjedi\u0161tu weba <a href=\"http:\/\/www.ict-aac.hr\/index.php\/hr\/ict-aac-razvijene-aplikacije\/apple-ios-aplikacije\/komunikator-plus\" target=\"_blank\" rel=\"noreferrer noopener\">Kompetencijske mre\u017ee ICT-AAC.<\/a><\/p>\n\n\n\n<div class=\"wp-block-image\"><figure class=\"aligncenter size-large is-resized\"><img loading=\"lazy\" decoding=\"async\" src=\"http:\/\/usluge.ict-aac.hr\/udzbenik-pk\/\/wp-content\/uploads\/2020\/09\/K-izv-1.png\" alt=\"Glavno su\u010delje aplikacije Komunikator+\" class=\"wp-image-809\" width=\"664\" height=\"414\"\/><figcaption><strong>Slika 2. <\/strong>Glavno su\u010delje aplikacije Komunikator+<\/figcaption><\/figure><\/div>\n\n\n\n<p>Za svaku slo\u017eenu re\u010denicu potrebno je snimiti zvu\u010dni zapis cijele re\u010denice. Time se posti\u017ee gramati\u010dka ispravnost, s obzirom na to da simboli imaju pridru\u017eene zvu\u010dne zapise u kanonskim oblicima (glagoli u infinitivu; imenice, pridjevi i zamjenice u nominative jednine). Omogu\u0107eno je pohranjivanje \u010desto kori\u0161tenih fraza, re\u010denica i klju\u010dnih rije\u010di za koje se naknadno mo\u017ee snimiti izgovor. Postavke aplikacije omogu\u0107uju prilagodbu modularnog su\u010delja i sadr\u017eaja aplikacije sukladno potrebama korisnika (<strong>Slika 3<\/strong>). Simboli mogu biti prikazani u tri veli\u010dine (kategorije u jednom redu). Pojedini simbol mo\u017ee se dodatno pove\u0107ati kod pritiska na njegov prikaz. Dodatno se mo\u017ee koristiti ozna\u010davanje razli\u010ditih vrsta rije\u010di razli\u010ditim bojama, font tekstualnih zapisa te pove\u0107ani kontrast.<\/p>\n\n\n\n<div class=\"wp-block-image\"><figure class=\"aligncenter size-large is-resized\"><img loading=\"lazy\" decoding=\"async\" src=\"http:\/\/usluge.ict-aac.hr\/udzbenik-pk\/\/wp-content\/uploads\/2020\/09\/K-elem-L-izv.png\" alt=\"Elementi su\u010delja Komunikatora + mogu se razmjestiti sukladno potrebama korisnika\" class=\"wp-image-817\" width=\"652\" height=\"407\"\/><figcaption><strong>Slika 3.<\/strong> Elementi su\u010delja Komunikatora + mogu se razmjestiti sukladno potrebama korisnika<\/figcaption><\/figure><\/div>\n\n\n\n<p>Aplikacija je namijenjena \u0161irokom spektru korisnika u svrhu lak\u0161eg, br\u017eeg i u\u010dinkovitijeg prijenosa poruke te se primjenjuje kod djece s dje\u010djom govornom apraksijom, poreme\u0107ajima iz spektra autizma, motori\u010dkim te\u0161ko\u0107ama, kao i s odraslim osobama u slu\u010daju mo\u017edanih udara, traumatskih o\u0161te\u0107enja mozga, neurodegenerativnih stanja i sli\u010dno. Kori\u0161tenje podupire razvoj jezika i pismenosti, omogu\u0107ava stvaranje fraza i re\u010denice za odre\u0111ene funkcionalne situacije te slo\u017eenijih poruka u ostalim situacijama.<\/p>\n\n\n\n<div class=\"wp-block-buttons is-layout-flex wp-block-buttons-is-layout-flex\">\n<div class=\"wp-block-button\"><a class=\"wp-block-button__link has-background\" href=\"http:\/\/usluge.ict-aac.hr\/udzbenik-pk\/\/?page_id=190\" style=\"background-color:#0292cb\">DALJE<\/a><\/div>\n<\/div>\n\n\n\n<p><\/p>\n","protected":false},"excerpt":{"rendered":"<p>Aplikacija je nastavak Komunikatora za komunikaciju simbolima i omogu\u0107uje fraze i re\u010denice pomo\u0107u simbola koji mogu biti fotografije snimljene integriranom kamerom ure\u0111aja, slike iz galerije ure\u0111aja ili simboli iz triju nekomercijalnih galerija (ARAASAC, Mulberry i Sclera) koje su ugra\u0111ene u [&hellip;]<\/p>\n","protected":false},"author":1,"featured_media":0,"parent":173,"menu_order":0,"comment_status":"closed","ping_status":"closed","template":"","meta":{"footnotes":""},"tags":[],"class_list":["post-189","page","type-page","status-publish","hentry"],"_links":{"self":[{"href":"https:\/\/usluge.ict-aac.hr\/udzbenik-pk\/index.php?rest_route=\/wp\/v2\/pages\/189","targetHints":{"allow":["GET"]}}],"collection":[{"href":"https:\/\/usluge.ict-aac.hr\/udzbenik-pk\/index.php?rest_route=\/wp\/v2\/pages"}],"about":[{"href":"https:\/\/usluge.ict-aac.hr\/udzbenik-pk\/index.php?rest_route=\/wp\/v2\/types\/page"}],"author":[{"embeddable":true,"href":"https:\/\/usluge.ict-aac.hr\/udzbenik-pk\/index.php?rest_route=\/wp\/v2\/users\/1"}],"replies":[{"embeddable":true,"href":"https:\/\/usluge.ict-aac.hr\/udzbenik-pk\/index.php?rest_route=%2Fwp%2Fv2%2Fcomments&post=189"}],"version-history":[{"count":9,"href":"https:\/\/usluge.ict-aac.hr\/udzbenik-pk\/index.php?rest_route=\/wp\/v2\/pages\/189\/revisions"}],"predecessor-version":[{"id":1612,"href":"https:\/\/usluge.ict-aac.hr\/udzbenik-pk\/index.php?rest_route=\/wp\/v2\/pages\/189\/revisions\/1612"}],"up":[{"embeddable":true,"href":"https:\/\/usluge.ict-aac.hr\/udzbenik-pk\/index.php?rest_route=\/wp\/v2\/pages\/173"}],"wp:attachment":[{"href":"https:\/\/usluge.ict-aac.hr\/udzbenik-pk\/index.php?rest_route=%2Fwp%2Fv2%2Fmedia&parent=189"}],"wp:term":[{"taxonomy":"post_tag","embeddable":true,"href":"https:\/\/usluge.ict-aac.hr\/udzbenik-pk\/index.php?rest_route=%2Fwp%2Fv2%2Ftags&post=189"}],"curies":[{"name":"wp","href":"https:\/\/api.w.org\/{rel}","templated":true}]}}