{"id":188,"date":"2020-08-26T09:27:49","date_gmt":"2020-08-26T09:27:49","guid":{"rendered":"http:\/\/usluge.ict-aac.hr\/udzbenik-pk\/\/?page_id=188"},"modified":"2020-09-21T13:08:51","modified_gmt":"2020-09-21T13:08:51","slug":"12-3-ict-aac-komunikator","status":"publish","type":"page","link":"https:\/\/usluge.ict-aac.hr\/udzbenik-pk\/?page_id=188","title":{"rendered":"12.3 ICT-AAC Komunikator"},"content":{"rendered":"\n<p>Aplikacija omogu\u0107uje komunikaciju ostvarenu pomo\u0107u slaganja simbola za potpomognutu komunikaciju. Opis je preuzet sa web-stranice o ovoj aplikaciji koja je dostupna na sjedi\u0161tu weba <a rel=\"noreferrer noopener\" href=\"http:\/\/www.ict-aac.hr\/index.php\/hr\/ict-aac-razvijene-aplikacije\/apple-ios-aplikacije\/komunikator\" target=\"_blank\">Kompetencijske mre\u017ee ICT-AAC<\/a>.<\/p>\n\n\n\n<p>Aplikacija omogu\u0107uje prikaze vi\u0161e ekrana sa simbolima, a kroz ekrane se mo\u017ee kretati \u201dlistanjem\u201d. Dodirom simbola na zaslonu aplikacija reproducira odgovaraju\u0107i zvu\u010dni zapis zna\u010denja simbola. Tekstualni zapis simbola mo\u017ee se prikazivati ili ukloniti, ovisno o postavkama u aplikaciji i preferencijama korisnika. Mogu\u0107e je slo\u017eiti specifi\u010dan redoslijed simbola te vizualno izolirati odabrani simbol.<\/p>\n\n\n\n<p>U postavkama aplikacije nudi se mogu\u0107nost prilagodbe broja simbola prikazanih na jednom ekranu, \u010dime se definira veli\u010dina pojedinog simbola na ekranu. Uz standardni skup simbola, aplikacija <strong>omogu\u0107uje dodavanje vlastitih simbola putem fotografija<\/strong> ve\u0107 pohranjenih na pokretnom ure\u0111aju (tabletu ili pametnom telefonu) ili fotografiranjem integriranom kamerom ure\u0111aja. Pri postupku dodavanja vlastitog simbola korisnik unosi njegov tekstualni zapis, dodaje odgovaraju\u0107i zvu\u010dni zapis te takav simbol pohranjuje u odgovaraju\u0107u kategoriju. Aplikacija sadr\u017ei 1500 simbola kategoriziranih u 22 kategorije. Komunikator sadr\u017ei temeljne kategorije (aktivnosti i doga\u0111aji, dijelovi tijela, glagoli, mjesta itd.) s odgovaraju\u0107im skupom simbola koji se mogu nadograditi vlastitim simbolima ili fotografijama, \u010dime <strong>omogu\u0107uje prilagodbu individualnim potrebama korisnika<\/strong>. Dostupni su simboli iz triju nekomercijalnih galerija simbola (ARASAAC, Mulberry i Sclera).&nbsp;&nbsp;&nbsp;&nbsp;<\/p>\n\n\n\n<p>Aplikacija se primjenjuje za <strong>poticanje funkcionalne komunikacije<\/strong> (korisnici mogu tijekom aktivnosti ili dnevne rutine zahtijevati odre\u0111ene predmete, aktivnosti, doga\u0111aje; odabrati izme\u0111u dva ili vi\u0161e izbora; komentirati zbivanja u okolini ili odgovoriti na upit). Upotreba fotografija iz vlastitog \u017eivota vrlo je va\u017ean element jer djeca naju\u010destalije komuniciraju o osobnim iskustvima.<\/p>\n\n\n\n<p>Komunikator ujedno slu\u017ei poticanju jezi\u010dnog razumijevanja i proizvodnje te boga\u0107enju rje\u010dnika. Korisnici s jezi\u010dno-govornim te\u0161ko\u0107ama, razvojnom dispraksijom ili motori\u010dkim odstupanjima koriste aplikaciju za prijenos informacija, stjecanje novih znanja i odgovaranje na upite. Kod korisnika koji razumiju da im Komunikator olak\u0161ava komunikaciju s okolinom koristi se vi\u0161e simbola na zaslonu te aplikacija slu\u017ei u <strong>razli\u010dite komunikacijske svrhe<\/strong>.&nbsp;<\/p>\n\n\n\n<p>Prednosti samog ure\u0111aja (malen je, lako se prenosi) kao i mogu\u0107nost nadogradnje aplikacije razli\u010ditim fotografijama olak\u0161ava podu\u010davanje korisnika \u0161kolske dobi (npr. prikaz nastavnog materijala). Zbog visoke atraktivnosti i lake prilagodbe rje\u010dnika potrebama korisnika, upotreba aplikacije omogu\u0107uje napredak u jezi\u010dnoj formi (sintaksi, morfologiji i fonologiji), sadr\u017eaju (semantici) i njegovoj upotrebi (pragmatici). Kod odrasle populacije aplikacija se, osim za razmjenu informacija, koristi i za postizanje odre\u0111enog stupnja samostalnosti u procesu komunikacije i osposobljavanju za \u017eivot i rad.<\/p>\n\n\n\n<p><\/p>\n\n\n\n<div class=\"wp-block-image\"><figure class=\"aligncenter size-large\"><img loading=\"lazy\" decoding=\"async\" width=\"657\" height=\"470\" src=\"http:\/\/usluge.ict-aac.hr\/udzbenik-pk\/\/wp-content\/uploads\/2020\/09\/K-izv.png\" alt=\"Su\u010delja aplikacije Komunikator\" class=\"wp-image-798\"\/><figcaption><strong>Slika 1. <\/strong>Su\u010delja aplikacije Komunikator<\/figcaption><\/figure><\/div>\n\n\n\n<div class=\"wp-block-buttons is-layout-flex wp-block-buttons-is-layout-flex\">\n<div class=\"wp-block-button\"><a class=\"wp-block-button__link has-background\" href=\"http:\/\/usluge.ict-aac.hr\/udzbenik-pk\/\/?page_id=189\" style=\"background-color:#0292cb\">DALJE<\/a><\/div>\n<\/div>\n","protected":false},"excerpt":{"rendered":"<p>Aplikacija omogu\u0107uje komunikaciju ostvarenu pomo\u0107u slaganja simbola za potpomognutu komunikaciju. Opis je preuzet sa web-stranice o ovoj aplikaciji koja je dostupna na sjedi\u0161tu weba Kompetencijske mre\u017ee ICT-AAC. Aplikacija omogu\u0107uje prikaze vi\u0161e ekrana sa simbolima, a kroz ekrane se mo\u017ee kretati [&hellip;]<\/p>\n","protected":false},"author":1,"featured_media":0,"parent":173,"menu_order":0,"comment_status":"closed","ping_status":"closed","template":"","meta":{"footnotes":""},"tags":[],"class_list":["post-188","page","type-page","status-publish","hentry"],"_links":{"self":[{"href":"https:\/\/usluge.ict-aac.hr\/udzbenik-pk\/index.php?rest_route=\/wp\/v2\/pages\/188","targetHints":{"allow":["GET"]}}],"collection":[{"href":"https:\/\/usluge.ict-aac.hr\/udzbenik-pk\/index.php?rest_route=\/wp\/v2\/pages"}],"about":[{"href":"https:\/\/usluge.ict-aac.hr\/udzbenik-pk\/index.php?rest_route=\/wp\/v2\/types\/page"}],"author":[{"embeddable":true,"href":"https:\/\/usluge.ict-aac.hr\/udzbenik-pk\/index.php?rest_route=\/wp\/v2\/users\/1"}],"replies":[{"embeddable":true,"href":"https:\/\/usluge.ict-aac.hr\/udzbenik-pk\/index.php?rest_route=%2Fwp%2Fv2%2Fcomments&post=188"}],"version-history":[{"count":7,"href":"https:\/\/usluge.ict-aac.hr\/udzbenik-pk\/index.php?rest_route=\/wp\/v2\/pages\/188\/revisions"}],"predecessor-version":[{"id":1231,"href":"https:\/\/usluge.ict-aac.hr\/udzbenik-pk\/index.php?rest_route=\/wp\/v2\/pages\/188\/revisions\/1231"}],"up":[{"embeddable":true,"href":"https:\/\/usluge.ict-aac.hr\/udzbenik-pk\/index.php?rest_route=\/wp\/v2\/pages\/173"}],"wp:attachment":[{"href":"https:\/\/usluge.ict-aac.hr\/udzbenik-pk\/index.php?rest_route=%2Fwp%2Fv2%2Fmedia&parent=188"}],"wp:term":[{"taxonomy":"post_tag","embeddable":true,"href":"https:\/\/usluge.ict-aac.hr\/udzbenik-pk\/index.php?rest_route=%2Fwp%2Fv2%2Ftags&post=188"}],"curies":[{"name":"wp","href":"https:\/\/api.w.org\/{rel}","templated":true}]}}