{"id":186,"date":"2020-08-26T09:27:22","date_gmt":"2020-08-26T09:27:22","guid":{"rendered":"http:\/\/usluge.ict-aac.hr\/udzbenik-pk\/\/?page_id=186"},"modified":"2021-02-17T15:40:22","modified_gmt":"2021-02-17T15:40:22","slug":"12-1-aktivnosti-i-projekti-kompetencijske-mreze","status":"publish","type":"page","link":"https:\/\/usluge.ict-aac.hr\/udzbenik-pk\/?page_id=186","title":{"rendered":"12.1 Aktivnosti i projekti Kompetencijske mre\u017ee"},"content":{"rendered":"\n<p>U desetogodi\u0161njem razdoblju Kompetencijska je mre\u017ea provodila dva projekta financirana projektima Europske unije (<a rel=\"noreferrer noopener\" href=\"http:\/\/www.ict-aac.hr\/projekt\/index.php\/hr\/\" target=\"_blank\">Kompetencijska mre\u017ea zasnovana na ICT-u za inovativne usluge namijenjene osobama sa slo\u017eenim komunikacijskim potrebama<\/a> i Uskla\u0111ivanje roditeljstva i poslovnog \u017eivota putem multidisciplinarnih socijalnih usluga <a rel=\"noreferrer noopener\" href=\"http:\/\/multisklad.ict-aac.hr\/\" target=\"_blank\">MULTI-SKLAD<\/a>), jedan projekt Hrvatske akademije znanosti i umjetnosti HAZU (Inovativne usluge za osobe sa slo\u017eenim komunikacijskim potrebama zasnovane na umre\u017eavanju pametnih nosivih ure\u0111aja AAC-WEARABLES) te projekte Sveu\u010dili\u0161ta u Zagrebu (<a rel=\"noreferrer noopener\" href=\"http:\/\/usluge.ict-aac.hr\/sveucilisni\/\" target=\"_blank\">ICT sustavi za osobe sa slo\u017eenim komunikacijskim potrebama<\/a>) te UNICEF-a (<a rel=\"noreferrer noopener\" href=\"http:\/\/rain.ict-aac.hr\/\" target=\"_blank\">Izgradnja nacionalnih kapaciteta za primjenu potpomognute komunikacije kao metode rane intervencije za djecu 0\u20138&nbsp; godina s razvojnim odstupanjima\/te\u0161ko\u0107ama)<\/a>. Dio aktivnosti odvijao se kroz projekte s HAKOM-om te bilateralnim projektima s hrvatskim udrugama, osobito Hrvatskom zajednicom za Down sindrom.&nbsp;&nbsp;&nbsp;<\/p>\n\n\n\n<p>Na temelju istra\u017eivanja provedenih u sklopu Kompetencijske mre\u017ee, nastalo je vi\u0161e znanstvenih i stru\u010dnih radova, od kojih su neki i nagra\u0111ivani (Babi\u0107, Slivar, Car i Podobnik, 2015) te nekoliko uspje\u0161no obranjenih doktorskih disertacija (Doli\u0107, 2014; Zagaj\u0161ek, 2014; Vu\u010dak, 2017), kao i \u00a0vi\u0161e zavr\u0161nih diplomskih te specijalisti\u010dkih radova.\u00a0\u00a0\u00a0<\/p>\n\n\n\n<p>Rezultate djelovanja Kompetencijske mre\u017ee prepoznali su stru\u010dnjaci, roditelji i \u0161ira javnost u Hrvatskoj i cijeloj regiji te je tako projektni tim ICT-AAC 2015. godine dobio nagradu \u201eIvan Filipovi\u0107\u201c koju dodjeljuje Hrvatski sabor za promicanje pedago\u0161ke teorije i prakse. Tako\u0111er, Udruga za projektni menad\u017ement PMI Hrvatska dodijelila je nagradu za Projekt godine 2015. projektu ICT-AAC za najbolje vo\u0111eni projekt i najbolje projektne rezultate ostvarene u Hrvatskoj. Na Me\u0111unarodnoj izlo\u017ebi inovacija ARCA 2014. dodijeljena je srebrna medalja za inovaciju rezultatima nastalim u sklopu aktivnosti mre\u017ee ICT-AAC.<\/p>\n\n\n\n<div class=\"wp-block-buttons is-layout-flex wp-block-buttons-is-layout-flex\">\n<div class=\"wp-block-button\"><a class=\"wp-block-button__link has-background\" href=\"http:\/\/usluge.ict-aac.hr\/udzbenik-pk\/\/?page_id=187\" style=\"background-color:#0292cb\">DALJE<\/a><\/div>\n<\/div>\n\n\n\n<p><\/p>\n","protected":false},"excerpt":{"rendered":"<p>U desetogodi\u0161njem razdoblju Kompetencijska je mre\u017ea provodila dva projekta financirana projektima Europske unije (Kompetencijska mre\u017ea zasnovana na ICT-u za inovativne usluge namijenjene osobama sa slo\u017eenim komunikacijskim potrebama i Uskla\u0111ivanje roditeljstva i poslovnog \u017eivota putem multidisciplinarnih socijalnih usluga MULTI-SKLAD), jedan projekt [&hellip;]<\/p>\n","protected":false},"author":1,"featured_media":0,"parent":173,"menu_order":0,"comment_status":"closed","ping_status":"closed","template":"","meta":{"footnotes":""},"tags":[],"class_list":["post-186","page","type-page","status-publish","hentry"],"_links":{"self":[{"href":"https:\/\/usluge.ict-aac.hr\/udzbenik-pk\/index.php?rest_route=\/wp\/v2\/pages\/186","targetHints":{"allow":["GET"]}}],"collection":[{"href":"https:\/\/usluge.ict-aac.hr\/udzbenik-pk\/index.php?rest_route=\/wp\/v2\/pages"}],"about":[{"href":"https:\/\/usluge.ict-aac.hr\/udzbenik-pk\/index.php?rest_route=\/wp\/v2\/types\/page"}],"author":[{"embeddable":true,"href":"https:\/\/usluge.ict-aac.hr\/udzbenik-pk\/index.php?rest_route=\/wp\/v2\/users\/1"}],"replies":[{"embeddable":true,"href":"https:\/\/usluge.ict-aac.hr\/udzbenik-pk\/index.php?rest_route=%2Fwp%2Fv2%2Fcomments&post=186"}],"version-history":[{"count":9,"href":"https:\/\/usluge.ict-aac.hr\/udzbenik-pk\/index.php?rest_route=\/wp\/v2\/pages\/186\/revisions"}],"predecessor-version":[{"id":1726,"href":"https:\/\/usluge.ict-aac.hr\/udzbenik-pk\/index.php?rest_route=\/wp\/v2\/pages\/186\/revisions\/1726"}],"up":[{"embeddable":true,"href":"https:\/\/usluge.ict-aac.hr\/udzbenik-pk\/index.php?rest_route=\/wp\/v2\/pages\/173"}],"wp:attachment":[{"href":"https:\/\/usluge.ict-aac.hr\/udzbenik-pk\/index.php?rest_route=%2Fwp%2Fv2%2Fmedia&parent=186"}],"wp:term":[{"taxonomy":"post_tag","embeddable":true,"href":"https:\/\/usluge.ict-aac.hr\/udzbenik-pk\/index.php?rest_route=%2Fwp%2Fv2%2Ftags&post=186"}],"curies":[{"name":"wp","href":"https:\/\/api.w.org\/{rel}","templated":true}]}}