{"id":175,"date":"2020-08-26T09:24:39","date_gmt":"2020-08-26T09:24:39","guid":{"rendered":"http:\/\/usluge.ict-aac.hr\/udzbenik-pk\/\/?page_id=175"},"modified":"2021-02-17T15:37:54","modified_gmt":"2021-02-17T15:37:54","slug":"11-3-intervencije-uz-videomodeliranje","status":"publish","type":"page","link":"https:\/\/usluge.ict-aac.hr\/udzbenik-pk\/?page_id=175","title":{"rendered":"11.3 Intervencije uz videomodeliranje"},"content":{"rendered":"\n<p>Zbog dokazane u\u010dinkovitosti, videomodeliranje je \u0161iroko zastupljeno u intervencijskom radu s osobama sa PSA-om, gotovo kao neizostavna metoda pou\u010davanja. Mo\u017ee se koristiti kao glavna intervencija, kao dopuna drugima (npr. primijenjenoj analizi pona\u0161anja) ili integrirano s drugima (npr. u pou\u010davanju razli\u010ditih socijalnih vje\u0161tina i socijalne komunikacije oslanja se na na\u010dela izrade socijalnih pri\u010da \u2013 vi\u0161e u prethodnom poglavlju) te se na taj na\u010din ova dva pristupa ujedinjuju i koriste istovremeno. <strong><\/strong><\/p>\n\n\n\n<p>Ovaj pristup pokazao se <strong>u\u010dinkovitim kod gotovo svih dobnih skupina<\/strong>, s mogu\u0107om iznimkom kod vrlo male djece (od ro\u0111enja do dvije i pol godine), te kod osoba s autizmom du\u017e cijelog spektra, uz iznimke kod pridru\u017eenih te\u017eih kognitivnih te\u0161ko\u0107a uz PSA (Buggey, 2012). Za sada ne postoji test s kriterijima po kojima bi se mogla prediktivno procijeniti u\u010dinkovitost ovog pristupa kod pojedinog djeteta u odnosu na njegov razvojni profil. Jedan od mogu\u0107ih pokazatelja za pozitivne ishode uvo\u0111enja ovakve vrste intervencije jest djetetov interes za televiziju i mogu\u0107nost zadr\u017eavanja pa\u017enje na njoj.<\/p>\n\n\n\n<div class=\"wp-block-buttons is-layout-flex wp-block-buttons-is-layout-flex\">\n<div class=\"wp-block-button\"><a class=\"wp-block-button__link has-background\" href=\"http:\/\/usluge.ict-aac.hr\/udzbenik-pk\/\/?page_id=945\" style=\"background-color:#0292cb\">DALJE<\/a><\/div>\n<\/div>\n\n\n\n<p><\/p>\n","protected":false},"excerpt":{"rendered":"<p>Zbog dokazane u\u010dinkovitosti, videomodeliranje je \u0161iroko zastupljeno u intervencijskom radu s osobama sa PSA-om, gotovo kao neizostavna metoda pou\u010davanja. Mo\u017ee se koristiti kao glavna intervencija, kao dopuna drugima (npr. primijenjenoj analizi pona\u0161anja) ili integrirano s drugima (npr. u pou\u010davanju razli\u010ditih [&hellip;]<\/p>\n","protected":false},"author":1,"featured_media":0,"parent":174,"menu_order":0,"comment_status":"closed","ping_status":"closed","template":"","meta":{"footnotes":""},"tags":[],"class_list":["post-175","page","type-page","status-publish","hentry"],"_links":{"self":[{"href":"https:\/\/usluge.ict-aac.hr\/udzbenik-pk\/index.php?rest_route=\/wp\/v2\/pages\/175","targetHints":{"allow":["GET"]}}],"collection":[{"href":"https:\/\/usluge.ict-aac.hr\/udzbenik-pk\/index.php?rest_route=\/wp\/v2\/pages"}],"about":[{"href":"https:\/\/usluge.ict-aac.hr\/udzbenik-pk\/index.php?rest_route=\/wp\/v2\/types\/page"}],"author":[{"embeddable":true,"href":"https:\/\/usluge.ict-aac.hr\/udzbenik-pk\/index.php?rest_route=\/wp\/v2\/users\/1"}],"replies":[{"embeddable":true,"href":"https:\/\/usluge.ict-aac.hr\/udzbenik-pk\/index.php?rest_route=%2Fwp%2Fv2%2Fcomments&post=175"}],"version-history":[{"count":4,"href":"https:\/\/usluge.ict-aac.hr\/udzbenik-pk\/index.php?rest_route=\/wp\/v2\/pages\/175\/revisions"}],"predecessor-version":[{"id":1724,"href":"https:\/\/usluge.ict-aac.hr\/udzbenik-pk\/index.php?rest_route=\/wp\/v2\/pages\/175\/revisions\/1724"}],"up":[{"embeddable":true,"href":"https:\/\/usluge.ict-aac.hr\/udzbenik-pk\/index.php?rest_route=\/wp\/v2\/pages\/174"}],"wp:attachment":[{"href":"https:\/\/usluge.ict-aac.hr\/udzbenik-pk\/index.php?rest_route=%2Fwp%2Fv2%2Fmedia&parent=175"}],"wp:term":[{"taxonomy":"post_tag","embeddable":true,"href":"https:\/\/usluge.ict-aac.hr\/udzbenik-pk\/index.php?rest_route=%2Fwp%2Fv2%2Ftags&post=175"}],"curies":[{"name":"wp","href":"https:\/\/api.w.org\/{rel}","templated":true}]}}