{"id":173,"date":"2020-08-26T09:25:25","date_gmt":"2020-08-26T09:25:25","guid":{"rendered":"http:\/\/usluge.ict-aac.hr\/udzbenik-pk\/\/?page_id=173"},"modified":"2020-09-19T11:19:03","modified_gmt":"2020-09-19T11:19:03","slug":"12-ict-rjesenja-dostupna-na-hrvatskom-jeziku","status":"publish","type":"page","link":"https:\/\/usluge.ict-aac.hr\/udzbenik-pk\/?page_id=173","title":{"rendered":"12. ICT RJE\u0160ENJA DOSTUPNA NA HRVATSKOM JEZIKU"},"content":{"rendered":"\n<div class=\"wp-block-group\"><div class=\"wp-block-group__inner-container is-layout-flow wp-block-group-is-layout-flow\">\n<p class=\"has-text-align-right\"><strong>\u017deljka Car i Matea \u017dilak<\/strong><\/p>\n<\/div><\/div>\n\n\n\n<hr class=\"wp-block-separator\"\/>\n\n\n\n<p>Dru\u0161tvenu uklju\u010denost osoba sa slo\u017eenim komunikacijskim potrebama mogu\u0107e je pove\u0107ati razvojem informacijskih i komunikacijskih usluga koje \u0107e im <strong>omogu\u0107iti u\u010dinkovitiju komunikaciju, pristup informacijama i edukaciju.<\/strong> Zna\u010dajan razvoj u podru\u010dju pokretnih ure\u0111aja otvorio je \u0161ire perspektive za razvoj novih usluga zasnovanih na simbolima. U posljednjih desetak godina u Hrvatskoj djeluje<strong> Kompetencijska mre\u017ea ICT-AAC<\/strong> koju \u010dine znanstvenici i stru\u010dnjaci s nekoliko sastavnica Sveu\u010dili\u0161ta u Zagrebu, roditeljske i stru\u010dne udruge, medicinski i poslovni sektor. Temeljna svrha ovog oblika djelovanja je odr\u017eavanje kontinuirane suradnje koja \u0107e fuzijom znanja i tehnologije doprinijeti kvaliteti \u017eivota osoba sa slo\u017eenim komunikacijskim potrebama.<\/p>\n\n\n\n<p>Jezgru mre\u017ee \u010dine Fakultet elektrotehnike i ra\u010dunarstva, Edukacijsko-rehabilitacijski fakultet i Grafi\u010dki fakultet Sveu\u010dili\u0161ta u Zagrebu, Hrvatska regulatorna agencija za mre\u017ene djelatnosti (HAKOM) te Hrvatska zajednica za Down sindrom i Udruga roditelja OKO. U suradnju su tako\u0111er uklju\u010deni Odsjek za psihologiju Filozofskog fakulteta Sveu\u010dili\u0161ta u Zagrebu, Hrvatska udruga za ranu intervenciju u djetinjstvu (HURID), Hrvatski savez udruga za mlade i studente s invaliditetom (SUMSI), Centar UP2DATE, SUVAG Osijek, Fakultet elektrotehnike, ra\u010dunarstva i informacijskih tehnologija Sveu\u010dili\u0161ta Josipa J. Strossmayera iz Osijeka, Dje\u010dji vrti\u0107 Ivane Brli\u0107-Ma\u017eurani\u0107 u Sl. Brodu, HSM Informatika, CROZ i Ericsson Nikola Tesla. Iz godine u godinu mre\u017ea raste kako brojem, tako i opsegom aktivnosti.<\/p>\n\n\n\n<p>\u010clanovi Kompetencijske mre\u017ee ICT-AAC <strong>sura\u0111uju u obrazovanju, istra\u017eivanju, razvoju i inovacijama<\/strong>, a posebice u zajedni\u010dkim nastupima u pripremi i provedbi projekata te uspostavljanju i odr\u017eavanju izravnog dijaloga s europskim i nacionalnim tijelima dr\u017eavne vlasti i agencijama odgovornima za razvoj uklju\u010divog dru\u0161tva.<\/p>\n\n\n\n<div class=\"wp-block-buttons is-layout-flex wp-block-buttons-is-layout-flex\">\n<div class=\"wp-block-button\"><a class=\"wp-block-button__link has-background\" href=\"http:\/\/usluge.ict-aac.hr\/udzbenik-pk\/\/?page_id=186\" style=\"background-color:#0292cb\">DALJE<\/a><\/div>\n<\/div>\n\n\n\n<p><\/p>\n","protected":false},"excerpt":{"rendered":"<p>\u017deljka Car i Matea \u017dilak Dru\u0161tvenu uklju\u010denost osoba sa slo\u017eenim komunikacijskim potrebama mogu\u0107e je pove\u0107ati razvojem informacijskih i komunikacijskih usluga koje \u0107e im omogu\u0107iti u\u010dinkovitiju komunikaciju, pristup informacijama i edukaciju. Zna\u010dajan razvoj u podru\u010dju pokretnih ure\u0111aja otvorio je \u0161ire perspektive [&hellip;]<\/p>\n","protected":false},"author":1,"featured_media":401,"parent":0,"menu_order":0,"comment_status":"closed","ping_status":"closed","template":"","meta":{"footnotes":""},"tags":[53,55],"class_list":["post-173","page","type-page","status-publish","has-post-thumbnail","hentry","tag-poglavlje-head","tag-poglavlje12"],"_links":{"self":[{"href":"https:\/\/usluge.ict-aac.hr\/udzbenik-pk\/index.php?rest_route=\/wp\/v2\/pages\/173","targetHints":{"allow":["GET"]}}],"collection":[{"href":"https:\/\/usluge.ict-aac.hr\/udzbenik-pk\/index.php?rest_route=\/wp\/v2\/pages"}],"about":[{"href":"https:\/\/usluge.ict-aac.hr\/udzbenik-pk\/index.php?rest_route=\/wp\/v2\/types\/page"}],"author":[{"embeddable":true,"href":"https:\/\/usluge.ict-aac.hr\/udzbenik-pk\/index.php?rest_route=\/wp\/v2\/users\/1"}],"replies":[{"embeddable":true,"href":"https:\/\/usluge.ict-aac.hr\/udzbenik-pk\/index.php?rest_route=%2Fwp%2Fv2%2Fcomments&post=173"}],"version-history":[{"count":4,"href":"https:\/\/usluge.ict-aac.hr\/udzbenik-pk\/index.php?rest_route=\/wp\/v2\/pages\/173\/revisions"}],"predecessor-version":[{"id":1201,"href":"https:\/\/usluge.ict-aac.hr\/udzbenik-pk\/index.php?rest_route=\/wp\/v2\/pages\/173\/revisions\/1201"}],"wp:featuredmedia":[{"embeddable":true,"href":"https:\/\/usluge.ict-aac.hr\/udzbenik-pk\/index.php?rest_route=\/wp\/v2\/media\/401"}],"wp:attachment":[{"href":"https:\/\/usluge.ict-aac.hr\/udzbenik-pk\/index.php?rest_route=%2Fwp%2Fv2%2Fmedia&parent=173"}],"wp:term":[{"taxonomy":"post_tag","embeddable":true,"href":"https:\/\/usluge.ict-aac.hr\/udzbenik-pk\/index.php?rest_route=%2Fwp%2Fv2%2Ftags&post=173"}],"curies":[{"name":"wp","href":"https:\/\/api.w.org\/{rel}","templated":true}]}}