{"id":165,"date":"2020-08-26T09:22:41","date_gmt":"2020-08-26T09:22:41","guid":{"rendered":"http:\/\/usluge.ict-aac.hr\/udzbenik-pk\/\/?page_id=165"},"modified":"2021-02-17T15:32:44","modified_gmt":"2021-02-17T15:32:44","slug":"10-7-zakljucne-napomene","status":"publish","type":"page","link":"https:\/\/usluge.ict-aac.hr\/udzbenik-pk\/?page_id=165","title":{"rendered":"10.7 Zaklju\u010dne napomene"},"content":{"rendered":"\n<p>Iako se klini\u010dki mnogo koriste i stru\u010dnjaci uglavnom izvje\u0161tavaju o pozitivnim u\u010dincima socijalnih pri\u010da, istra\u017eiva\u010dki se jo\u0161 poku\u0161ava utvrditi njihova u\u010dinkovitost. U Hrvatskoj je dosad provedeno nekoliko istra\u017eivanja kojima je cilj bio ispitati utjecaj upotrebe socijalnih pri\u010da na socijalnu interakciju kod djece sa PSA-om (Jan\u010dec i sur., 2016), u\u010dinkovitost socijalnih pri\u010da u smanjivanju nepo\u017eeljnih pona\u0161anja tako\u0111er kod djece sa PSA-om (Le\u0161kovi\u0107, 2016) te u\u010dinkovitost u smanjivanju nepo\u017eeljnih pona\u0161anja i uspostavljanju socijalno po\u017eeljnih pona\u0161anja kod poreme\u0107aja socijalne komunikacije (Zaninovi\u0107, 2017). Sva istra\u017eivanja su pokazala <strong>u\u010dinkovitost socijalnih pri\u010da u smanjivanju nepo\u017eeljnih pona\u0161anja te zna\u010dajno bolje rezultate u u\u010dinkovitosti i kvaliteti socijalnih interakcija <\/strong>te odgovorljivosti na socijalne interakcije. Problem s kojim se brojni znanstvenici susre\u0107u pri izu\u010davanju socijalnih pri\u010da jest da ve\u0107ina istra\u017eivanja uklju\u010duje istra\u017eiva\u010dke nacrte na pojedincu koji imaju nisku vanjsku valjanost. Tako je, primjerice, u pregledu istra\u017eivanja na temu socijalnih pri\u010da (Reynhout i Carter, 2006) analizirano ukupno 16 istra\u017eivanja. Analiza je pokazala da je 12 od 16 obuhva\u0107enih istra\u017eivanja, koja su koristila socijalne pri\u010de napisane prema pravilima koje je definirala Carol Gray, obuhva\u0107alo istra\u017eiva\u010dki nacrt na pojedincu. Istim pregledom istra\u017eivanja utvr\u0111eno je da je gotovo 15 istra\u017eivanja imalo za sudionike osobe s poreme\u0107ajem iz spektra autizma, a samo jedno istra\u017eivanje sudionike s drugim razvojnim te\u0161ko\u0107ama. Zaklju\u010dno se mo\u017ee re\u0107i da, iako posljednjih 20 godina postoji pove\u0107an interes i za klini\u010dku upotrebu i za istra\u017eivanja u\u010dinkovitosti socijalnih pri\u010da, te mnogo dokaza o u\u010dinkovitosti socijalnih pri\u010da, predstoje nova istra\u017eivanja sa sna\u017enijim nacrtima i nacrtima koji osim socijalne pri\u010de ne uklju\u010duju i druge intervencije, \u0161to je u dosada\u0161njim istra\u017eivanjima \u010desto slu\u010daj, te je istra\u017eiva\u010dima te\u0161ko zaklju\u010diti \u010demu to\u010dno pripisati promjenu u pona\u0161anju. Naposljetku, valja imati na umu da je odabir najprikladnijih intervencija vrlo slo\u017een proces na koji utje\u010du razli\u010diti \u010dimbenici: a) dokaz o u\u010dinkovitosti intervencije; b) procjena stru\u010dnjaka i odlu\u010divanje na temelju dostupnih podataka; c) evaluacije i sklonosti obitelji (uklju\u010duju\u0107i i pojedince sa PSA-om); d) kapacitet stru\u010dnjaka da provede intervenciju (National Autism Center, 2015, Steinbrenner i sur., 2020).<\/p>\n\n\n\n<div class=\"wp-block-buttons is-layout-flex wp-block-buttons-is-layout-flex\">\n<div class=\"wp-block-button\"><a class=\"wp-block-button__link has-background\" href=\"http:\/\/usluge.ict-aac.hr\/udzbenik-pk\/\/?page_id=934\" style=\"background-color:#0292cb\">DALJE<\/a><\/div>\n<\/div>\n","protected":false},"excerpt":{"rendered":"<p>Iako se klini\u010dki mnogo koriste i stru\u010dnjaci uglavnom izvje\u0161tavaju o pozitivnim u\u010dincima socijalnih pri\u010da, istra\u017eiva\u010dki se jo\u0161 poku\u0161ava utvrditi njihova u\u010dinkovitost. U Hrvatskoj je dosad provedeno nekoliko istra\u017eivanja kojima je cilj bio ispitati utjecaj upotrebe socijalnih pri\u010da na socijalnu interakciju [&hellip;]<\/p>\n","protected":false},"author":1,"featured_media":0,"parent":150,"menu_order":0,"comment_status":"closed","ping_status":"closed","template":"","meta":{"footnotes":""},"tags":[],"class_list":["post-165","page","type-page","status-publish","hentry"],"_links":{"self":[{"href":"https:\/\/usluge.ict-aac.hr\/udzbenik-pk\/index.php?rest_route=\/wp\/v2\/pages\/165","targetHints":{"allow":["GET"]}}],"collection":[{"href":"https:\/\/usluge.ict-aac.hr\/udzbenik-pk\/index.php?rest_route=\/wp\/v2\/pages"}],"about":[{"href":"https:\/\/usluge.ict-aac.hr\/udzbenik-pk\/index.php?rest_route=\/wp\/v2\/types\/page"}],"author":[{"embeddable":true,"href":"https:\/\/usluge.ict-aac.hr\/udzbenik-pk\/index.php?rest_route=\/wp\/v2\/users\/1"}],"replies":[{"embeddable":true,"href":"https:\/\/usluge.ict-aac.hr\/udzbenik-pk\/index.php?rest_route=%2Fwp%2Fv2%2Fcomments&post=165"}],"version-history":[{"count":5,"href":"https:\/\/usluge.ict-aac.hr\/udzbenik-pk\/index.php?rest_route=\/wp\/v2\/pages\/165\/revisions"}],"predecessor-version":[{"id":1720,"href":"https:\/\/usluge.ict-aac.hr\/udzbenik-pk\/index.php?rest_route=\/wp\/v2\/pages\/165\/revisions\/1720"}],"up":[{"embeddable":true,"href":"https:\/\/usluge.ict-aac.hr\/udzbenik-pk\/index.php?rest_route=\/wp\/v2\/pages\/150"}],"wp:attachment":[{"href":"https:\/\/usluge.ict-aac.hr\/udzbenik-pk\/index.php?rest_route=%2Fwp%2Fv2%2Fmedia&parent=165"}],"wp:term":[{"taxonomy":"post_tag","embeddable":true,"href":"https:\/\/usluge.ict-aac.hr\/udzbenik-pk\/index.php?rest_route=%2Fwp%2Fv2%2Ftags&post=165"}],"curies":[{"name":"wp","href":"https:\/\/api.w.org\/{rel}","templated":true}]}}