{"id":162,"date":"2020-08-26T09:22:01","date_gmt":"2020-08-26T09:22:01","guid":{"rendered":"http:\/\/usluge.ict-aac.hr\/udzbenik-pk\/\/?page_id=162"},"modified":"2021-02-17T15:22:50","modified_gmt":"2021-02-17T15:22:50","slug":"10-4-individualizirani-pristup-u-izradi-socijalnih-prica","status":"publish","type":"page","link":"https:\/\/usluge.ict-aac.hr\/udzbenik-pk\/?page_id=162","title":{"rendered":"10.4 Individualizirani pristup u izradi socijalnih pri\u010da"},"content":{"rendered":"\n<p>Kod kreiranja socijalne pri\u010de va\u017eno se usmjeriti na ono \u0161to dijete vidi, \u010duje i osje\u0107a u odre\u0111enoj situaciji (Hutchins i Prelock, 2006), kao i <strong>pa\u017eljivo promatrati i pratiti dijete te prikupljati informacije<\/strong> od roditelja ili ostalih koji ga dobro poznaju (Hutchins, 2012). Na samom po\u010detku va\u017eno je odrediti temu te prepoznati ciljano pona\u0161anje za koje \u0107e se pisati socijalna pri\u010da. Veoma je va\u017eno gledati i dalje od samog pona\u0161anja kako bi se <strong>razumio uzrok i svrha pona\u0161anja<\/strong>. Tako\u0111er, va\u017eno je znati koliko se \u010desto ciljano pona\u0161anje javlja i u kojim je situacijama najprisutnije (Crozier i Sileo, 2005). Tek nakon \u0161to se odredi ciljano pona\u0161anje i prikupe sve va\u017ene informacije, kre\u0107e se s pisanjem socijalne pri\u010de.\u00a0<\/p>\n\n\n\n<p>Mnogi autori modificiraju socijalne pri\u010de kako bi ih <strong>prilagodili kognitivnoj, komunikacijskoj i jezi\u010dnoj razini osobe<\/strong> za koju se one izra\u0111uju (Crozier i Tincani, 2005). Zato se pri\u010de pi\u0161u jednostavnim jezikom koji slijedi razinu djetetova jezi\u010dnog razumijevanja i naj\u010de\u0161\u0107e u prvom licu (Gray i Garand, 1993). Zato je, osim uzimanja u obzir tih \u010dimbenika prilikom izrade pri\u010de, i nakon \u010ditanja ili prezentiranja socijalne pri\u010de, va\u017eno provjeriti djetetovo razumijevanje pitanjima i razgovorom o pri\u010di (Crozier i Sileo, 2005; Benish i Bramlett, 2011) te ponoviti pri\u010du ako je dijete nije razumjelo (Scattone, Tingstrom i Wilczynski, 2006)<\/p>\n\n\n\n<div class=\"wp-block-buttons is-layout-flex wp-block-buttons-is-layout-flex\">\n<div class=\"wp-block-button\"><a class=\"wp-block-button__link has-background\" href=\"http:\/\/usluge.ict-aac.hr\/udzbenik-pk\/\/?page_id=163\" style=\"background-color:#0292cb\">DALJE<\/a><\/div>\n<\/div>\n\n\n\n<p><\/p>\n","protected":false},"excerpt":{"rendered":"<p>Kod kreiranja socijalne pri\u010de va\u017eno se usmjeriti na ono \u0161to dijete vidi, \u010duje i osje\u0107a u odre\u0111enoj situaciji (Hutchins i Prelock, 2006), kao i pa\u017eljivo promatrati i pratiti dijete te prikupljati informacije od roditelja ili ostalih koji ga dobro poznaju [&hellip;]<\/p>\n","protected":false},"author":1,"featured_media":0,"parent":150,"menu_order":0,"comment_status":"closed","ping_status":"closed","template":"","meta":{"footnotes":""},"tags":[],"class_list":["post-162","page","type-page","status-publish","hentry"],"_links":{"self":[{"href":"https:\/\/usluge.ict-aac.hr\/udzbenik-pk\/index.php?rest_route=\/wp\/v2\/pages\/162","targetHints":{"allow":["GET"]}}],"collection":[{"href":"https:\/\/usluge.ict-aac.hr\/udzbenik-pk\/index.php?rest_route=\/wp\/v2\/pages"}],"about":[{"href":"https:\/\/usluge.ict-aac.hr\/udzbenik-pk\/index.php?rest_route=\/wp\/v2\/types\/page"}],"author":[{"embeddable":true,"href":"https:\/\/usluge.ict-aac.hr\/udzbenik-pk\/index.php?rest_route=\/wp\/v2\/users\/1"}],"replies":[{"embeddable":true,"href":"https:\/\/usluge.ict-aac.hr\/udzbenik-pk\/index.php?rest_route=%2Fwp%2Fv2%2Fcomments&post=162"}],"version-history":[{"count":4,"href":"https:\/\/usluge.ict-aac.hr\/udzbenik-pk\/index.php?rest_route=\/wp\/v2\/pages\/162\/revisions"}],"predecessor-version":[{"id":1716,"href":"https:\/\/usluge.ict-aac.hr\/udzbenik-pk\/index.php?rest_route=\/wp\/v2\/pages\/162\/revisions\/1716"}],"up":[{"embeddable":true,"href":"https:\/\/usluge.ict-aac.hr\/udzbenik-pk\/index.php?rest_route=\/wp\/v2\/pages\/150"}],"wp:attachment":[{"href":"https:\/\/usluge.ict-aac.hr\/udzbenik-pk\/index.php?rest_route=%2Fwp%2Fv2%2Fmedia&parent=162"}],"wp:term":[{"taxonomy":"post_tag","embeddable":true,"href":"https:\/\/usluge.ict-aac.hr\/udzbenik-pk\/index.php?rest_route=%2Fwp%2Fv2%2Ftags&post=162"}],"curies":[{"name":"wp","href":"https:\/\/api.w.org\/{rel}","templated":true}]}}