{"id":151,"date":"2020-08-26T09:18:38","date_gmt":"2020-08-26T09:18:38","guid":{"rendered":"http:\/\/usluge.ict-aac.hr\/udzbenik-pk\/\/?page_id=151"},"modified":"2021-02-19T09:24:00","modified_gmt":"2021-02-19T09:24:00","slug":"10-1-uloga-socijalnih-prica","status":"publish","type":"page","link":"https:\/\/usluge.ict-aac.hr\/udzbenik-pk\/?page_id=151","title":{"rendered":"10.1 Uloga socijalnih pri\u010da"},"content":{"rendered":"\n<p>Intervencija koja uklju\u010duje socijalne pri\u010de je u okviru istra\u017eivanja znanstvene utemeljenosti promatrana kao zasebna intervencija isto kao i Komunikacija putem razmjene slika (PECS), videomodeliranje ili uporaba razli\u010ditih ure\u0111aja. Socijalne pri\u010de se kod djece rani dobi u pravilu predstavljaju multimodalno, uz vizualnu podr\u0161ku ili u okviru pojedine aplikacije uparene sa zvu\u010dnim zapisom te su direktno povezane s razumijevanjem razli\u010ditih socijalnih situacija i razinom jezi\u010dnog razumijevanja. Upravo iz navedenih razloga autori se odlu\u010duju socijalne pri\u010de uvrstiti kao zasebno poglavlje unutar ud\u017ebenika.<\/p>\n\n\n\n<p>Socijalne pri\u010de pripadaju skupini bihevioralnih intervencija te koriste kombinaciju vizualne i verbalne podr\u0161ke (O&#8217;Hara, 2010). To su pa\u017eljivo napisane individualizirane pri\u010de za usvajanje odre\u0111enog socijalnog pravila (Gray i Garand, 2003). One <strong>opisuju konkretnu situaciju<\/strong> i tuma\u010de dru\u0161tvene signale, perspektivu drugih te predla\u017eu primjeren odgovor na pona\u0161anje u odre\u0111enoj situaciji (Reynhout i Carter, 2007). Pru\u017eaju informaciju o tome \u0161to ljudi u odre\u0111enoj situaciji rade, misle ili osje\u0107aju te isti\u010du odre\u0111enu vje\u0161tinu koju osoba treba pobolj\u0161ati. Cilj socijalnih pri\u010da jest podijeliti to\u010dne socijalne informacije koje bi trebale dovesti do primjerenog odgovora osobe s te\u0161ko\u0107ama u razvoju (Gray i Garand, 1993).<\/p>\n\n\n\n<p>One mogu slu\u017eiti osobama s te\u0161ko\u0107ama u razvoju u <strong>razvijanju znanja o zahtjevnim socijalnim situacijama<\/strong> (primjerice \u010dekanje u redu), kao i u u\u010denju novih vje\u0161tina (primjerice vje\u0161tina pranja ruku). Mogu biti pisane tako da zahvate problem\/potrebe pojedinca (primjerice grizenje drugih osoba) ili potrebe cijele jedne skupine (primjerice primjereno pona\u0161anje tijekom ru\u010dka). Socijalne pri\u010de \u010desto se kreiraju kako bi se <strong>smanjila agresivna i ostala nepo\u017eeljna pona\u0161anja pojedinca<\/strong> (Kuoch i Mirenda, 2003). Tako\u0111er, putem socijalnih pri\u010da mogu se poticati po\u017eeljna pona\u0161anja pojedinca (Delano i Snell, 2006), svladavati razli\u010dite funkcionalne vje\u0161tine (Hagiwara i Myles, 1999) te u\u010diti o mogu\u0107nosti izbora (Barry i Burlew, 2004).<\/p>\n\n\n\n<div class=\"wp-block-buttons is-layout-flex wp-block-buttons-is-layout-flex\">\n<div class=\"wp-block-button\"><a class=\"wp-block-button__link has-background\" href=\"http:\/\/usluge.ict-aac.hr\/udzbenik-pk\/\/?page_id=160\" style=\"background-color:#0292cb\">DALJE<\/a><\/div>\n<\/div>\n\n\n\n<p><\/p>\n","protected":false},"excerpt":{"rendered":"<p>Intervencija koja uklju\u010duje socijalne pri\u010de je u okviru istra\u017eivanja znanstvene utemeljenosti promatrana kao zasebna intervencija isto kao i Komunikacija putem razmjene slika (PECS), videomodeliranje ili uporaba razli\u010ditih ure\u0111aja. Socijalne pri\u010de se kod djece rani dobi u pravilu predstavljaju multimodalno, uz [&hellip;]<\/p>\n","protected":false},"author":1,"featured_media":0,"parent":150,"menu_order":0,"comment_status":"closed","ping_status":"closed","template":"","meta":{"footnotes":""},"tags":[],"class_list":["post-151","page","type-page","status-publish","hentry"],"_links":{"self":[{"href":"https:\/\/usluge.ict-aac.hr\/udzbenik-pk\/index.php?rest_route=\/wp\/v2\/pages\/151","targetHints":{"allow":["GET"]}}],"collection":[{"href":"https:\/\/usluge.ict-aac.hr\/udzbenik-pk\/index.php?rest_route=\/wp\/v2\/pages"}],"about":[{"href":"https:\/\/usluge.ict-aac.hr\/udzbenik-pk\/index.php?rest_route=\/wp\/v2\/types\/page"}],"author":[{"embeddable":true,"href":"https:\/\/usluge.ict-aac.hr\/udzbenik-pk\/index.php?rest_route=\/wp\/v2\/users\/1"}],"replies":[{"embeddable":true,"href":"https:\/\/usluge.ict-aac.hr\/udzbenik-pk\/index.php?rest_route=%2Fwp%2Fv2%2Fcomments&post=151"}],"version-history":[{"count":6,"href":"https:\/\/usluge.ict-aac.hr\/udzbenik-pk\/index.php?rest_route=\/wp\/v2\/pages\/151\/revisions"}],"predecessor-version":[{"id":1746,"href":"https:\/\/usluge.ict-aac.hr\/udzbenik-pk\/index.php?rest_route=\/wp\/v2\/pages\/151\/revisions\/1746"}],"up":[{"embeddable":true,"href":"https:\/\/usluge.ict-aac.hr\/udzbenik-pk\/index.php?rest_route=\/wp\/v2\/pages\/150"}],"wp:attachment":[{"href":"https:\/\/usluge.ict-aac.hr\/udzbenik-pk\/index.php?rest_route=%2Fwp%2Fv2%2Fmedia&parent=151"}],"wp:term":[{"taxonomy":"post_tag","embeddable":true,"href":"https:\/\/usluge.ict-aac.hr\/udzbenik-pk\/index.php?rest_route=%2Fwp%2Fv2%2Ftags&post=151"}],"curies":[{"name":"wp","href":"https:\/\/api.w.org\/{rel}","templated":true}]}}