{"id":147,"date":"2020-08-26T09:17:47","date_gmt":"2020-08-26T09:17:47","guid":{"rendered":"http:\/\/usluge.ict-aac.hr\/udzbenik-pk\/\/?page_id=147"},"modified":"2021-02-17T15:14:43","modified_gmt":"2021-02-17T15:14:43","slug":"9-6-multidisciplinarni-tim-u-procjeni-potpomognute-komunikacije","status":"publish","type":"page","link":"https:\/\/usluge.ict-aac.hr\/udzbenik-pk\/?page_id=147","title":{"rendered":"9.6 Multidisciplinarni tim u procjeni potpomognute komunikacije"},"content":{"rendered":"\n<p>Zbog svoje slo\u017eenosti i slojevitosti postupak procjene korisnika za upotrebu potpomognute komunikacije zahtijeva suradnju multidisciplinarnog tima, o \u010demu je govoreno i u poglavlju o op\u0107im na\u010delima rane intervencije. U idealnim uvjetima tim \u010dine specijalist za asistivnu tehnologiju, logoped i edukacijski rehabilitator. Uz navedene \u010dlanove, u tim se prema potrebi uklju\u010duju drugi stru\u010dnjaci (radni terapeut, lije\u010dnici razli\u010ditih specijalnosti, psiholog, socijalni radnik itd.). U postupku procjene aktivno sudjeluju i bliski \u010dlanovi obitelji te druge va\u017ene osobe u \u017eivotu korisnika.<\/p>\n\n\n\n<p>U pojedinim sustavima razvijena je stru\u010dna kvalifikacija pod nazivom <strong>specijalist za asistivnu tehnologiju koji ima \u0161iroko znanje o razli\u010ditim vrstama tehnologije, alatima za u\u010denje, komunikacijskim ure\u0111ajima, prilago\u0111enim igra\u010dkama i drugoj prilago\u0111enoj opremi<\/strong>. Ovaj stru\u010dnjak ima znanja o biopsihosocijalnom razvoju djeteta, kao i znanja o primjeni tehnologije, s ciljem poticanja djetetovih razvojnih ishoda. Cilj multidisciplinarne suradnje je odrediti odgovaraju\u0107i oblik potpomognute komunikacije, ali i pru\u017eiti podr\u0161ku djetetu i okolini, \u0161to posljedi\u010dno djetetu sa slo\u017eenim komunikacijskim potrebama omogu\u0107ava sudjelovanje u razli\u010ditim interakcijama i aktivnostima (Beukelman i Mirenda, 2013). Va\u017eno je naglasiti da su osobe slo\u017eenim komunikacijskim potrebama heterogena skupina u okviru koje svaki pojedinac posjeduje jedinstvena komunikacijska obilje\u017eja i potrebe, \u0161to valja uzeti u obzir tijekom procjene i planiranja intervencije.<\/p>\n\n\n\n<div class=\"wp-block-buttons is-layout-flex wp-block-buttons-is-layout-flex\">\n<div class=\"wp-block-button\"><a class=\"wp-block-button__link has-background\" href=\"http:\/\/usluge.ict-aac.hr\/udzbenik-pk\/\/?page_id=148\" style=\"background-color:#0292cb\">DALJE<\/a><\/div>\n<\/div>\n\n\n\n<p><\/p>\n","protected":false},"excerpt":{"rendered":"<p>Zbog svoje slo\u017eenosti i slojevitosti postupak procjene korisnika za upotrebu potpomognute komunikacije zahtijeva suradnju multidisciplinarnog tima, o \u010demu je govoreno i u poglavlju o op\u0107im na\u010delima rane intervencije. U idealnim uvjetima tim \u010dine specijalist za asistivnu tehnologiju, logoped i edukacijski [&hellip;]<\/p>\n","protected":false},"author":1,"featured_media":0,"parent":136,"menu_order":0,"comment_status":"closed","ping_status":"closed","template":"","meta":{"footnotes":""},"tags":[],"class_list":["post-147","page","type-page","status-publish","hentry"],"_links":{"self":[{"href":"https:\/\/usluge.ict-aac.hr\/udzbenik-pk\/index.php?rest_route=\/wp\/v2\/pages\/147","targetHints":{"allow":["GET"]}}],"collection":[{"href":"https:\/\/usluge.ict-aac.hr\/udzbenik-pk\/index.php?rest_route=\/wp\/v2\/pages"}],"about":[{"href":"https:\/\/usluge.ict-aac.hr\/udzbenik-pk\/index.php?rest_route=\/wp\/v2\/types\/page"}],"author":[{"embeddable":true,"href":"https:\/\/usluge.ict-aac.hr\/udzbenik-pk\/index.php?rest_route=\/wp\/v2\/users\/1"}],"replies":[{"embeddable":true,"href":"https:\/\/usluge.ict-aac.hr\/udzbenik-pk\/index.php?rest_route=%2Fwp%2Fv2%2Fcomments&post=147"}],"version-history":[{"count":5,"href":"https:\/\/usluge.ict-aac.hr\/udzbenik-pk\/index.php?rest_route=\/wp\/v2\/pages\/147\/revisions"}],"predecessor-version":[{"id":1709,"href":"https:\/\/usluge.ict-aac.hr\/udzbenik-pk\/index.php?rest_route=\/wp\/v2\/pages\/147\/revisions\/1709"}],"up":[{"embeddable":true,"href":"https:\/\/usluge.ict-aac.hr\/udzbenik-pk\/index.php?rest_route=\/wp\/v2\/pages\/136"}],"wp:attachment":[{"href":"https:\/\/usluge.ict-aac.hr\/udzbenik-pk\/index.php?rest_route=%2Fwp%2Fv2%2Fmedia&parent=147"}],"wp:term":[{"taxonomy":"post_tag","embeddable":true,"href":"https:\/\/usluge.ict-aac.hr\/udzbenik-pk\/index.php?rest_route=%2Fwp%2Fv2%2Ftags&post=147"}],"curies":[{"name":"wp","href":"https:\/\/api.w.org\/{rel}","templated":true}]}}