{"id":146,"date":"2020-08-26T09:17:38","date_gmt":"2020-08-26T09:17:38","guid":{"rendered":"http:\/\/usluge.ict-aac.hr\/udzbenik-pk\/\/?page_id=146"},"modified":"2020-09-18T08:52:34","modified_gmt":"2020-09-18T08:52:34","slug":"9-5-multimodalnost","status":"publish","type":"page","link":"https:\/\/usluge.ict-aac.hr\/udzbenik-pk\/?page_id=146","title":{"rendered":"9.5 Multimodalnost"},"content":{"rendered":"\n<p>Kako bi se naglasio zna\u010daj multimodalnosti u potpomognutoj komunikaciji, jo\u0161 jednom \u0107e se posebno mjesto u ud\u017ebeniku posvetiti ovom na\u010delu. Procjena odgovaraju\u0107ih rje\u0161enja asistivne tehnologije uklju\u010duje pronala\u017eenje i oblikovanje netehnolo\u0161kih, niskotehnolo\u0161kih i visokotehnolo\u0161kih alata koji se me\u0111usobno ne isklju\u010duju. Potpomognuta komunikacija je totalna komunikacija, multimodalna, pa je tako treba i promatrati.<\/p>\n\n\n\n<p><strong>Razli\u010dite situacije zahtijevaju razli\u010dite modalitete i alate potpomognute komunikacije<\/strong>. Tako npr. osoba mo\u017ee razgovarati s prijateljima o tome kako je provela vikend ili komunicirati online koriste\u0107i visokotehnolo\u0161ko komunikacijsko pomagalo, u posjetu zoolo\u0161kom vrtu mo\u017ee koristiti niskotehnolo\u0161ko pomagalo, komunikacijsku knjigu, a tijekom kupanja (u kadi) komunikacijske kartice. Sve navedeno osoba naj\u010de\u0161\u0107e kombinira s prirodnim oblicima komunikacije kao \u0161to su geste, mimika, vokalizacija i sli\u010dno. Ovisno o zahtjevima komunikacijskih situacija, osoba odabire sredstva za koja procijeni da \u0107e joj najlak\u0161e omogu\u0107iti u\u010dinkovitost i uspjeh u komunikaciji.<a rel=\"noreferrer noopener\" href=\"https:\/\/www.atia.org\/home\/at-resources\/what-is-at\/\" target=\"_blank\"> Odabir optimalnih sredstava i alata potpomognute komunikacije<\/a> mijenja se i u odnosu na komunikacijske partnere. Primjerice, netko mo\u017ee sa svojim prijateljem razgovarati koriste\u0107i visokotehnolo\u0161ko komunikacijsko pomagalo oblikuju\u0107i slo\u017eene re\u010deni\u010dne iskaze kao i gestu, mimiku i vokalizaciju; isto ovo pomagalo mo\u017ee koristiti i u formalnim komunikacijskim interakcijama s nepoznatom osobom dok, primjerice, prilikom hranjenja mo\u017ee razgovarati s njegovateljem uz pomo\u0107 komunikacijske knjige, a prilikom obavljanja higijene s medicinskom sestrom \u2013 gestama, mimikom i vokalizacijom.&nbsp;<\/p>\n\n\n\n<p>Ako je osoba koja koristi potpomognutu komunikaciju vje\u0161ta u procjenjivanju i odabiru komunikacijskih alata u odnosu na situaciju i\/ili komunikacijske partnere, zna\u010di da ima dobro razvijene strategijske komunikacijske kompetencije.<\/p>\n\n\n\n<div class=\"wp-block-buttons is-layout-flex wp-block-buttons-is-layout-flex\">\n<div class=\"wp-block-button\"><a class=\"wp-block-button__link has-background\" href=\"http:\/\/usluge.ict-aac.hr\/udzbenik-pk\/\/?page_id=147\" style=\"background-color:#0292cb\">DALJE<\/a><\/div>\n<\/div>\n","protected":false},"excerpt":{"rendered":"<p>Kako bi se naglasio zna\u010daj multimodalnosti u potpomognutoj komunikaciji, jo\u0161 jednom \u0107e se posebno mjesto u ud\u017ebeniku posvetiti ovom na\u010delu. Procjena odgovaraju\u0107ih rje\u0161enja asistivne tehnologije uklju\u010duje pronala\u017eenje i oblikovanje netehnolo\u0161kih, niskotehnolo\u0161kih i visokotehnolo\u0161kih alata koji se me\u0111usobno ne isklju\u010duju. Potpomognuta [&hellip;]<\/p>\n","protected":false},"author":1,"featured_media":0,"parent":136,"menu_order":0,"comment_status":"closed","ping_status":"closed","template":"","meta":{"footnotes":""},"tags":[],"class_list":["post-146","page","type-page","status-publish","hentry"],"_links":{"self":[{"href":"https:\/\/usluge.ict-aac.hr\/udzbenik-pk\/index.php?rest_route=\/wp\/v2\/pages\/146","targetHints":{"allow":["GET"]}}],"collection":[{"href":"https:\/\/usluge.ict-aac.hr\/udzbenik-pk\/index.php?rest_route=\/wp\/v2\/pages"}],"about":[{"href":"https:\/\/usluge.ict-aac.hr\/udzbenik-pk\/index.php?rest_route=\/wp\/v2\/types\/page"}],"author":[{"embeddable":true,"href":"https:\/\/usluge.ict-aac.hr\/udzbenik-pk\/index.php?rest_route=\/wp\/v2\/users\/1"}],"replies":[{"embeddable":true,"href":"https:\/\/usluge.ict-aac.hr\/udzbenik-pk\/index.php?rest_route=%2Fwp%2Fv2%2Fcomments&post=146"}],"version-history":[{"count":4,"href":"https:\/\/usluge.ict-aac.hr\/udzbenik-pk\/index.php?rest_route=\/wp\/v2\/pages\/146\/revisions"}],"predecessor-version":[{"id":906,"href":"https:\/\/usluge.ict-aac.hr\/udzbenik-pk\/index.php?rest_route=\/wp\/v2\/pages\/146\/revisions\/906"}],"up":[{"embeddable":true,"href":"https:\/\/usluge.ict-aac.hr\/udzbenik-pk\/index.php?rest_route=\/wp\/v2\/pages\/136"}],"wp:attachment":[{"href":"https:\/\/usluge.ict-aac.hr\/udzbenik-pk\/index.php?rest_route=%2Fwp%2Fv2%2Fmedia&parent=146"}],"wp:term":[{"taxonomy":"post_tag","embeddable":true,"href":"https:\/\/usluge.ict-aac.hr\/udzbenik-pk\/index.php?rest_route=%2Fwp%2Fv2%2Ftags&post=146"}],"curies":[{"name":"wp","href":"https:\/\/api.w.org\/{rel}","templated":true}]}}