{"id":137,"date":"2020-08-26T09:14:28","date_gmt":"2020-08-26T09:14:28","guid":{"rendered":"http:\/\/usluge.ict-aac.hr\/udzbenik-pk\/\/?page_id=137"},"modified":"2021-02-17T15:07:45","modified_gmt":"2021-02-17T15:07:45","slug":"9-1-medunarodna-klasifikacija-funkcioniranja-invaliditeta-i-zdravlja","status":"publish","type":"page","link":"https:\/\/usluge.ict-aac.hr\/udzbenik-pk\/?page_id=137","title":{"rendered":"9.1 Me\u0111unarodna klasifikacija funkcioniranja, invaliditeta i zdravlja"},"content":{"rendered":"\n<p>Integrirani, holisti\u010dki pristup ljudskom funkcioniranju temelj je Me\u0111unarodne klasifikacije funkcioniranja, invaliditeta i zdravlja (engl<em>. <\/em>\u00a0<em>International <\/em>Classification<em>\u00a0of Functioning, Disability<\/em> <em>and\u00a0Health<\/em>, skra\u0107eno ICF) Svjetske zdravstvene organizacije (WHO, 2007). Svrha ove klasifikacije je osigurati jedinstven i standardiziran jezik te okvir za opis zdravlja i stanja u vezi sa zdravljem. Podru\u010dja koja sadr\u017ei ICF mogu se sagledati kao zdravstvena te kao podru\u010dja povezana sa zdravljem, kao \u0161to su rad i obrazovanje. <strong>Funkcioniranje obuhva\u0107a sve tjelesne funkcije, aktivnosti i sudjelovanje, dok je onesposobljenost\/invaliditet krovni pojam za o\u0161te\u0107enja, ograni\u010denja aktivnosti ili ograni\u010denja u sudjelovanju<\/strong>. Tu su jo\u0161 i \u010dimbenici okoli\u0161a koji su u interakciji sa svim tim komponentama.\u00a0 Na <strong>Slici 1<\/strong> prikazane su sastavnice ICF-a i njihovi me\u0111uodnosi. ICF obuhva\u0107a sve njih i omogu\u0107uje identificiranje i pra\u0107enje komponenata funkcioniranja, invaliditeta i zdravlja pojedinca na razli\u010ditim podru\u010djima (SZO, 2010).\u00a0<\/p>\n\n\n\n<div class=\"wp-block-image\"><figure class=\"aligncenter size-large is-resized\"><img loading=\"lazy\" decoding=\"async\" src=\"http:\/\/usluge.ict-aac.hr\/udzbenik-pk\/\/wp-content\/uploads\/2020\/09\/poglavlje-9-slika-1.png\" alt=\"Me\u0111unarodna klasifikacija funkcioniranja, nesposobnosti i zdravlja \u2013 sastavnice i njihovi me\u0111uodnosi (SZO, 2010.\" class=\"wp-image-728\" width=\"534\" height=\"269\"\/><figcaption>Slika 1. Me\u0111unarodna klasifikacija funkcioniranja, nesposobnosti i zdravlja \u2013 sastavnice i njihovi me\u0111uodnosi (SZO, 2010)<\/figcaption><\/figure><\/div>\n\n\n\n<p>Zbog ograni\u010denja u prikazu podru\u010dja funkcioniranja i invaliditeta djece i mladih u prva dva desetlje\u0107a \u017eivota 2007. godine objavljena je ina\u010dica ICF-a za djecu i mlade \u2013 ICF-CY (WHO, 2007). Prema ICF-CY-u funkcioniranje obuhva\u0107a univerzalna ljudska iskustva koja se mogu klasificirati prema podru\u010djima tjelesnih funkcija i struktura, aktivnosti i sudjelovanja u ulogama i situacijama te \u010dimbenicima okoli\u0161a. Ovaj pristup promatra <strong>interakciju djeteta sa zdravstvenim pote\u0161ko\u0107ama i okoline kroz biopsihosocijalni model<\/strong>. Podru\u010dje tjelesnih funkcija uklju\u010duje op\u0107e mentalne funkcije i funkcije govora te strukture kao \u0161to je \u017eiv\u010dani sustav uklju\u010den u proizvodnju glasa i govora. Podru\u010dje aktivnosti i sudjelovanja pokriva dimenzije u\u010denja i primjene znanja, op\u0107e zadatke i zahtjeve, komunikaciju, mobilnost i samopomo\u0107. Podru\u010dje okoline uklju\u010duje \u010dimbenike koji mogu imati ometaju\u0107u ili olak\u0161avaju\u0107u ulogu za izvedbu djeteta te uklju\u010duje pristup komunikacijskim pomagalima i dostupnost komunikacijskog partnera. Uklju\u010deni su i osobni \u010dimbenici kao kontekstualni faktor (Simeonsson, Bj\u00f6rck-\u00c5kess\u00f6n i Lollar, 2012).\u00a0\u00a0<\/p>\n\n\n\n<p>Definiranje kodova i kvalifikatora osnovna je svrha ICF-CY-a, a time je oblikovan standardni jezik multidisciplinarnih praksa. Kodovi ICF-CY-a koji su od posebne va\u017enosti za dobivanje sveobuhvatne slike o djetetovu komunikacijskom funkcioniranju prikazani su u <strong>Tablici 1<\/strong>. Kodovi ICF-CY-a mogu dati <strong>profil koji se<\/strong> <strong>fokusira na funkcioniranje, osobito sudjelovanje, uklju\u010duju\u0107i \u010dimbenike koji posreduju izme\u0111u kapaciteta i izvedbe<\/strong>. ICF-CY se mo\u017ee koristiti za razlikovanje tih dimenzija i prikazati funkcioniranje djeteta kojem je potrebna potpomognuta komunikacija, te njegove obitelji, proksimalnog okru\u017eenja obitelji, aktivnosti svakodnevnog \u017eivota (kod ku\u0107e i u odgojno-obrazovnoj ustanovi) kao okvira za individualiziranu intervenciju.<\/p>\n\n\n\n<p><strong>Tablica 1.<\/strong> Klasifikacijski kodovi i kvalifikatori ICF-CY-a povezani s komunikacijom (Simeonsson i sur., 2012)<\/p>\n\n\n\n<div class=\"wp-block-image\"><figure class=\"aligncenter size-large is-resized\"><img loading=\"lazy\" decoding=\"async\" src=\"http:\/\/usluge.ict-aac.hr\/udzbenik-pk\/\/wp-content\/uploads\/2020\/09\/Tablica-1-P9.png\" alt=\"Klasifikacijski kodovi i kvalifikatori ICF-CY-a povezani s komunikacijom \" class=\"wp-image-731\" width=\"1019\" height=\"1534\"\/><\/figure><\/div>\n\n\n\n<div class=\"wp-block-buttons is-layout-flex wp-block-buttons-is-layout-flex\">\n<div class=\"wp-block-button\"><a class=\"wp-block-button__link has-background\" href=\"http:\/\/usluge.ict-aac.hr\/udzbenik-pk\/\/?page_id=138\" style=\"background-color:#0292cb\">DALJE<\/a><\/div>\n<\/div>\n\n\n\n<p><\/p>\n","protected":false},"excerpt":{"rendered":"<p>Integrirani, holisti\u010dki pristup ljudskom funkcioniranju temelj je Me\u0111unarodne klasifikacije funkcioniranja, invaliditeta i zdravlja (engl. \u00a0International Classification\u00a0of Functioning, Disability and\u00a0Health, skra\u0107eno ICF) Svjetske zdravstvene organizacije (WHO, 2007). Svrha ove klasifikacije je osigurati jedinstven i standardiziran jezik te okvir za opis zdravlja [&hellip;]<\/p>\n","protected":false},"author":1,"featured_media":0,"parent":136,"menu_order":0,"comment_status":"closed","ping_status":"closed","template":"","meta":{"footnotes":""},"tags":[],"class_list":["post-137","page","type-page","status-publish","hentry"],"_links":{"self":[{"href":"https:\/\/usluge.ict-aac.hr\/udzbenik-pk\/index.php?rest_route=\/wp\/v2\/pages\/137","targetHints":{"allow":["GET"]}}],"collection":[{"href":"https:\/\/usluge.ict-aac.hr\/udzbenik-pk\/index.php?rest_route=\/wp\/v2\/pages"}],"about":[{"href":"https:\/\/usluge.ict-aac.hr\/udzbenik-pk\/index.php?rest_route=\/wp\/v2\/types\/page"}],"author":[{"embeddable":true,"href":"https:\/\/usluge.ict-aac.hr\/udzbenik-pk\/index.php?rest_route=\/wp\/v2\/users\/1"}],"replies":[{"embeddable":true,"href":"https:\/\/usluge.ict-aac.hr\/udzbenik-pk\/index.php?rest_route=%2Fwp%2Fv2%2Fcomments&post=137"}],"version-history":[{"count":7,"href":"https:\/\/usluge.ict-aac.hr\/udzbenik-pk\/index.php?rest_route=\/wp\/v2\/pages\/137\/revisions"}],"predecessor-version":[{"id":1704,"href":"https:\/\/usluge.ict-aac.hr\/udzbenik-pk\/index.php?rest_route=\/wp\/v2\/pages\/137\/revisions\/1704"}],"up":[{"embeddable":true,"href":"https:\/\/usluge.ict-aac.hr\/udzbenik-pk\/index.php?rest_route=\/wp\/v2\/pages\/136"}],"wp:attachment":[{"href":"https:\/\/usluge.ict-aac.hr\/udzbenik-pk\/index.php?rest_route=%2Fwp%2Fv2%2Fmedia&parent=137"}],"wp:term":[{"taxonomy":"post_tag","embeddable":true,"href":"https:\/\/usluge.ict-aac.hr\/udzbenik-pk\/index.php?rest_route=%2Fwp%2Fv2%2Ftags&post=137"}],"curies":[{"name":"wp","href":"https:\/\/api.w.org\/{rel}","templated":true}]}}