{"id":136,"date":"2020-08-26T09:14:17","date_gmt":"2020-08-26T09:14:17","guid":{"rendered":"http:\/\/usluge.ict-aac.hr\/udzbenik-pk\/\/?page_id=136"},"modified":"2020-09-21T09:39:01","modified_gmt":"2020-09-21T09:39:01","slug":"9-procjena-odgovarajuce-metode-potpomognute-komunikacije","status":"publish","type":"page","link":"https:\/\/usluge.ict-aac.hr\/udzbenik-pk\/?page_id=136","title":{"rendered":"9. PROCJENA ODGOVARAJU\u0106IH METODA I SUSTAVA POTPOMOGNUTE KOMUNIKACIJE"},"content":{"rendered":"\n<div class=\"wp-block-group\"><div class=\"wp-block-group__inner-container is-layout-flow wp-block-group-is-layout-flow\">\n<p class=\"has-text-align-right\"><strong> Ru\u017eica Magu\u0161i\u0107, Katarina \u0160korvaga<\/strong>, <strong>Renata Pinjatela<\/strong><\/p>\n<\/div><\/div>\n\n\n\n<hr class=\"wp-block-separator\"\/>\n\n\n\n<p>Potreba za potpomognutom komunikacijom u ranoj intervenciji ovisi o prirodi i slo\u017eenosti djetetovih komunikacijskih potreba. U \u017eari\u0161tu suvremenih klini\u010dkih i znanstvenih istra\u017eivanja o komunikacijskim potrebama djece i mladih nalaze se etiolo\u0161ki \u010dimbenici, uloga komunikacijskih interakcija za razvoj komunikacijskih vje\u0161tina, procjena i intervencija te dostupnost asistivnih tehnologija. Osobitosti komunikacijskih te\u0161ko\u0107a djeteta, potencijalnog korisnika potpomognute komunikacije, variraju s njegovom kronolo\u0161kom dobi i dijagnozom te stoga zna\u010dajan izazov predstavlja razlikovanje razli\u010ditih mehanizama i funkcija koje pridonose razli\u010ditim komunikacijskim te\u0161ko\u0107ama<\/p>\n\n\n\n<div class=\"wp-block-buttons is-layout-flex wp-block-buttons-is-layout-flex\">\n<div class=\"wp-block-button\"><a class=\"wp-block-button__link has-background\" href=\"http:\/\/usluge.ict-aac.hr\/udzbenik-pk\/\/?page_id=137\" style=\"background-color:#0292cb\">DALJE<\/a><\/div>\n<\/div>\n\n\n\n<p><\/p>\n","protected":false},"excerpt":{"rendered":"<p>Ru\u017eica Magu\u0161i\u0107, Katarina \u0160korvaga, Renata Pinjatela Potreba za potpomognutom komunikacijom u ranoj intervenciji ovisi o prirodi i slo\u017eenosti djetetovih komunikacijskih potreba. U \u017eari\u0161tu suvremenih klini\u010dkih i znanstvenih istra\u017eivanja o komunikacijskim potrebama djece i mladih nalaze se etiolo\u0161ki \u010dimbenici, uloga komunikacijskih [&hellip;]<\/p>\n","protected":false},"author":1,"featured_media":411,"parent":0,"menu_order":0,"comment_status":"closed","ping_status":"closed","template":"","meta":{"footnotes":""},"tags":[53,64],"class_list":["post-136","page","type-page","status-publish","has-post-thumbnail","hentry","tag-poglavlje-head","tag-poglavlje9"],"_links":{"self":[{"href":"https:\/\/usluge.ict-aac.hr\/udzbenik-pk\/index.php?rest_route=\/wp\/v2\/pages\/136","targetHints":{"allow":["GET"]}}],"collection":[{"href":"https:\/\/usluge.ict-aac.hr\/udzbenik-pk\/index.php?rest_route=\/wp\/v2\/pages"}],"about":[{"href":"https:\/\/usluge.ict-aac.hr\/udzbenik-pk\/index.php?rest_route=\/wp\/v2\/types\/page"}],"author":[{"embeddable":true,"href":"https:\/\/usluge.ict-aac.hr\/udzbenik-pk\/index.php?rest_route=\/wp\/v2\/users\/1"}],"replies":[{"embeddable":true,"href":"https:\/\/usluge.ict-aac.hr\/udzbenik-pk\/index.php?rest_route=%2Fwp%2Fv2%2Fcomments&post=136"}],"version-history":[{"count":7,"href":"https:\/\/usluge.ict-aac.hr\/udzbenik-pk\/index.php?rest_route=\/wp\/v2\/pages\/136\/revisions"}],"predecessor-version":[{"id":1226,"href":"https:\/\/usluge.ict-aac.hr\/udzbenik-pk\/index.php?rest_route=\/wp\/v2\/pages\/136\/revisions\/1226"}],"wp:featuredmedia":[{"embeddable":true,"href":"https:\/\/usluge.ict-aac.hr\/udzbenik-pk\/index.php?rest_route=\/wp\/v2\/media\/411"}],"wp:attachment":[{"href":"https:\/\/usluge.ict-aac.hr\/udzbenik-pk\/index.php?rest_route=%2Fwp%2Fv2%2Fmedia&parent=136"}],"wp:term":[{"taxonomy":"post_tag","embeddable":true,"href":"https:\/\/usluge.ict-aac.hr\/udzbenik-pk\/index.php?rest_route=%2Fwp%2Fv2%2Ftags&post=136"}],"curies":[{"name":"wp","href":"https:\/\/api.w.org\/{rel}","templated":true}]}}