{"id":134,"date":"2020-08-26T09:13:49","date_gmt":"2020-08-26T09:13:49","guid":{"rendered":"http:\/\/usluge.ict-aac.hr\/udzbenik-pk\/\/?page_id=134"},"modified":"2021-02-17T15:04:57","modified_gmt":"2021-02-17T15:04:57","slug":"8-7-dobrobiti-uporabe-manualnih-znakova","status":"publish","type":"page","link":"https:\/\/usluge.ict-aac.hr\/udzbenik-pk\/?page_id=134","title":{"rendered":"8.7 Dobrobiti uporabe manualnih znakova"},"content":{"rendered":"\n<p>Mnoga su istra\u017eivanja pokazala da kori\u0161tenje manualnih znakova, koji podupiru govor u poticanju djece s razli\u010ditim te\u0161ko\u0107ama u razvoju (PSA, Downov sindrom, intelektualne te\u0161ko\u0107e, motori\u010dke te\u0161ko\u0107e, socio-emocionalne te\u0161ko\u0107e itd.), a posebice vi\u0161estrukim te\u0161ko\u0107ama, ima vi\u0161estruku korist: smanjuje frustraciju, poti\u010de imitaciju, poti\u010de aktivnu ulogu u komunikaciji, pro\u0161iruje rje\u010dnik, poti\u010de vje\u0161tine zdru\u017eene pa\u017enje (Launonen, 1997; Buffington, Krantz, McClannahan i Poulson, 1998; Dunst, Meter i Hamby, 2011; Hendler Lederer i Battaglia, 2015) te poti\u010de govor i jezi\u010dnu proizvodnju (Dunst i sur., 2011). Djeca s te\u0161ko\u0107ama u razvoju <strong>uz pomo\u0107 manualnih znakova mogu komunicirati o svojim potrebama, \u017eeljama, interesima<\/strong>, prenijeti drugima svoje osje\u0107aje, izraziti frustraciju, komentirati, a pritom im nisu potrebna dodatna pomagala ili posebna oprema. Istra\u017eivanja su pokazala da su manualni znakovi<strong> \u201emost\u201c prema razvoju govora<\/strong> kod djece s razli\u010ditim vrstama te\u0161ko\u0107a (Launonen, 1997). Djeca koja po\u010dnu koristiti manualne znakove u komunikaciji nerijetko se prestaju slu\u017eiti njima kako ih zamjenjuju izgovorenim rije\u010dima. <\/p>\n\n\n\n<p>Umjesto zaklju\u010dka, navedena su istra\u017eivanja nedvojbeno dokazala (suprotno nekim ranijim argumentima) kako kori\u0161tenje manualnih znakova u potpomognutoj komunikaciji ne ometa razvoj govora i jezi\u010dnu proizvodnju, ve\u0107 da ima pozitivne u\u010dinke na govor i jezi\u010dnu proizvodnju u djece s razli\u010ditim te\u0161ko\u0107ama.<\/p>\n\n\n\n<div class=\"wp-block-buttons is-layout-flex wp-block-buttons-is-layout-flex\">\n<div class=\"wp-block-button\"><a class=\"wp-block-button__link has-background\" href=\"http:\/\/usluge.ict-aac.hr\/udzbenik-pk\/\/?page_id=891\" style=\"background-color:#0292cb\">DALJE<\/a><\/div>\n<\/div>\n\n\n\n<p><\/p>\n","protected":false},"excerpt":{"rendered":"<p>Mnoga su istra\u017eivanja pokazala da kori\u0161tenje manualnih znakova, koji podupiru govor u poticanju djece s razli\u010ditim te\u0161ko\u0107ama u razvoju (PSA, Downov sindrom, intelektualne te\u0161ko\u0107e, motori\u010dke te\u0161ko\u0107e, socio-emocionalne te\u0161ko\u0107e itd.), a posebice vi\u0161estrukim te\u0161ko\u0107ama, ima vi\u0161estruku korist: smanjuje frustraciju, poti\u010de imitaciju, [&hellip;]<\/p>\n","protected":false},"author":1,"featured_media":0,"parent":118,"menu_order":0,"comment_status":"closed","ping_status":"closed","template":"","meta":{"footnotes":""},"tags":[],"class_list":["post-134","page","type-page","status-publish","hentry"],"_links":{"self":[{"href":"https:\/\/usluge.ict-aac.hr\/udzbenik-pk\/index.php?rest_route=\/wp\/v2\/pages\/134","targetHints":{"allow":["GET"]}}],"collection":[{"href":"https:\/\/usluge.ict-aac.hr\/udzbenik-pk\/index.php?rest_route=\/wp\/v2\/pages"}],"about":[{"href":"https:\/\/usluge.ict-aac.hr\/udzbenik-pk\/index.php?rest_route=\/wp\/v2\/types\/page"}],"author":[{"embeddable":true,"href":"https:\/\/usluge.ict-aac.hr\/udzbenik-pk\/index.php?rest_route=\/wp\/v2\/users\/1"}],"replies":[{"embeddable":true,"href":"https:\/\/usluge.ict-aac.hr\/udzbenik-pk\/index.php?rest_route=%2Fwp%2Fv2%2Fcomments&post=134"}],"version-history":[{"count":5,"href":"https:\/\/usluge.ict-aac.hr\/udzbenik-pk\/index.php?rest_route=\/wp\/v2\/pages\/134\/revisions"}],"predecessor-version":[{"id":1702,"href":"https:\/\/usluge.ict-aac.hr\/udzbenik-pk\/index.php?rest_route=\/wp\/v2\/pages\/134\/revisions\/1702"}],"up":[{"embeddable":true,"href":"https:\/\/usluge.ict-aac.hr\/udzbenik-pk\/index.php?rest_route=\/wp\/v2\/pages\/118"}],"wp:attachment":[{"href":"https:\/\/usluge.ict-aac.hr\/udzbenik-pk\/index.php?rest_route=%2Fwp%2Fv2%2Fmedia&parent=134"}],"wp:term":[{"taxonomy":"post_tag","embeddable":true,"href":"https:\/\/usluge.ict-aac.hr\/udzbenik-pk\/index.php?rest_route=%2Fwp%2Fv2%2Ftags&post=134"}],"curies":[{"name":"wp","href":"https:\/\/api.w.org\/{rel}","templated":true}]}}