{"id":121,"date":"2020-08-26T09:09:43","date_gmt":"2020-08-26T09:09:43","guid":{"rendered":"http:\/\/usluge.ict-aac.hr\/udzbenik-pk\/\/?page_id=121"},"modified":"2021-02-17T15:00:35","modified_gmt":"2021-02-17T15:00:35","slug":"8-2-odabir-manualnih-znakova-kao-oblika-potpomognute-komunikacije","status":"publish","type":"page","link":"https:\/\/usluge.ict-aac.hr\/udzbenik-pk\/?page_id=121","title":{"rendered":"8.2 Odabir manualnih znakova kao oblika potpomognute komunikacije"},"content":{"rendered":"\n<p>Ve\u0107ina istra\u017eivanja koja su uspore\u0111ivala kori\u0161tenje manualnih znakova i tehnika potpomognute komunikacije uz pomagala (Tincani, 2004; Vignes, 2007; Ziomek i Rehfeldt, 2008; Gregory i sur., 2009; Ringdahl i sur., 2009; Van der Meer i sur., 2012; Winborn-Kemmerer i sur., 2010; Curtis, 2012; prema Gevarter i sur., 2013) pokazala su tek neznatnu prednost kori\u0161tenja potpomognute komunikacije uz pomagala nad manualnim znakovima kod nekih sudionika kad je u pitanju zahtijevanje, dok se kod drugih sudionika pokazala podjednaka korisnost, a nejasna korist u gotovo zanemarivom broju slu\u010daja.<\/p>\n\n\n\n<p>Pri odabiru manualnih znakova kao optimalnog oblika potpomognute komunikacije treba uzeti u obzir mnogo \u010dimbenika: op\u0107e znanje, jezi\u010dno znanje, vje\u0161tine motori\u010dke imitacije, preferencije pojedinog korisnika, odr\u017eavanje sustava potpomognute komunikacije, generalizacija nau\u010denog i sl. Neka istra\u017eivanja eksplicitno govore o po\u017eeljnim pretpostavkama za uspje\u0161no podu\u010davanje manualnim znakovima osoba\/djece s te\u0161ko\u0107ama. Prvenstveno su to <strong>motori\u010dke mogu\u0107nosti<\/strong> (dobra motori\u010dka kontrola) kako bi osoba proizvela razumljive manualne znakove te <strong>komunikacijski partneri koji \u0107e mo\u0107i razumjeti \u0161to je osoba pokazala znakom<\/strong> (Stasolla i sur., 2016).\u00a0<\/p>\n\n\n\n<div class=\"wp-block-buttons is-layout-flex wp-block-buttons-is-layout-flex\">\n<div class=\"wp-block-button\"><a class=\"wp-block-button__link has-background\" href=\"http:\/\/usluge.ict-aac.hr\/udzbenik-pk\/\/?page_id=126\" style=\"background-color:#0292cb\">DALJE<\/a><\/div>\n<\/div>\n\n\n\n<p><\/p>\n","protected":false},"excerpt":{"rendered":"<p>Ve\u0107ina istra\u017eivanja koja su uspore\u0111ivala kori\u0161tenje manualnih znakova i tehnika potpomognute komunikacije uz pomagala (Tincani, 2004; Vignes, 2007; Ziomek i Rehfeldt, 2008; Gregory i sur., 2009; Ringdahl i sur., 2009; Van der Meer i sur., 2012; Winborn-Kemmerer i sur., 2010; [&hellip;]<\/p>\n","protected":false},"author":1,"featured_media":0,"parent":118,"menu_order":0,"comment_status":"closed","ping_status":"closed","template":"","meta":{"footnotes":""},"tags":[],"class_list":["post-121","page","type-page","status-publish","hentry"],"_links":{"self":[{"href":"https:\/\/usluge.ict-aac.hr\/udzbenik-pk\/index.php?rest_route=\/wp\/v2\/pages\/121","targetHints":{"allow":["GET"]}}],"collection":[{"href":"https:\/\/usluge.ict-aac.hr\/udzbenik-pk\/index.php?rest_route=\/wp\/v2\/pages"}],"about":[{"href":"https:\/\/usluge.ict-aac.hr\/udzbenik-pk\/index.php?rest_route=\/wp\/v2\/types\/page"}],"author":[{"embeddable":true,"href":"https:\/\/usluge.ict-aac.hr\/udzbenik-pk\/index.php?rest_route=\/wp\/v2\/users\/1"}],"replies":[{"embeddable":true,"href":"https:\/\/usluge.ict-aac.hr\/udzbenik-pk\/index.php?rest_route=%2Fwp%2Fv2%2Fcomments&post=121"}],"version-history":[{"count":4,"href":"https:\/\/usluge.ict-aac.hr\/udzbenik-pk\/index.php?rest_route=\/wp\/v2\/pages\/121\/revisions"}],"predecessor-version":[{"id":1697,"href":"https:\/\/usluge.ict-aac.hr\/udzbenik-pk\/index.php?rest_route=\/wp\/v2\/pages\/121\/revisions\/1697"}],"up":[{"embeddable":true,"href":"https:\/\/usluge.ict-aac.hr\/udzbenik-pk\/index.php?rest_route=\/wp\/v2\/pages\/118"}],"wp:attachment":[{"href":"https:\/\/usluge.ict-aac.hr\/udzbenik-pk\/index.php?rest_route=%2Fwp%2Fv2%2Fmedia&parent=121"}],"wp:term":[{"taxonomy":"post_tag","embeddable":true,"href":"https:\/\/usluge.ict-aac.hr\/udzbenik-pk\/index.php?rest_route=%2Fwp%2Fv2%2Ftags&post=121"}],"curies":[{"name":"wp","href":"https:\/\/api.w.org\/{rel}","templated":true}]}}