{"id":118,"date":"2020-08-26T09:09:14","date_gmt":"2020-08-26T09:09:14","guid":{"rendered":"http:\/\/usluge.ict-aac.hr\/udzbenik-pk\/\/?page_id=118"},"modified":"2021-02-17T14:57:21","modified_gmt":"2021-02-17T14:57:21","slug":"8-manualni-znakovi-u-potpomognutoj-komunikaciji","status":"publish","type":"page","link":"https:\/\/usluge.ict-aac.hr\/udzbenik-pk\/?page_id=118","title":{"rendered":"8. MANUALNI ZNAKOVI U POTPOMOGNUTOJ KOMUNIKACIJI"},"content":{"rendered":"\n<div class=\"wp-block-group\"><div class=\"wp-block-group__inner-container is-layout-flow wp-block-group-is-layout-flow\">\n<p class=\"has-text-align-right\"><strong>Anamaria Tomi\u0107 i Marina Milkovi\u0107<\/strong><\/p>\n<\/div><\/div>\n\n\n\n<hr class=\"wp-block-separator\"\/>\n\n\n\n<p id=\"manualni-znakovi\">Mnoga su istra\u017eivanja pokazala da djeca i osobe s razli\u010ditim te\u0161ko\u0107ama i poreme\u0107ajima mogu imati velike koristi od potpomognute komunikacije. Manualni znakovi jedan su od naj\u010de\u0161\u0107ih oblika potpomognute komunikacije kod djece i osoba s komunikacijskim poreme\u0107ajima, kao \u0161to je poreme\u0107aj iz spektra autizma (Mirenda, 2003.; Van der Meer, Sutherland, O&#8217;Reilly, Lancioni i Sigafoos, 2012.; Pirtle i West, 2015) te kod djece i osoba s intelektualnim te\u0161ko\u0107ama (Grove i Woll, 2017). Ve\u0107 je prethodno navedeno da se oblici potpomognute komunikacije dijele na one bez pomagala i s pomagalom. Prvoj skupini pripadaju, izme\u0111u ostalog, ve\u0107 spomenuta sredstva \u2013 konvencionalne geste i manualni znakovi.\u00a0<\/p>\n\n\n\n<p>Gledaju\u0107i u pro\u0161lost, manualni znakovi jedan su od prvih oblika potpomognute komunikacij kori\u0161tenih u podu\u010davanju, primjerice, osoba s poreme\u0107ajem iz spektra autizma (PSA) koje ne govore (Carr, Binkoff, Kologinsky i Eddy, 1978.; prema Wendt, 2009). S ovim se pristupom zapo\u010delo 70-ih godina pro\u0161log stolje\u0107a. Pristup podrazumijeva podu\u010davanje <strong>manualnih znakova preuzetih iz prirodnog, nacionalnog znakovnog jezika<\/strong> (npr. hrvatskog znakovnog jezika \u2013 HZJ, ameri\u010dkog znakovnog jezika \u2013 ASL itd.), koji su potpora govorenom jeziku (Blischak, Lloyd i Fuller, 1997.; prema Wendt, 2009).<\/p>\n\n\n\n<div class=\"wp-block-buttons is-layout-flex wp-block-buttons-is-layout-flex\">\n<div class=\"wp-block-button\"><a class=\"wp-block-button__link has-background\" href=\"http:\/\/usluge.ict-aac.hr\/udzbenik-pk\/\/?page_id=120\" style=\"background-color:#0292cb\">DALJE<\/a><\/div>\n<\/div>\n\n\n\n<p><\/p>\n","protected":false},"excerpt":{"rendered":"<p>Anamaria Tomi\u0107 i Marina Milkovi\u0107 Mnoga su istra\u017eivanja pokazala da djeca i osobe s razli\u010ditim te\u0161ko\u0107ama i poreme\u0107ajima mogu imati velike koristi od potpomognute komunikacije. Manualni znakovi jedan su od naj\u010de\u0161\u0107ih oblika potpomognute komunikacije kod djece i osoba s komunikacijskim [&hellip;]<\/p>\n","protected":false},"author":1,"featured_media":1495,"parent":0,"menu_order":0,"comment_status":"closed","ping_status":"closed","template":"","meta":{"footnotes":""},"tags":[53,63],"class_list":["post-118","page","type-page","status-publish","has-post-thumbnail","hentry","tag-poglavlje-head","tag-poglavlje8"],"_links":{"self":[{"href":"https:\/\/usluge.ict-aac.hr\/udzbenik-pk\/index.php?rest_route=\/wp\/v2\/pages\/118","targetHints":{"allow":["GET"]}}],"collection":[{"href":"https:\/\/usluge.ict-aac.hr\/udzbenik-pk\/index.php?rest_route=\/wp\/v2\/pages"}],"about":[{"href":"https:\/\/usluge.ict-aac.hr\/udzbenik-pk\/index.php?rest_route=\/wp\/v2\/types\/page"}],"author":[{"embeddable":true,"href":"https:\/\/usluge.ict-aac.hr\/udzbenik-pk\/index.php?rest_route=\/wp\/v2\/users\/1"}],"replies":[{"embeddable":true,"href":"https:\/\/usluge.ict-aac.hr\/udzbenik-pk\/index.php?rest_route=%2Fwp%2Fv2%2Fcomments&post=118"}],"version-history":[{"count":8,"href":"https:\/\/usluge.ict-aac.hr\/udzbenik-pk\/index.php?rest_route=\/wp\/v2\/pages\/118\/revisions"}],"predecessor-version":[{"id":1695,"href":"https:\/\/usluge.ict-aac.hr\/udzbenik-pk\/index.php?rest_route=\/wp\/v2\/pages\/118\/revisions\/1695"}],"wp:featuredmedia":[{"embeddable":true,"href":"https:\/\/usluge.ict-aac.hr\/udzbenik-pk\/index.php?rest_route=\/wp\/v2\/media\/1495"}],"wp:attachment":[{"href":"https:\/\/usluge.ict-aac.hr\/udzbenik-pk\/index.php?rest_route=%2Fwp%2Fv2%2Fmedia&parent=118"}],"wp:term":[{"taxonomy":"post_tag","embeddable":true,"href":"https:\/\/usluge.ict-aac.hr\/udzbenik-pk\/index.php?rest_route=%2Fwp%2Fv2%2Ftags&post=118"}],"curies":[{"name":"wp","href":"https:\/\/api.w.org\/{rel}","templated":true}]}}