{"id":109,"date":"2020-08-26T09:06:56","date_gmt":"2020-08-26T09:06:56","guid":{"rendered":"http:\/\/usluge.ict-aac.hr\/udzbenik-pk\/\/?page_id=109"},"modified":"2021-02-17T14:53:07","modified_gmt":"2021-02-17T14:53:07","slug":"7-vizualna-podrska-usmjerena-na-poticanje-jezicnog-izrazavanja","status":"publish","type":"page","link":"https:\/\/usluge.ict-aac.hr\/udzbenik-pk\/?page_id=109","title":{"rendered":"7. VIZUALNA PODR\u0160KA USMJERENA NA POTICANJE JEZI\u010cNOG IZRA\u017dAVANJA"},"content":{"rendered":"\n<div class=\"wp-block-group\"><div class=\"wp-block-group__inner-container is-layout-flow wp-block-group-is-layout-flow\">\n<p class=\"has-text-align-right\"><strong>Monika Rosandi\u0107<\/strong> <strong>Grgi\u0107<\/strong><\/p>\n<\/div><\/div>\n\n\n\n<hr class=\"wp-block-separator\"\/>\n\n\n\n<p id=\"pecs\">Izvorno razvijena s ciljem osiguravanja alata za jezi\u010dnu proizvodnju osobama s te\u0161ko\u0107ama u govoru (cerebralna paraliza, primjerice; Zangari, Lloyd i Vicker, 1994), potpomognuta je komunikacija krajem 80-ih i po\u010detkom 90-ih godina pro\u0161loga stolje\u0107a po\u010dela prodirati u podru\u010dje intervencija za osobe s poreme\u0107ajem iz spektra autizma (u nastavku PSA-om). Prema suvremenoj literaturi u intervencije za poticanje osoba sa PSA-om integriraju se \u010detiri razli\u010dita sustava potpomognute komunikacije: komunikacija pomo\u0107u manualnih znakova, komunikacija pomo\u0107u grafi\u010dkih sustava, <strong>komunikacija putem razmjene slika<\/strong> (PECS; kratica za engl. <em>Picture Exchange Communication System<\/em>; Bondy i Frost, 1998) i komunikacija pomo\u0107u ure\u0111aja koji ima mogu\u0107nost sinteze govora (engl. <em>speech-generating devices<\/em>; Wegner, 2012).<\/p>\n\n\n\n<p>Otisnuti grafi\u010dki simboli [*] umetnuti u komunikacijsku knjigu ili komunikacijsku plo\u010du i komunikacija putem razmjene slika (PECS) (Wendt, 2009) pripadaju skupini prethodno spominjanih niskotehnolo\u0161kih sredstava jer za njihovu upotrebu <strong>ne treba elektroni\u010dki ure\u0111aj<\/strong>. Upotreba grafi\u010dkih simbola temelji se na pokazivanju simbola s ciljem ostvarivanja komunikacijske funkcije, primjerice u razli\u010ditim komunikacijskim knjigama, ili na razmjeni, primjerice na po\u010detnim razinama u komunikaciji putem razmjene slika (PECS; Bondy i Frost, 1998), gdje pojedinac predaje simbol (fotografiju ili sliku) komunikacijskom partneru u zamjenu za predmet ili aktivnost (Sigafoos, O\u2019Reilly, Ganz, Lancioni i Schlosser, 2007).<\/p>\n\n\n\n<hr class=\"wp-block-separator\"\/>\n\n\n\n<p>[*] Kod osoba koje imaju vrlo nisku razinu simboli\u010dkoga razumijevanja (engl. <em>emerging communicator<\/em>), umjesto grafi\u010dkih simbola mogu\u0107e je koristiti stvarne predmete ili fotografije predmeta u svrhu poticanja osnovnih komunikacijskih funkcija. Grafi\u010dki simboli mogu postajati slo\u017eeniji kako korisnik ovladava vi\u0161im stupnjevima simboli\u010dnog razvoja.<\/p>\n\n\n\n<div class=\"wp-block-buttons is-layout-flex wp-block-buttons-is-layout-flex\">\n<div class=\"wp-block-button\"><a class=\"wp-block-button__link has-background\" href=\"http:\/\/usluge.ict-aac.hr\/udzbenik-pk\/\/?page_id=110\" style=\"background-color:#0292cb\">DALJE<\/a><\/div>\n<\/div>\n\n\n\n<p><\/p>\n","protected":false},"excerpt":{"rendered":"<p>Monika Rosandi\u0107 Grgi\u0107 Izvorno razvijena s ciljem osiguravanja alata za jezi\u010dnu proizvodnju osobama s te\u0161ko\u0107ama u govoru (cerebralna paraliza, primjerice; Zangari, Lloyd i Vicker, 1994), potpomognuta je komunikacija krajem 80-ih i po\u010detkom 90-ih godina pro\u0161loga stolje\u0107a po\u010dela prodirati u podru\u010dje [&hellip;]<\/p>\n","protected":false},"author":1,"featured_media":409,"parent":0,"menu_order":0,"comment_status":"closed","ping_status":"closed","template":"","meta":{"footnotes":""},"tags":[53,62],"class_list":["post-109","page","type-page","status-publish","has-post-thumbnail","hentry","tag-poglavlje-head","tag-poglavlje7"],"_links":{"self":[{"href":"https:\/\/usluge.ict-aac.hr\/udzbenik-pk\/index.php?rest_route=\/wp\/v2\/pages\/109","targetHints":{"allow":["GET"]}}],"collection":[{"href":"https:\/\/usluge.ict-aac.hr\/udzbenik-pk\/index.php?rest_route=\/wp\/v2\/pages"}],"about":[{"href":"https:\/\/usluge.ict-aac.hr\/udzbenik-pk\/index.php?rest_route=\/wp\/v2\/types\/page"}],"author":[{"embeddable":true,"href":"https:\/\/usluge.ict-aac.hr\/udzbenik-pk\/index.php?rest_route=\/wp\/v2\/users\/1"}],"replies":[{"embeddable":true,"href":"https:\/\/usluge.ict-aac.hr\/udzbenik-pk\/index.php?rest_route=%2Fwp%2Fv2%2Fcomments&post=109"}],"version-history":[{"count":8,"href":"https:\/\/usluge.ict-aac.hr\/udzbenik-pk\/index.php?rest_route=\/wp\/v2\/pages\/109\/revisions"}],"predecessor-version":[{"id":1690,"href":"https:\/\/usluge.ict-aac.hr\/udzbenik-pk\/index.php?rest_route=\/wp\/v2\/pages\/109\/revisions\/1690"}],"wp:featuredmedia":[{"embeddable":true,"href":"https:\/\/usluge.ict-aac.hr\/udzbenik-pk\/index.php?rest_route=\/wp\/v2\/media\/409"}],"wp:attachment":[{"href":"https:\/\/usluge.ict-aac.hr\/udzbenik-pk\/index.php?rest_route=%2Fwp%2Fv2%2Fmedia&parent=109"}],"wp:term":[{"taxonomy":"post_tag","embeddable":true,"href":"https:\/\/usluge.ict-aac.hr\/udzbenik-pk\/index.php?rest_route=%2Fwp%2Fv2%2Ftags&post=109"}],"curies":[{"name":"wp","href":"https:\/\/api.w.org\/{rel}","templated":true}]}}