{"id":1049,"date":"2020-09-18T15:09:56","date_gmt":"2020-09-18T15:09:56","guid":{"rendered":"http:\/\/usluge.ict-aac.hr\/udzbenik-pk\/\/?page_id=1049"},"modified":"2020-09-21T09:35:20","modified_gmt":"2020-09-21T09:35:20","slug":"matea-zilak","status":"publish","type":"page","link":"https:\/\/usluge.ict-aac.hr\/udzbenik-pk\/?page_id=1049","title":{"rendered":"Matea \u017dilak"},"content":{"rendered":"\n<figure class=\"wp-block-image size-large is-resized\"><img loading=\"lazy\" decoding=\"async\" src=\"http:\/\/usluge.ict-aac.hr\/udzbenik-pk\/\/wp-content\/uploads\/2020\/09\/20200919_154158.jpg\" alt=\"Matea \u017dilak\" class=\"wp-image-1205\" width=\"210\" height=\"280\"\/><\/figure>\n\n\n\n<p><strong>Matea \u017dilak<\/strong> diplomirala je na diplomskom studijskom programu Informacijske i komunikacijske tehnologije na Fakultetu elektrotehnike i ra\u010dunarstva Sveu\u010dili\u0161ta u Zagrebu (FER-u) 2017. godine. Na istom fakultetu upisala je doktorski studij Elektrotehnike i ra\u010dunarstva. Trenuta\u010dno je zaposlena kao asistentica na Zavodu za telekomunikacije na FER-u gdje se bavi rje\u0161enjima zasnovanima na informacijskoj i komunikacijskoj tehnologiji za pobolj\u0161anje kvalitete \u017eivota osoba s invaliditetom, te istra\u017euje potencijal novih tehnologija poput virtualne i pro\u0161irene stvarnosti za istu svrhu. Kao \u010dlanica Laboratorija za asistivne tehnologije i potpomognutu komunikaciju na FER-u i multidisciplinarne Kompetencijske mre\u017ee ICT-AAC, sudjeluje u istra\u017eiva\u010dkim aktivnostima vezanima uz razvoj inovativnih IKT rje\u0161enja za edukaciju i komunikaciju osoba sa slo\u017eenim komunikacijskim potrebama. Rezultate istra\u017eivanja prikazuje u obliku pisanih znanstvenih radova te izlaganjima na konferencijama. \u010clanica je strukovne udruge IEEE.<\/p>\n","protected":false},"excerpt":{"rendered":"<p>Matea \u017dilak diplomirala je na diplomskom studijskom programu Informacijske i komunikacijske tehnologije na Fakultetu elektrotehnike i ra\u010dunarstva Sveu\u010dili\u0161ta u Zagrebu (FER-u) 2017. godine. Na istom fakultetu upisala je doktorski studij Elektrotehnike i ra\u010dunarstva. Trenuta\u010dno je zaposlena kao asistentica na Zavodu [&hellip;]<\/p>\n","protected":false},"author":3,"featured_media":0,"parent":360,"menu_order":0,"comment_status":"closed","ping_status":"closed","template":"","meta":{"footnotes":""},"tags":[],"class_list":["post-1049","page","type-page","status-publish","hentry"],"_links":{"self":[{"href":"https:\/\/usluge.ict-aac.hr\/udzbenik-pk\/index.php?rest_route=\/wp\/v2\/pages\/1049","targetHints":{"allow":["GET"]}}],"collection":[{"href":"https:\/\/usluge.ict-aac.hr\/udzbenik-pk\/index.php?rest_route=\/wp\/v2\/pages"}],"about":[{"href":"https:\/\/usluge.ict-aac.hr\/udzbenik-pk\/index.php?rest_route=\/wp\/v2\/types\/page"}],"author":[{"embeddable":true,"href":"https:\/\/usluge.ict-aac.hr\/udzbenik-pk\/index.php?rest_route=\/wp\/v2\/users\/3"}],"replies":[{"embeddable":true,"href":"https:\/\/usluge.ict-aac.hr\/udzbenik-pk\/index.php?rest_route=%2Fwp%2Fv2%2Fcomments&post=1049"}],"version-history":[{"count":4,"href":"https:\/\/usluge.ict-aac.hr\/udzbenik-pk\/index.php?rest_route=\/wp\/v2\/pages\/1049\/revisions"}],"predecessor-version":[{"id":1221,"href":"https:\/\/usluge.ict-aac.hr\/udzbenik-pk\/index.php?rest_route=\/wp\/v2\/pages\/1049\/revisions\/1221"}],"up":[{"embeddable":true,"href":"https:\/\/usluge.ict-aac.hr\/udzbenik-pk\/index.php?rest_route=\/wp\/v2\/pages\/360"}],"wp:attachment":[{"href":"https:\/\/usluge.ict-aac.hr\/udzbenik-pk\/index.php?rest_route=%2Fwp%2Fv2%2Fmedia&parent=1049"}],"wp:term":[{"taxonomy":"post_tag","embeddable":true,"href":"https:\/\/usluge.ict-aac.hr\/udzbenik-pk\/index.php?rest_route=%2Fwp%2Fv2%2Ftags&post=1049"}],"curies":[{"name":"wp","href":"https:\/\/api.w.org\/{rel}","templated":true}]}}