{"id":1047,"date":"2020-09-18T15:09:05","date_gmt":"2020-09-18T15:09:05","guid":{"rendered":"http:\/\/usluge.ict-aac.hr\/udzbenik-pk\/\/?page_id=1047"},"modified":"2021-04-30T13:30:21","modified_gmt":"2021-04-30T13:30:21","slug":"anamaria-tomic","status":"publish","type":"page","link":"https:\/\/usluge.ict-aac.hr\/udzbenik-pk\/?page_id=1047","title":{"rendered":"Anamaria Tomi\u0107"},"content":{"rendered":"\n<figure class=\"wp-block-image size-large is-resized\"><img loading=\"lazy\" decoding=\"async\" src=\"http:\/\/usluge.ict-aac.hr\/udzbenik-pk\/\/wp-content\/uploads\/2020\/09\/Anamaria-Tomic_a.jpg\" alt=\"\" class=\"wp-image-1154\" width=\"205\" height=\"274\"\/><\/figure>\n\n\n\n<p><strong>Anamaria Tomi\u0107<\/strong>\u00a0(ro\u0111. Mik\u0161i\u0107) odrasla je u \u0110akovu, gdje je zavr\u0161ila osnovnu i srednju \u0161kolu. Prvu godinu studija odslu\u0161ala je na Ekonomskom fakultetu u Zagrebu, smjer Poslovna ekonomija, a zatim upisala i diplomirala logopediju na Edukacijsko-rehabilitacijskom fakultetu Sveu\u010dili\u0161ta u Zagrebu. Pri zavr\u0161etku studija zaposlila se u Hrvatskoj udruzi za ranu intervenciju u djetinjstvu (HURID), kao stru\u010dna suradnica-logopedica, potom kao programska voditeljica. Zavr\u0161ila je poslijediplomski specijalisti\u010dki studij Rana intervencija u edukacijskoj rehabilitaciji na Edukacijsko-rehabilitacijskom fakultetu 2018. godine. U sklopu HURID-a 7 godina\u00a0je\u00a0pru\u017eala\u00a0stru\u010dnu potporu u obitelji, pisala, koordinirala i vodila projekte te dr\u017eala stru\u010dne edukacije. Trenutno je zaposlena na Fakultetu za dentalnu medicinu i zdravstvo Osijek na Sveu\u010dili\u0161tu J. J. Strossmayera\u00a0u Osijeku. Osim interesa za razli\u010dita podru\u010dja vezana uz logopediju i ranu intervenciju (hrvatski znakovni jezik, potpomognuta komunikacija, poreme\u0107aj iz spektra autizma, komunikacija sa stru\u010dnjacima i roditeljima), zanima je i poslovni menad\u017ement, upravljanje projektima, motiviranje drugih i razli\u010diti oblici dizajna.\u00a0<\/p>\n","protected":false},"excerpt":{"rendered":"<p>Anamaria Tomi\u0107\u00a0(ro\u0111. Mik\u0161i\u0107) odrasla je u \u0110akovu, gdje je zavr\u0161ila osnovnu i srednju \u0161kolu. Prvu godinu studija odslu\u0161ala je na Ekonomskom fakultetu u Zagrebu, smjer Poslovna ekonomija, a zatim upisala i diplomirala logopediju na Edukacijsko-rehabilitacijskom fakultetu Sveu\u010dili\u0161ta u Zagrebu. Pri [&hellip;]<\/p>\n","protected":false},"author":3,"featured_media":0,"parent":360,"menu_order":0,"comment_status":"closed","ping_status":"closed","template":"","meta":{"footnotes":""},"tags":[],"class_list":["post-1047","page","type-page","status-publish","hentry"],"_links":{"self":[{"href":"https:\/\/usluge.ict-aac.hr\/udzbenik-pk\/index.php?rest_route=\/wp\/v2\/pages\/1047","targetHints":{"allow":["GET"]}}],"collection":[{"href":"https:\/\/usluge.ict-aac.hr\/udzbenik-pk\/index.php?rest_route=\/wp\/v2\/pages"}],"about":[{"href":"https:\/\/usluge.ict-aac.hr\/udzbenik-pk\/index.php?rest_route=\/wp\/v2\/types\/page"}],"author":[{"embeddable":true,"href":"https:\/\/usluge.ict-aac.hr\/udzbenik-pk\/index.php?rest_route=\/wp\/v2\/users\/3"}],"replies":[{"embeddable":true,"href":"https:\/\/usluge.ict-aac.hr\/udzbenik-pk\/index.php?rest_route=%2Fwp%2Fv2%2Fcomments&post=1047"}],"version-history":[{"count":4,"href":"https:\/\/usluge.ict-aac.hr\/udzbenik-pk\/index.php?rest_route=\/wp\/v2\/pages\/1047\/revisions"}],"predecessor-version":[{"id":1756,"href":"https:\/\/usluge.ict-aac.hr\/udzbenik-pk\/index.php?rest_route=\/wp\/v2\/pages\/1047\/revisions\/1756"}],"up":[{"embeddable":true,"href":"https:\/\/usluge.ict-aac.hr\/udzbenik-pk\/index.php?rest_route=\/wp\/v2\/pages\/360"}],"wp:attachment":[{"href":"https:\/\/usluge.ict-aac.hr\/udzbenik-pk\/index.php?rest_route=%2Fwp%2Fv2%2Fmedia&parent=1047"}],"wp:term":[{"taxonomy":"post_tag","embeddable":true,"href":"https:\/\/usluge.ict-aac.hr\/udzbenik-pk\/index.php?rest_route=%2Fwp%2Fv2%2Ftags&post=1047"}],"curies":[{"name":"wp","href":"https:\/\/api.w.org\/{rel}","templated":true}]}}