{"id":1045,"date":"2020-09-18T15:08:26","date_gmt":"2020-09-18T15:08:26","guid":{"rendered":"http:\/\/usluge.ict-aac.hr\/udzbenik-pk\/\/?page_id=1045"},"modified":"2021-04-30T16:47:14","modified_gmt":"2021-04-30T16:47:14","slug":"katarina-skorvaga","status":"publish","type":"page","link":"https:\/\/usluge.ict-aac.hr\/udzbenik-pk\/?page_id=1045","title":{"rendered":"Katarina \u0160korvaga"},"content":{"rendered":"\n<figure class=\"wp-block-image size-large is-resized\"><img loading=\"lazy\" decoding=\"async\" src=\"http:\/\/usluge.ict-aac.hr\/udzbenik-pk\/\/wp-content\/uploads\/2020\/09\/Katarina-S-1.png\" alt=\"\" class=\"wp-image-1156\" width=\"204\" height=\"232\"\/><\/figure>\n\n\n\n<p><strong>Katarina \u0160korvaga<\/strong>\u00a0ro\u0111ena je 1984. godine u Po\u017eegi. Godine 2009. zavr\u0161ila je studij na Edukacijsko-rehabilitacijskom fakultetu u Zagrebu, smjer Rehabilitacija. Radila je kao moderatorica na znanstvenim projektima pri Odsjeku za motori\u010dke poreme\u0107aje, kroni\u010dne\u00a0bolesti i art-terapije Edukacijsko-rehabilitacijskog fakulteta (2005.\u20132009. godine). Dugi niz godina bila je \u010dlanica Tima za potpomognutu komunikaciju koji je djelovao u Centru za odgoj i obrazovanje Dubrava (2012. \u20132019. godine). U sklopu spomenute ustanove tako\u0111er je pru\u017eala usluge senzorne integracije. Bila je zaposlena i u Srednjoj \u0161koli &#8211; COO Zagorska Zagreb, u Udruzi za autizam Zagreb, u Osnovnoj \u0161koli J. J. Strossmayera Zagreb, COO Dubrava, COO Goljak, Dje\u010djem vrti\u0107u Ko\u0161nica te u \u0160koli za monta\u017eu instalacija i metalnih konstrukcija. Sada djeluje kao stru\u010dni suradnik u Dje\u010djem vrti\u0107u Zapru\u0111e. Pri Akademiji za razvojnu rehabilitaciju zavr\u0161ila je Senzorno-integracijsku pedagogiju (2014.), a 2015. godine i edukaciju iz podru\u010dja psihoterapije te stekla zvanje logoterapeuta. Godine 2016. imenovana je vanjskom suradnicom Edukacijsko-rehabilitacijskog fakulteta Sveu\u010dili\u0161ta u Zagrebu. I nadalje je aktivna u pru\u017eanju opservacijsko-dijagnosti\u010dkih, terapijskih te edukacijsko-savjetodavnih usluga za korisnike, njihove obitelji i ostale dionike njihovih\u00a0\u017eivota, kao i stru\u010dnjake drugih ustanova te studente. U\u017ee podru\u010dje interesa su joj dijagnostika i podr\u0161ka korisnicima potpomognute komunikacije.<\/p>\n","protected":false},"excerpt":{"rendered":"<p>Katarina \u0160korvaga\u00a0ro\u0111ena je 1984. godine u Po\u017eegi. Godine 2009. zavr\u0161ila je studij na Edukacijsko-rehabilitacijskom fakultetu u Zagrebu, smjer Rehabilitacija. Radila je kao moderatorica na znanstvenim projektima pri Odsjeku za motori\u010dke poreme\u0107aje, kroni\u010dne\u00a0bolesti i art-terapije Edukacijsko-rehabilitacijskog fakulteta (2005.\u20132009. godine). Dugi niz [&hellip;]<\/p>\n","protected":false},"author":3,"featured_media":0,"parent":360,"menu_order":0,"comment_status":"closed","ping_status":"closed","template":"","meta":{"footnotes":""},"tags":[],"class_list":["post-1045","page","type-page","status-publish","hentry"],"_links":{"self":[{"href":"https:\/\/usluge.ict-aac.hr\/udzbenik-pk\/index.php?rest_route=\/wp\/v2\/pages\/1045","targetHints":{"allow":["GET"]}}],"collection":[{"href":"https:\/\/usluge.ict-aac.hr\/udzbenik-pk\/index.php?rest_route=\/wp\/v2\/pages"}],"about":[{"href":"https:\/\/usluge.ict-aac.hr\/udzbenik-pk\/index.php?rest_route=\/wp\/v2\/types\/page"}],"author":[{"embeddable":true,"href":"https:\/\/usluge.ict-aac.hr\/udzbenik-pk\/index.php?rest_route=\/wp\/v2\/users\/3"}],"replies":[{"embeddable":true,"href":"https:\/\/usluge.ict-aac.hr\/udzbenik-pk\/index.php?rest_route=%2Fwp%2Fv2%2Fcomments&post=1045"}],"version-history":[{"count":5,"href":"https:\/\/usluge.ict-aac.hr\/udzbenik-pk\/index.php?rest_route=\/wp\/v2\/pages\/1045\/revisions"}],"predecessor-version":[{"id":1763,"href":"https:\/\/usluge.ict-aac.hr\/udzbenik-pk\/index.php?rest_route=\/wp\/v2\/pages\/1045\/revisions\/1763"}],"up":[{"embeddable":true,"href":"https:\/\/usluge.ict-aac.hr\/udzbenik-pk\/index.php?rest_route=\/wp\/v2\/pages\/360"}],"wp:attachment":[{"href":"https:\/\/usluge.ict-aac.hr\/udzbenik-pk\/index.php?rest_route=%2Fwp%2Fv2%2Fmedia&parent=1045"}],"wp:term":[{"taxonomy":"post_tag","embeddable":true,"href":"https:\/\/usluge.ict-aac.hr\/udzbenik-pk\/index.php?rest_route=%2Fwp%2Fv2%2Ftags&post=1045"}],"curies":[{"name":"wp","href":"https:\/\/api.w.org\/{rel}","templated":true}]}}