{"id":1043,"date":"2020-09-18T15:07:50","date_gmt":"2020-09-18T15:07:50","guid":{"rendered":"http:\/\/usluge.ict-aac.hr\/udzbenik-pk\/\/?page_id=1043"},"modified":"2021-02-16T17:46:51","modified_gmt":"2021-02-16T17:46:51","slug":"sanja-simlesa","status":"publish","type":"page","link":"https:\/\/usluge.ict-aac.hr\/udzbenik-pk\/?page_id=1043","title":{"rendered":"Sanja \u0160imle\u0161a"},"content":{"rendered":"\n<figure class=\"wp-block-image size-large is-resized\"><img loading=\"lazy\" decoding=\"async\" src=\"http:\/\/usluge.ict-aac.hr\/udzbenik-pk\/\/wp-content\/uploads\/2020\/09\/Sanja-Sa.jpg\" alt=\"\" class=\"wp-image-1152\" width=\"201\" height=\"339\"\/><\/figure>\n\n\n\n<p><strong>Sanja \u0160imle\u0161a<\/strong> docentica je na Odsjeku za logopediju Edukacijsko-rehabilitacijskog fakulteta, gdje sudjeluje u izvo\u0111enju nastave u podru\u010dju dje\u010dje psihologije i statisti\u010dke obrade podataka na preddiplomskom, diplomskom i poslijediplomskom studiju. Diplomirala je psihologiju (2004. godine) i zavr\u0161ila poslijediplomski doktorski studij psihologije (2013. godine). Njezin cjelokupni znanstveni i stru\u010dni rad usmjeren je na rani kognitivni i komunikacijski razvoj djece tipi\u010dnog razvoja, kao i djece s razvojnim te\u0161ko\u0107ama. Znanstveno se usavr\u0161avala na Sveu\u010dili\u0161tima Yale, California i Washington (tijekom 2011., 2012. i 2018. godine). Godine 2013. stekla je licencu za znanstvenu primjenu instrumenta za procjenu poreme\u0107aja iz spektra autizma (ADOS-2) te je urednica hrvatskog izdanja navedenog instrumenta. Uklju\u010dena je u niz znanstvenih projekata, a valja istaknuti projekte Hrvatske zaklade za znanost, projekte Ministarstva znanosti i obrazovanja i ERASMUS+ projekte. Od 2017. godine voditeljica je Nastavno-klini\u010dkog centra, klini\u010dke i nastavne ustrojbene jedinice Edukacijsko-rehabilitacijskog fakulteta. Suautorica je 30 znanstvenih i stru\u010dnih radova objavljenih u me\u0111unarodnim i doma\u0107im \u010dasopisima. Bila je \u010dlanicom organizacijskih i programskih odbora ve\u0107eg broja stru\u010dnih i znanstvenih kongresa.<\/p>\n","protected":false},"excerpt":{"rendered":"<p>Sanja \u0160imle\u0161a docentica je na Odsjeku za logopediju Edukacijsko-rehabilitacijskog fakulteta, gdje sudjeluje u izvo\u0111enju nastave u podru\u010dju dje\u010dje psihologije i statisti\u010dke obrade podataka na preddiplomskom, diplomskom i poslijediplomskom studiju. Diplomirala je psihologiju (2004. godine) i zavr\u0161ila poslijediplomski doktorski studij psihologije [&hellip;]<\/p>\n","protected":false},"author":3,"featured_media":0,"parent":360,"menu_order":0,"comment_status":"closed","ping_status":"closed","template":"","meta":{"footnotes":""},"tags":[],"class_list":["post-1043","page","type-page","status-publish","hentry"],"_links":{"self":[{"href":"https:\/\/usluge.ict-aac.hr\/udzbenik-pk\/index.php?rest_route=\/wp\/v2\/pages\/1043","targetHints":{"allow":["GET"]}}],"collection":[{"href":"https:\/\/usluge.ict-aac.hr\/udzbenik-pk\/index.php?rest_route=\/wp\/v2\/pages"}],"about":[{"href":"https:\/\/usluge.ict-aac.hr\/udzbenik-pk\/index.php?rest_route=\/wp\/v2\/types\/page"}],"author":[{"embeddable":true,"href":"https:\/\/usluge.ict-aac.hr\/udzbenik-pk\/index.php?rest_route=\/wp\/v2\/users\/3"}],"replies":[{"embeddable":true,"href":"https:\/\/usluge.ict-aac.hr\/udzbenik-pk\/index.php?rest_route=%2Fwp%2Fv2%2Fcomments&post=1043"}],"version-history":[{"count":3,"href":"https:\/\/usluge.ict-aac.hr\/udzbenik-pk\/index.php?rest_route=\/wp\/v2\/pages\/1043\/revisions"}],"predecessor-version":[{"id":1640,"href":"https:\/\/usluge.ict-aac.hr\/udzbenik-pk\/index.php?rest_route=\/wp\/v2\/pages\/1043\/revisions\/1640"}],"up":[{"embeddable":true,"href":"https:\/\/usluge.ict-aac.hr\/udzbenik-pk\/index.php?rest_route=\/wp\/v2\/pages\/360"}],"wp:attachment":[{"href":"https:\/\/usluge.ict-aac.hr\/udzbenik-pk\/index.php?rest_route=%2Fwp%2Fv2%2Fmedia&parent=1043"}],"wp:term":[{"taxonomy":"post_tag","embeddable":true,"href":"https:\/\/usluge.ict-aac.hr\/udzbenik-pk\/index.php?rest_route=%2Fwp%2Fv2%2Ftags&post=1043"}],"curies":[{"name":"wp","href":"https:\/\/api.w.org\/{rel}","templated":true}]}}