{"id":1041,"date":"2020-09-18T15:07:17","date_gmt":"2020-09-18T15:07:17","guid":{"rendered":"http:\/\/usluge.ict-aac.hr\/udzbenik-pk\/\/?page_id=1041"},"modified":"2021-02-16T17:45:31","modified_gmt":"2021-02-16T17:45:31","slug":"monika-rosandic-grgic","status":"publish","type":"page","link":"https:\/\/usluge.ict-aac.hr\/udzbenik-pk\/?page_id=1041","title":{"rendered":"Monika Rosandi\u0107 Grgi\u0107"},"content":{"rendered":"\n<figure class=\"wp-block-image size-large is-resized\"><img loading=\"lazy\" decoding=\"async\" src=\"http:\/\/usluge.ict-aac.hr\/udzbenik-pk\/\/wp-content\/uploads\/2020\/09\/Monika-R..jpg\" alt=\"\" class=\"wp-image-1149\" width=\"204\" height=\"271\"\/><\/figure>\n\n\n\n<p><strong>Monika Rosandi\u0107 Grgi\u0107<\/strong> ro\u0111ena je 1987. godine u Slavonskom Brodu. Diplomirala je kroatistiku i fonetiku na Filozofskom fakultetu te logopediju na Edukacijsko-rehabilitacijskom fakultetu u Zagrebu. Od 2017. godine poha\u0111a Poslijediplomski doktorski studij Poreme\u0107aji jezika, govora i slu\u0161anja. Njezini stru\u010dni i istra\u017eiva\u010dki interesi obuhva\u0107aju podru\u010dje ranog komunikacijskog i jezi\u010dnog razvoja te potpomognute komunikacije. Trenuta\u010dno je zaposlena kao stru\u010dna suradnica u Nastavno-klini\u010dkom centru ERF-a na programu usmjerenom na pru\u017eanje podr\u0161ke obiteljima i djeci s poreme\u0107ajem iz spektra autizma rane dobi. Sudjeluje u izvo\u0111enju vje\u017ebi i seminara za studente diplomskog studija logopedije u sklopu kolegija Poreme\u0107aji socijalne komunikacije te Potpomognuta komunikacija. Suautorica je dvaju znanstvenih radova.<\/p>\n","protected":false},"excerpt":{"rendered":"<p>Monika Rosandi\u0107 Grgi\u0107 ro\u0111ena je 1987. godine u Slavonskom Brodu. Diplomirala je kroatistiku i fonetiku na Filozofskom fakultetu te logopediju na Edukacijsko-rehabilitacijskom fakultetu u Zagrebu. Od 2017. godine poha\u0111a Poslijediplomski doktorski studij Poreme\u0107aji jezika, govora i slu\u0161anja. Njezini stru\u010dni i [&hellip;]<\/p>\n","protected":false},"author":3,"featured_media":0,"parent":360,"menu_order":0,"comment_status":"closed","ping_status":"closed","template":"","meta":{"footnotes":""},"tags":[],"class_list":["post-1041","page","type-page","status-publish","hentry"],"_links":{"self":[{"href":"https:\/\/usluge.ict-aac.hr\/udzbenik-pk\/index.php?rest_route=\/wp\/v2\/pages\/1041","targetHints":{"allow":["GET"]}}],"collection":[{"href":"https:\/\/usluge.ict-aac.hr\/udzbenik-pk\/index.php?rest_route=\/wp\/v2\/pages"}],"about":[{"href":"https:\/\/usluge.ict-aac.hr\/udzbenik-pk\/index.php?rest_route=\/wp\/v2\/types\/page"}],"author":[{"embeddable":true,"href":"https:\/\/usluge.ict-aac.hr\/udzbenik-pk\/index.php?rest_route=\/wp\/v2\/users\/3"}],"replies":[{"embeddable":true,"href":"https:\/\/usluge.ict-aac.hr\/udzbenik-pk\/index.php?rest_route=%2Fwp%2Fv2%2Fcomments&post=1041"}],"version-history":[{"count":5,"href":"https:\/\/usluge.ict-aac.hr\/udzbenik-pk\/index.php?rest_route=\/wp\/v2\/pages\/1041\/revisions"}],"predecessor-version":[{"id":1639,"href":"https:\/\/usluge.ict-aac.hr\/udzbenik-pk\/index.php?rest_route=\/wp\/v2\/pages\/1041\/revisions\/1639"}],"up":[{"embeddable":true,"href":"https:\/\/usluge.ict-aac.hr\/udzbenik-pk\/index.php?rest_route=\/wp\/v2\/pages\/360"}],"wp:attachment":[{"href":"https:\/\/usluge.ict-aac.hr\/udzbenik-pk\/index.php?rest_route=%2Fwp%2Fv2%2Fmedia&parent=1041"}],"wp:term":[{"taxonomy":"post_tag","embeddable":true,"href":"https:\/\/usluge.ict-aac.hr\/udzbenik-pk\/index.php?rest_route=%2Fwp%2Fv2%2Ftags&post=1041"}],"curies":[{"name":"wp","href":"https:\/\/api.w.org\/{rel}","templated":true}]}}