{"id":1039,"date":"2020-09-18T15:06:27","date_gmt":"2020-09-18T15:06:27","guid":{"rendered":"http:\/\/usluge.ict-aac.hr\/udzbenik-pk\/\/?page_id=1039"},"modified":"2020-09-21T09:20:49","modified_gmt":"2020-09-21T09:20:49","slug":"ines-rodic-marusic","status":"publish","type":"page","link":"https:\/\/usluge.ict-aac.hr\/udzbenik-pk\/?page_id=1039","title":{"rendered":"Ines Rodi\u0107 Maru\u0161i\u0107"},"content":{"rendered":"\n<figure class=\"wp-block-image size-large is-resized\"><img loading=\"lazy\" decoding=\"async\" src=\"http:\/\/usluge.ict-aac.hr\/udzbenik-pk\/\/wp-content\/uploads\/2020\/09\/Ines-RMaaa.jpg\" alt=\"\" class=\"wp-image-1215\" width=\"201\" height=\"210\"\/><\/figure>\n\n\n\n<p><strong>Ines Rodi\u0107 Maru\u0161i\u0107<\/strong> ro\u0111ena je 1995. godine u Zagrebu. Diplomski studij logopedije zavr\u0161ila je 2018. godine s diplomskim radom <em>Mogu\u0107nosti poticanja jezi\u010dne proizvodnje zasnovane na informacijsko-komunikacijskoj tehnologiji<\/em>. U sklopu istra\u017eivanja za diplomski rad osmi\u0161ljena je i razvijena ICT-AAC aplikacija <em>Jezi\u010dna gradilica<\/em> kao prva ICT-AAC aplikacija koja poti\u010de morfolo\u0161ki razvoj djece pred\u0161kolske dobi. Nakon zavr\u0161etka studija nastavlja sudjelovati na ICT-AAC projektima s ciljem razvoja razli\u010ditih aplikacija za djecu s te\u0161ko\u0107ama u podru\u010dju komunikacije, jezika i govora.<\/p>\n","protected":false},"excerpt":{"rendered":"<p>Ines Rodi\u0107 Maru\u0161i\u0107 ro\u0111ena je 1995. godine u Zagrebu. Diplomski studij logopedije zavr\u0161ila je 2018. godine s diplomskim radom Mogu\u0107nosti poticanja jezi\u010dne proizvodnje zasnovane na informacijsko-komunikacijskoj tehnologiji. U sklopu istra\u017eivanja za diplomski rad osmi\u0161ljena je i razvijena ICT-AAC aplikacija Jezi\u010dna [&hellip;]<\/p>\n","protected":false},"author":3,"featured_media":0,"parent":360,"menu_order":0,"comment_status":"closed","ping_status":"closed","template":"","meta":{"footnotes":""},"tags":[],"class_list":["post-1039","page","type-page","status-publish","hentry"],"_links":{"self":[{"href":"https:\/\/usluge.ict-aac.hr\/udzbenik-pk\/index.php?rest_route=\/wp\/v2\/pages\/1039","targetHints":{"allow":["GET"]}}],"collection":[{"href":"https:\/\/usluge.ict-aac.hr\/udzbenik-pk\/index.php?rest_route=\/wp\/v2\/pages"}],"about":[{"href":"https:\/\/usluge.ict-aac.hr\/udzbenik-pk\/index.php?rest_route=\/wp\/v2\/types\/page"}],"author":[{"embeddable":true,"href":"https:\/\/usluge.ict-aac.hr\/udzbenik-pk\/index.php?rest_route=\/wp\/v2\/users\/3"}],"replies":[{"embeddable":true,"href":"https:\/\/usluge.ict-aac.hr\/udzbenik-pk\/index.php?rest_route=%2Fwp%2Fv2%2Fcomments&post=1039"}],"version-history":[{"count":2,"href":"https:\/\/usluge.ict-aac.hr\/udzbenik-pk\/index.php?rest_route=\/wp\/v2\/pages\/1039\/revisions"}],"predecessor-version":[{"id":1216,"href":"https:\/\/usluge.ict-aac.hr\/udzbenik-pk\/index.php?rest_route=\/wp\/v2\/pages\/1039\/revisions\/1216"}],"up":[{"embeddable":true,"href":"https:\/\/usluge.ict-aac.hr\/udzbenik-pk\/index.php?rest_route=\/wp\/v2\/pages\/360"}],"wp:attachment":[{"href":"https:\/\/usluge.ict-aac.hr\/udzbenik-pk\/index.php?rest_route=%2Fwp%2Fv2%2Fmedia&parent=1039"}],"wp:term":[{"taxonomy":"post_tag","embeddable":true,"href":"https:\/\/usluge.ict-aac.hr\/udzbenik-pk\/index.php?rest_route=%2Fwp%2Fv2%2Ftags&post=1039"}],"curies":[{"name":"wp","href":"https:\/\/api.w.org\/{rel}","templated":true}]}}